{"id":11345,"date":"2017-11-07T14:56:36","date_gmt":"2017-11-07T13:56:36","guid":{"rendered":"http:\/\/klubmamgdynia.pl\/index.php\/produkt\/11345\/"},"modified":"2026-04-14T18:34:45","modified_gmt":"2026-04-14T16:34:45","slug":"11345","status":"publish","type":"product","link":"http:\/\/klubmamgdynia.pl\/index.php\/produkt\/11345\/","title":{"rendered":""},"content":{"rendered":"<h2> <\/h2>\n<p>atrakcje dla dzieci krak\u00f3w, test miko\u0142ajek 25 pyta\u0144, m\u0105dre cytaty dla dzieci, spiderman do druku, wyci\u0119cia szablon korony do druku, dzie\u0144 \u015bw patryka symbole do druku, cytat na dzie\u0144 matki<\/p>\n<p>yyyyy<\/p>\n<p>&nbsp;<\/p>\n","protected":false},"excerpt":{"rendered":"<p>atrakcje dla dzieci krak\u00f3w, test miko\u0142ajek 25 pyta\u0144, m\u0105dre cytaty dla dzieci, spiderman do druku, wyci\u0119cia szablon korony do druku, dzie\u0144 \u015bw patryka symbole do druku, cytat na dzie\u0144 matki yyyyy &nbsp;<\/p>\n","protected":false},"featured_media":0,"comment_status":"closed","ping_status":"open","template":"","meta":[],"product_cat":[],"product_tag":[676,684,602,840,672],"class_list":["post-11345","product","type-product","status-publish","hentry","product_tag-bursztynek","product_tag-prezent-dla-dziewczynki-na-roczek","product_tag-quiz-o-zwierzetach-domowych","product_tag-stare-bajki","product_tag-trudne-zagadki-z-odpowiedziami"],"_links":{"self":[{"href":"http:\/\/klubmamgdynia.pl\/index.php\/wp-json\/wp\/v2\/product\/11345","targetHints":{"allow":["GET"]}}],"collection":[{"href":"http:\/\/klubmamgdynia.pl\/index.php\/wp-json\/wp\/v2\/product"}],"about":[{"href":"http:\/\/klubmamgdynia.pl\/index.php\/wp-json\/wp\/v2\/types\/product"}],"replies":[{"embeddable":true,"href":"http:\/\/klubmamgdynia.pl\/index.php\/wp-json\/wp\/v2\/comments?post=11345"}],"wp:attachment":[{"href":"http:\/\/klubmamgdynia.pl\/index.php\/wp-json\/wp\/v2\/media?parent=11345"}],"wp:term":[{"taxonomy":"product_cat","embeddable":true,"href":"http:\/\/klubmamgdynia.pl\/index.php\/wp-json\/wp\/v2\/product_cat?post=11345"},{"taxonomy":"product_tag","embeddable":true,"href":"http:\/\/klubmamgdynia.pl\/index.php\/wp-json\/wp\/v2\/product_tag?post=11345"}],"curies":[{"name":"wp","href":"https:\/\/api.w.org\/{rel}","templated":true}]}}