{"id":11346,"date":"2013-08-30T13:41:20","date_gmt":"2013-08-30T11:41:20","guid":{"rendered":"http:\/\/klubmamgdynia.pl\/index.php\/produkt\/11346\/"},"modified":"2026-05-17T23:15:26","modified_gmt":"2026-05-17T21:15:26","slug":"11346","status":"publish","type":"product","link":"http:\/\/klubmamgdynia.pl\/index.php\/produkt\/11346\/","title":{"rendered":""},"content":{"rendered":"<h2> <\/h2>\n<p>mi\u015b z filmu animowanego, zagadki dla przedszkolak\u00f3w, trudne zagadki logiczne, \u015bmieszne zagadki matematyczne, co kupic dziewczynce na roczek, prezenty dla 16 latki, alan imie, quizy dla przedszkolak\u00f3w, star wars kolorowanka, imie gaja, kolorowanki konie z je\u017ad\u017acem, wydarzenia dla dzieci warszawa, szlaczki, laurka dla babci, zak\u0142adka do ksi\u0105\u017cki szablon, zagadki na logik\u0119<\/p>\n<p>yyyyy<\/p>\n<p>&nbsp;<\/p>\n","protected":false},"excerpt":{"rendered":"<p>mi\u015b z filmu animowanego, zagadki dla przedszkolak\u00f3w, trudne zagadki logiczne, \u015bmieszne zagadki matematyczne, co kupic dziewczynce na roczek, prezenty dla 16 latki, alan imie, quizy dla przedszkolak\u00f3w, star wars kolorowanka, imie gaja, kolorowanki konie z je\u017ad\u017acem, wydarzenia dla dzieci warszawa, szlaczki, laurka dla babci, zak\u0142adka do ksi\u0105\u017cki szablon, zagadki na logik\u0119 yyyyy &nbsp;<\/p>\n","protected":false},"featured_media":0,"comment_status":"closed","ping_status":"open","template":"","meta":[],"product_cat":[],"product_tag":[839,763,810],"class_list":["post-11346","product","type-product","status-publish","hentry","product_tag-bajki-na-dobranoc-do-czytania","product_tag-fabian","product_tag-nauka-zegara-do-druku"],"_links":{"self":[{"href":"http:\/\/klubmamgdynia.pl\/index.php\/wp-json\/wp\/v2\/product\/11346","targetHints":{"allow":["GET"]}}],"collection":[{"href":"http:\/\/klubmamgdynia.pl\/index.php\/wp-json\/wp\/v2\/product"}],"about":[{"href":"http:\/\/klubmamgdynia.pl\/index.php\/wp-json\/wp\/v2\/types\/product"}],"replies":[{"embeddable":true,"href":"http:\/\/klubmamgdynia.pl\/index.php\/wp-json\/wp\/v2\/comments?post=11346"}],"wp:attachment":[{"href":"http:\/\/klubmamgdynia.pl\/index.php\/wp-json\/wp\/v2\/media?parent=11346"}],"wp:term":[{"taxonomy":"product_cat","embeddable":true,"href":"http:\/\/klubmamgdynia.pl\/index.php\/wp-json\/wp\/v2\/product_cat?post=11346"},{"taxonomy":"product_tag","embeddable":true,"href":"http:\/\/klubmamgdynia.pl\/index.php\/wp-json\/wp\/v2\/product_tag?post=11346"}],"curies":[{"name":"wp","href":"https:\/\/api.w.org\/{rel}","templated":true}]}}