{"id":11350,"date":"2023-04-11T10:34:36","date_gmt":"2023-04-11T08:34:36","guid":{"rendered":"http:\/\/klubmamgdynia.pl\/?post_type=product&#038;p=11350"},"modified":"2026-04-29T19:53:48","modified_gmt":"2026-04-29T17:53:48","slug":"delux-2-4g-czarna","status":"publish","type":"product","link":"http:\/\/klubmamgdynia.pl\/index.php\/produkt\/delux-2-4g-czarna\/","title":{"rendered":"Delux 2.4G (Czarna)"},"content":{"rendered":"<p>Mysz bezprzewodowa Delux 2.4G M519GD czarnaSzukasz myszy komputerowej, kt\u00f3ra wspomo\u017ce Ci\u0119 w codziennej pracy? Delux 2.4G M519GD stawia na po\u0142\u0105czenie niezawodno\u015bci oraz wygody u\u017cytkowania. Jej ergonomiczny design pozwala na d\u0142ug\u0105 prac\u0119 bez odczuwania zm\u0119czenia czy dyskomfortu, a stabilne, niezawodne po\u0142\u0105czenie w pa\u015bmie 2.4G pozwoli Ci zapomnie\u0107 o zak\u0142\u00f3ceniach i b\u0142\u0119dach w rejestracji ruch\u00f3w. Precyzja i niezawodno\u015b\u0107Mysz wychodzi naprzeciw oczekiwaniom u\u017cytkownik\u00f3w, by jak najskuteczniej spe\u0142ni\u0107 potrzeby codziennej pracy z komputerem. Mo\u017cesz zmienia\u0107 parametr DPI wedle uznania (800 \/ 1200 \/ 1600), by dostosowa\u0107 prac\u0119 urz\u0105dzenia do swoich wymaga\u0144. Zastosowane rozwi\u0105zania pozwalaj\u0105 na precyzyjne, bezawaryjne dzia\u0142anie. Bez kompromis\u00f3w! Ergonomiczny designChcesz wyposa\u017cy\u0107 si\u0119 w narz\u0119dzie pracy, kt\u00f3re wspiera Twoje zdrowie i pozwoli Ci operowa\u0107 kursorem bez odczuwalnego dyskomfortu nawet podczas d\u0142ugich sesji? Nic prostszego! M519GD posiada specjalny, ergonomiczny design, kt\u00f3ry zadba o Tw\u00f3j nadgarstek i zagwarantuje jego stabiln\u0105 pozycj\u0119. Pozw\u00f3l sobie pom\u00f3c! Stabilne po\u0142\u0105czeniePo\u017cegnaj ograniczon\u0105 swobod\u0119 ruch\u00f3w z rozwi\u0105zaniami bezprzewodowymi! Urz\u0105dzenie \u0142\u0105czy si\u0119 z komputerem za pomoc\u0105 stabilnego \u0142\u0105cza 2.4G, dzi\u0119ki czemu zapewnia nieprzerwan\u0105, p\u0142ynn\u0105 transmisj\u0119 podczas korzystania. Pobiera energi\u0119 z pojedynczej baterii AA. Wybierz po\u0142\u0105czenie funkcjonalno\u015bci z prawdziwym komfortem u\u017cytkowania, bez kompromis\u00f3w! Specyfikacja ProducentDeluxModelM519GDTypOptycznaLiczba przycisk\u00f3w6DPI800 \/ 1200 \/ 1600Kompatybilno\u015b\u0107Windows 7\/8\/10KolorCzarnyPo\u0142\u0105czenie2.4G (adapter USB)Zasilanie1 x bateria AA<\/p>\n<h2>Delux 2.4G (Czarna) Delux<\/h2>\n<p>zagadki dla dzieci 9-10 lat z odpowiedziami, opowiadanie o jesieni dla dzieci, \u0142atwe laurki, basen warszawa, pierwsze urodziny prezent na roczek dla dziewczynki, atrakcje dla dzieci we wroc\u0142awiu, zagadki wielkanocne do druku, wielkanocne zagadki, niech \u017cyj\u0105 wakacje tekst, gry i zabawy ruchowe, dla dzieci warszawa<\/p>\n<p>yyyyy<\/p>\n<p>&nbsp;<\/p>\n","protected":false},"excerpt":{"rendered":"<p>Mysz bezprzewodowa Delux 2.4G M519GD czarnaSzukasz myszy komputerowej, kt\u00f3ra wspomo\u017ce Ci\u0119 w codziennej pracy? Delux 2.4G M519GD stawia na po\u0142\u0105czenie niezawodno\u015bci oraz wygody u\u017cytkowania. Jej ergonomiczny design pozwala na d\u0142ug\u0105 prac\u0119 bez odczuwania zm\u0119czenia czy dyskomfortu, a stabilne, niezawodne po\u0142\u0105czenie w pa\u015bmie 2.4G pozwoli Ci zapomnie\u0107 o zak\u0142\u00f3ceniach i b\u0142\u0119dach w rejestracji ruch\u00f3w. Precyzja i [&hellip;]<\/p>\n","protected":false},"featured_media":11351,"comment_status":"closed","ping_status":"open","template":"","meta":[],"product_cat":[1999,1943],"product_tag":[745,692,693,698],"class_list":["post-11350","product","type-product","status-publish","has-post-thumbnail","hentry","product_cat-delux","product_cat-myszy-i-trackballe","product_tag-prezent-dla-15-latki","product_tag-prezenty-na-roczek","product_tag-zagadki-dla-doroslych","product_tag-zagadki-dla-przedszkolakow"],"_links":{"self":[{"href":"http:\/\/klubmamgdynia.pl\/index.php\/wp-json\/wp\/v2\/product\/11350","targetHints":{"allow":["GET"]}}],"collection":[{"href":"http:\/\/klubmamgdynia.pl\/index.php\/wp-json\/wp\/v2\/product"}],"about":[{"href":"http:\/\/klubmamgdynia.pl\/index.php\/wp-json\/wp\/v2\/types\/product"}],"replies":[{"embeddable":true,"href":"http:\/\/klubmamgdynia.pl\/index.php\/wp-json\/wp\/v2\/comments?post=11350"}],"wp:featuredmedia":[{"embeddable":true,"href":"http:\/\/klubmamgdynia.pl\/index.php\/wp-json\/wp\/v2\/media\/11351"}],"wp:attachment":[{"href":"http:\/\/klubmamgdynia.pl\/index.php\/wp-json\/wp\/v2\/media?parent=11350"}],"wp:term":[{"taxonomy":"product_cat","embeddable":true,"href":"http:\/\/klubmamgdynia.pl\/index.php\/wp-json\/wp\/v2\/product_cat?post=11350"},{"taxonomy":"product_tag","embeddable":true,"href":"http:\/\/klubmamgdynia.pl\/index.php\/wp-json\/wp\/v2\/product_tag?post=11350"}],"curies":[{"name":"wp","href":"https:\/\/api.w.org\/{rel}","templated":true}]}}