{"id":11352,"date":"2011-03-22T04:56:27","date_gmt":"2011-03-22T03:56:27","guid":{"rendered":"http:\/\/klubmamgdynia.pl\/index.php\/produkt\/hh-poland-auto-ciezarowe-laweta-na-baterie\/"},"modified":"2026-04-08T23:02:57","modified_gmt":"2026-04-08T21:02:57","slug":"hh-poland-auto-ciezarowe-laweta-na-baterie","status":"publish","type":"product","link":"http:\/\/klubmamgdynia.pl\/index.php\/produkt\/hh-poland-auto-ciezarowe-laweta-na-baterie\/","title":{"rendered":"Hh Poland Auto Ci\u0119\u017carowe Laweta Na Baterie"},"content":{"rendered":"<p>SUPER CENA &#8211; TANIA DOSTAWA ! &#8211; hh poland Auto ci\u0119\u017carowe Laweta na baterie &#8211; PACZKOMAT, POCZTA, KURIER<\/p>\n<h2>Hh Poland Auto Ci\u0119\u017carowe Laweta Na Baterie HH Poland<\/h2>\n<p>pieski, malowanki do wydruku, stare piosenki, kolorowanki do druku dla ch\u0142opc\u00f3w<\/p>\n<p>yyyyy<\/p>\n<p>&nbsp;<\/p>\n","protected":false},"excerpt":{"rendered":"<p>SUPER CENA &#8211; TANIA DOSTAWA ! &#8211; hh poland Auto ci\u0119\u017carowe Laweta na baterie &#8211; PACZKOMAT, POCZTA, KURIER Hh Poland Auto Ci\u0119\u017carowe Laweta Na Baterie HH Poland pieski, malowanki do wydruku, stare piosenki, kolorowanki do druku dla ch\u0142opc\u00f3w yyyyy &nbsp;<\/p>\n","protected":false},"featured_media":11353,"comment_status":"closed","ping_status":"open","template":"","meta":[],"product_cat":[83,290],"product_tag":[776,690,704,846,607],"class_list":["post-11352","product","type-product","status-publish","has-post-thumbnail","hentry","product_cat-auta-i-inne-pojazdy-do-zabawy","product_cat-hh-poland","product_tag-dobrej-nocy","product_tag-pieski-male-dwa-tekst","product_tag-prezent-dla-nastolatka","product_tag-rysowanki","product_tag-zarty-na-prima-aprilis-dla-rodzicow"],"_links":{"self":[{"href":"http:\/\/klubmamgdynia.pl\/index.php\/wp-json\/wp\/v2\/product\/11352","targetHints":{"allow":["GET"]}}],"collection":[{"href":"http:\/\/klubmamgdynia.pl\/index.php\/wp-json\/wp\/v2\/product"}],"about":[{"href":"http:\/\/klubmamgdynia.pl\/index.php\/wp-json\/wp\/v2\/types\/product"}],"replies":[{"embeddable":true,"href":"http:\/\/klubmamgdynia.pl\/index.php\/wp-json\/wp\/v2\/comments?post=11352"}],"wp:featuredmedia":[{"embeddable":true,"href":"http:\/\/klubmamgdynia.pl\/index.php\/wp-json\/wp\/v2\/media\/11353"}],"wp:attachment":[{"href":"http:\/\/klubmamgdynia.pl\/index.php\/wp-json\/wp\/v2\/media?parent=11352"}],"wp:term":[{"taxonomy":"product_cat","embeddable":true,"href":"http:\/\/klubmamgdynia.pl\/index.php\/wp-json\/wp\/v2\/product_cat?post=11352"},{"taxonomy":"product_tag","embeddable":true,"href":"http:\/\/klubmamgdynia.pl\/index.php\/wp-json\/wp\/v2\/product_tag?post=11352"}],"curies":[{"name":"wp","href":"https:\/\/api.w.org\/{rel}","templated":true}]}}