{"id":11354,"date":"2011-05-25T17:40:43","date_gmt":"2011-05-25T15:40:43","guid":{"rendered":"http:\/\/klubmamgdynia.pl\/index.php\/produkt\/asus-rog-sheath-electro-punk-gaming-mouse-pad-90mp01z0bpua00\/"},"modified":"2026-05-17T22:04:26","modified_gmt":"2026-05-17T20:04:26","slug":"asus-rog-sheath-electro-punk-gaming-mouse-pad-90mp01z0bpua00","status":"publish","type":"product","link":"http:\/\/klubmamgdynia.pl\/index.php\/produkt\/asus-rog-sheath-electro-punk-gaming-mouse-pad-90mp01z0bpua00\/","title":{"rendered":"Asus Rog Sheath Electro Punk, Gaming Mouse Pad (90MP01Z0BPUA00)"},"content":{"rendered":"<p>SUPER CENA &#8211; DARMOWA DOSTAWA ! &#8211; ASUS ROG Sheath Electro Punk, gaming mouse pad &#8211; PACZKOMAT, POCZTA, KURIER<\/p>\n<h2>Asus Rog Sheath Electro Punk, Gaming Mouse Pad (90MP01Z0BPUA00) ASUS<\/h2>\n<p>kotki dwa tekst, pytania logiczne, quiz psi patrol, ozdoby wielkanocne kt\u00f3re mog\u0105 zrobi\u0107 dzieci<\/p>\n<p>yyyyy<\/p>\n<p>&nbsp;<\/p>\n","protected":false},"excerpt":{"rendered":"<p>SUPER CENA &#8211; DARMOWA DOSTAWA ! &#8211; ASUS ROG Sheath Electro Punk, gaming mouse pad &#8211; PACZKOMAT, POCZTA, KURIER Asus Rog Sheath Electro Punk, Gaming Mouse Pad (90MP01Z0BPUA00) ASUS kotki dwa tekst, pytania logiczne, quiz psi patrol, ozdoby wielkanocne kt\u00f3re mog\u0105 zrobi\u0107 dzieci yyyyy &nbsp;<\/p>\n","protected":false},"featured_media":11355,"comment_status":"closed","ping_status":"open","template":"","meta":[],"product_cat":[2000,1265],"product_tag":[777,583,596,714],"class_list":["post-11354","product","type-product","status-publish","has-post-thumbnail","hentry","product_cat-asus","product_cat-podkladki-pod-myszki-i-klawiatury","product_tag-co-na-roczek","product_tag-kolysanki-dla-dzieci-tekst","product_tag-pomysly-na-prima-aprilis","product_tag-zagadki-logiczne"],"_links":{"self":[{"href":"http:\/\/klubmamgdynia.pl\/index.php\/wp-json\/wp\/v2\/product\/11354","targetHints":{"allow":["GET"]}}],"collection":[{"href":"http:\/\/klubmamgdynia.pl\/index.php\/wp-json\/wp\/v2\/product"}],"about":[{"href":"http:\/\/klubmamgdynia.pl\/index.php\/wp-json\/wp\/v2\/types\/product"}],"replies":[{"embeddable":true,"href":"http:\/\/klubmamgdynia.pl\/index.php\/wp-json\/wp\/v2\/comments?post=11354"}],"wp:featuredmedia":[{"embeddable":true,"href":"http:\/\/klubmamgdynia.pl\/index.php\/wp-json\/wp\/v2\/media\/11355"}],"wp:attachment":[{"href":"http:\/\/klubmamgdynia.pl\/index.php\/wp-json\/wp\/v2\/media?parent=11354"}],"wp:term":[{"taxonomy":"product_cat","embeddable":true,"href":"http:\/\/klubmamgdynia.pl\/index.php\/wp-json\/wp\/v2\/product_cat?post=11354"},{"taxonomy":"product_tag","embeddable":true,"href":"http:\/\/klubmamgdynia.pl\/index.php\/wp-json\/wp\/v2\/product_tag?post=11354"}],"curies":[{"name":"wp","href":"https:\/\/api.w.org\/{rel}","templated":true}]}}