{"id":11356,"date":"2024-02-13T15:21:20","date_gmt":"2024-02-13T14:21:20","guid":{"rendered":"http:\/\/klubmamgdynia.pl\/?post_type=product&#038;p=11356"},"modified":"2026-05-17T22:39:11","modified_gmt":"2026-05-17T20:39:11","slug":"carrera-carrera1128-pjp-l-56-niebieskie-carrera1128pjp","status":"publish","type":"product","link":"http:\/\/klubmamgdynia.pl\/index.php\/produkt\/carrera-carrera1128-pjp-l-56-niebieskie-carrera1128pjp\/","title":{"rendered":"Carrera CARRERA1128 PJP L (56) Niebieskie (CARRERA1128PJP)"},"content":{"rendered":"<p>Carrera Historia Carrery rozpocz\u0119\u0142a si\u0119 w 1956 roku, kiedy Wilhelm Anger zdecydowa\u0142 si\u0119 nazwa\u0107 swoj\u0105 firm\u0119 produkuj\u0105c\u0105 sportowe gogle na cze\u015b\u0107 najd\u0142u\u017cszego, najszybszego i najbardziej niebezpiecznego wy\u015bcigu na \u015bwiecie \u2013 Carrera Panamericana. Dzisiaj, przy wykorzystaniu najnowszej technologii, Carrera perfekcyjnie \u0142\u0105czy w sobie miejski styl ze swoim sportowym dziedzictwem. Dla kogo? Okulary korekcyjne Carrera CARRERA1128 PJP s\u0105 cz\u0119\u015bci\u0105 najnowszej kolekcji marki Carrera, kt\u00f3ra zosta\u0142a starannie przygotowana dla m\u0119\u017cczyzn. Elegancki model z pe\u0142nymi oprawkami odzwierciedla najnowsze trendy w\u015br\u00f3d okular\u00f3w wsp\u00f3\u0142czesnych projektant\u00f3w, a jego prostok\u0105tny kszta\u0142t sprawia, \u017ce Carrera CARRERA1128 stanowi idealny wyb\u00f3r szczeg\u00f3lnie dla okr\u0105g\u0142ej lub kwadratowej twarzy. Materia\u0142y Materia\u0142 u\u017cyty do wytworzenia oprawek to wysokiej jako\u015bci wstrzykiwany octan celulozy. W por\u00f3wnaniu do tworzywa sztucznego, octan celulozy jest l\u017cejszy, bardziej elastyczny i 100% hipoalergiczny. Darmowa dostawa Kup okulary Carrera CARRERA1128 PJP na eyerim ju\u017c teraz i skorzystaj z bezp\u0142atnej dostawy w oryginalnym opakowaniu ochronnym bezpo\u015brednio pod Twoje drzwi.<\/p>\n<h2>Carrera CARRERA1128 PJP L (56) Niebieskie (CARRERA1128PJP) Carrera<\/h2>\n<p>ilona, kr\u00f3tkie zagadki logiczne, prezent dla nastolatek, kr\u00f3tkie czytanki dla dzieci do wydruku, w\u0142ochy, miasto dzieci krak\u00f3w, kolorowanki wakacje, karty matematyczne tabliczka mno\u017cenia do wydruku, bajki o ksi\u0119\u017cniczkach do czytania, zabawka na roczek dla ch\u0142opca<\/p>\n<p>yyyyy<\/p>\n<p>&nbsp;<\/p>\n","protected":false},"excerpt":{"rendered":"<p>Carrera Historia Carrery rozpocz\u0119\u0142a si\u0119 w 1956 roku, kiedy Wilhelm Anger zdecydowa\u0142 si\u0119 nazwa\u0107 swoj\u0105 firm\u0119 produkuj\u0105c\u0105 sportowe gogle na cze\u015b\u0107 najd\u0142u\u017cszego, najszybszego i najbardziej niebezpiecznego wy\u015bcigu na \u015bwiecie \u2013 Carrera Panamericana. Dzisiaj, przy wykorzystaniu najnowszej technologii, Carrera perfekcyjnie \u0142\u0105czy w sobie miejski styl ze swoim sportowym dziedzictwem. Dla kogo? Okulary korekcyjne Carrera CARRERA1128 PJP [&hellip;]<\/p>\n","protected":false},"featured_media":11357,"comment_status":"closed","ping_status":"open","template":"","meta":[],"product_cat":[140,149],"product_tag":[617,786,736,635],"class_list":["post-11356","product","type-product","status-publish","has-post-thumbnail","hentry","product_cat-carrera","product_cat-okulary-oprawki-i-szkla","product_tag-keyword","product_tag-prezent-na-1-urodziny","product_tag-zabawki-na-roczek","product_tag-znaki-drogowe-do-druku"],"_links":{"self":[{"href":"http:\/\/klubmamgdynia.pl\/index.php\/wp-json\/wp\/v2\/product\/11356","targetHints":{"allow":["GET"]}}],"collection":[{"href":"http:\/\/klubmamgdynia.pl\/index.php\/wp-json\/wp\/v2\/product"}],"about":[{"href":"http:\/\/klubmamgdynia.pl\/index.php\/wp-json\/wp\/v2\/types\/product"}],"replies":[{"embeddable":true,"href":"http:\/\/klubmamgdynia.pl\/index.php\/wp-json\/wp\/v2\/comments?post=11356"}],"wp:featuredmedia":[{"embeddable":true,"href":"http:\/\/klubmamgdynia.pl\/index.php\/wp-json\/wp\/v2\/media\/11357"}],"wp:attachment":[{"href":"http:\/\/klubmamgdynia.pl\/index.php\/wp-json\/wp\/v2\/media?parent=11356"}],"wp:term":[{"taxonomy":"product_cat","embeddable":true,"href":"http:\/\/klubmamgdynia.pl\/index.php\/wp-json\/wp\/v2\/product_cat?post=11356"},{"taxonomy":"product_tag","embeddable":true,"href":"http:\/\/klubmamgdynia.pl\/index.php\/wp-json\/wp\/v2\/product_tag?post=11356"}],"curies":[{"name":"wp","href":"https:\/\/api.w.org\/{rel}","templated":true}]}}