{"id":11358,"date":"2022-11-05T14:56:40","date_gmt":"2022-11-05T13:56:40","guid":{"rendered":"http:\/\/klubmamgdynia.pl\/?post_type=product&#038;p=11358"},"modified":"2026-04-07T12:35:00","modified_gmt":"2026-04-07T10:35:00","slug":"legrand-049430","status":"publish","type":"product","link":"http:\/\/klubmamgdynia.pl\/index.php\/produkt\/legrand-049430\/","title":{"rendered":"Legrand 049430"},"content":{"rendered":"<p>Rozszerzenie wielogniazdowe z 4 gniazdami 2P+E 16A, w tym 1 francusko-belgijskim standardowym gniazdem podtynkowym i 4 gniazdami 2P 6A &#8211; Ca\u0142kowita moc 3680W, 230V. Projekt produktu zaprojektowany z my\u015bl\u0105 o doskona\u0142ej integracji ze \u015bwiatem telewizyjnym. Wielogniazdko z ochronnikiem przeciwprzepi\u0119ciowym &#8211; Dzia\u0142anie: zielone \u015bwiat\u0142o, wielogniazdko jest chronione, kontrolka zgaszona, ochronnik przeciwprzepi\u0119ciowy nie dzia\u0142a &#8211; Mimo to gniazda s\u0105 zasilane &#8211; Je\u015bli funkcja ochronnika przeciwprzepi\u0119ciowego jest Ci potrzebna, musisz zmieni\u0107 wielogniazdowy w tym przypadku. 1 gniazdo do pod\u0142\u0105czenia tymczasowego (\u0142adowanie komputera, przeno\u015bne gry wideo itp.) Miejsce do przechowywania kabli &#8211; Mo\u017cliwo\u015b\u0107 zwi\u0105zania kabli.<\/p>\n<h2>Legrand 049430 Legrand<\/h2>\n<p>mega trudne zagadki logiczne, ko\u0142ysanki dla dzieci + tekst, nietypowe imiona, cookie dough przepis, kolorowanka myszka minnie, kolorowanka prezent, lol surprise kolorowanka, bajka do czytania na dobranoc, bajka o smoku wawelskim<\/p>\n<p>yyyyy<\/p>\n<p>&nbsp;<\/p>\n","protected":false},"excerpt":{"rendered":"<p>Rozszerzenie wielogniazdowe z 4 gniazdami 2P+E 16A, w tym 1 francusko-belgijskim standardowym gniazdem podtynkowym i 4 gniazdami 2P 6A &#8211; Ca\u0142kowita moc 3680W, 230V. Projekt produktu zaprojektowany z my\u015bl\u0105 o doskona\u0142ej integracji ze \u015bwiatem telewizyjnym. Wielogniazdko z ochronnikiem przeciwprzepi\u0119ciowym &#8211; Dzia\u0142anie: zielone \u015bwiat\u0142o, wielogniazdko jest chronione, kontrolka zgaszona, ochronnik przeciwprzepi\u0119ciowy nie dzia\u0142a &#8211; Mimo to [&hellip;]<\/p>\n","protected":false},"featured_media":11359,"comment_status":"closed","ping_status":"open","template":"","meta":[],"product_cat":[2001,1350],"product_tag":[664,833,854,657,811],"class_list":["post-11358","product","type-product","status-publish","has-post-thumbnail","hentry","product_cat-legrand","product_cat-listwy-zasilajace","product_tag-atrakcje-dla-dzieci-trojmiasto","product_tag-bajki-dla-dzieci-do-czytania","product_tag-cytaty-rodzina","product_tag-lol-kolorowanka","product_tag-zagadki-logiczne-dla-dzieci"],"_links":{"self":[{"href":"http:\/\/klubmamgdynia.pl\/index.php\/wp-json\/wp\/v2\/product\/11358","targetHints":{"allow":["GET"]}}],"collection":[{"href":"http:\/\/klubmamgdynia.pl\/index.php\/wp-json\/wp\/v2\/product"}],"about":[{"href":"http:\/\/klubmamgdynia.pl\/index.php\/wp-json\/wp\/v2\/types\/product"}],"replies":[{"embeddable":true,"href":"http:\/\/klubmamgdynia.pl\/index.php\/wp-json\/wp\/v2\/comments?post=11358"}],"wp:featuredmedia":[{"embeddable":true,"href":"http:\/\/klubmamgdynia.pl\/index.php\/wp-json\/wp\/v2\/media\/11359"}],"wp:attachment":[{"href":"http:\/\/klubmamgdynia.pl\/index.php\/wp-json\/wp\/v2\/media?parent=11358"}],"wp:term":[{"taxonomy":"product_cat","embeddable":true,"href":"http:\/\/klubmamgdynia.pl\/index.php\/wp-json\/wp\/v2\/product_cat?post=11358"},{"taxonomy":"product_tag","embeddable":true,"href":"http:\/\/klubmamgdynia.pl\/index.php\/wp-json\/wp\/v2\/product_tag?post=11358"}],"curies":[{"name":"wp","href":"https:\/\/api.w.org\/{rel}","templated":true}]}}