{"id":11360,"date":"2023-06-17T16:22:37","date_gmt":"2023-06-17T14:22:37","guid":{"rendered":"http:\/\/klubmamgdynia.pl\/?post_type=product&#038;p=11360"},"modified":"2026-04-06T17:41:34","modified_gmt":"2026-04-06T15:41:34","slug":"goki-kolorowy-pociag-55974","status":"publish","type":"product","link":"http:\/\/klubmamgdynia.pl\/index.php\/produkt\/goki-kolorowy-pociag-55974\/","title":{"rendered":"Goki Kolorowy Poci\u0105g 55974"},"content":{"rendered":"<p>Drewniany Poci\u0105g Towarowy &#8211; GOKI 55974 Z t\u0105 wspania\u0142\u0105 lokomotyw\u0105 ka\u017cdy ma\u0142y mi\u0142o\u015bnik poci\u0105g\u00f3w b\u0119dzie m\u00f3g\u0142 wcieli\u0107 si\u0119 w rol\u0119 maszynisty, konduktora i pasa\u017cer\u00f3w. Zestaw zawiera drewnian\u0105 lokomotyw\u0119 z 3 wagonikami. Wagoniki posiadaj\u0105 magnesy, dzi\u0119ki czemu mo\u017cna dopina\u0107 je do siebie. Poci\u0105g jest r\u00f3\u017cnokolorowy, co przykuwa uwag\u0119 dziecka. Jest to wspania\u0142a zabawka, wykonana z wysokiej jako\u015bci drewna. Na pewno pos\u0142u\u017cy dziecku do zabawy na d\u0142ugie lata. D\u0142ugo\u015b\u0107 ca\u0142ego poci\u0105gu to ok. 20 cm Producent: goki Numer katalogowy: 55974 Sugerowany wiek dziecka: od 2 lat Wymiary opakowania: 27 cm x 7 cm x 5 cm Goki to wysokiej jako\u015bci zabawki drewniane po godziwej cenie, zapewniaj\u0105ce doskona\u0142\u0105 zabaw\u0119 dla ka\u017cdego dziecka. Produkcja odbywa si\u0119 przy u\u017cyciu bezpiecznych, nietoksycznych farb, kt\u00f3re s\u0105 na bazie wod. Zabawki spe\u0142niaj\u0105 wysokie standardy jako\u015bci dzi\u0119ki kontrolom przez niezale\u017cne zewn\u0119trzne instytucje. Poddawane s\u0105 rygorystycznym testom jako\u015bci i bezpiecze\u0144stwa. Zabawki Goki stosowane s\u0105 do rozwoju zdolno\u015bci motorycznych i sensorycznych. S\u0105 bardzo przyjemnie w dotyku, bardzo \u017cywa kolorystyka. \u0141atwe do utrzymania w czysto\u015bci. W ofercie s\u0105 g\u0142\u00f3wnie: puzzle drewniane, sortery kszta\u0142t\u00f3w, domki dla lalek, kuchnie dla dzieci oraz poci\u0105gi drewniane.<\/p>\n<h2>Goki Kolorowy Poci\u0105g 55974 Goki<\/h2>\n<p>mariola, pisanie po \u015bladzie do druku pdf, zagadki przyrodnicze, mi\u0142o\u015b\u0107 matki do dziecka cytaty, oliwier, rymowanki o pisankach, zagadki dla dzieci 4-5 lat, uk\u0142ad s\u0142oneczny dla dzieci, dyplomy do druku, \u015bmieszne \u0142ama\u0144ce j\u0119zykowe, prezenty dla rocznego dziecka, pomys\u0142 na prima aprilis<\/p>\n<p>yyyyy<\/p>\n<p>&nbsp;<\/p>\n","protected":false},"excerpt":{"rendered":"<p>Drewniany Poci\u0105g Towarowy &#8211; GOKI 55974 Z t\u0105 wspania\u0142\u0105 lokomotyw\u0105 ka\u017cdy ma\u0142y mi\u0142o\u015bnik poci\u0105g\u00f3w b\u0119dzie m\u00f3g\u0142 wcieli\u0107 si\u0119 w rol\u0119 maszynisty, konduktora i pasa\u017cer\u00f3w. Zestaw zawiera drewnian\u0105 lokomotyw\u0119 z 3 wagonikami. Wagoniki posiadaj\u0105 magnesy, dzi\u0119ki czemu mo\u017cna dopina\u0107 je do siebie. Poci\u0105g jest r\u00f3\u017cnokolorowy, co przykuwa uwag\u0119 dziecka. Jest to wspania\u0142a zabawka, wykonana z wysokiej [&hellip;]<\/p>\n","protected":false},"featured_media":11361,"comment_status":"closed","ping_status":"open","template":"","meta":[],"product_cat":[227,56],"product_tag":[836,696,683,606,794,757],"class_list":["post-11360","product","type-product","status-publish","has-post-thumbnail","hentry","product_cat-goki","product_cat-kolejki","product_tag-co-kupic-dziecku-na-roczek","product_tag-film-rodzinny-o-swietach","product_tag-karaluchy-pod-poduchy","product_tag-stala-pod-sniegiem","product_tag-test-opowiesci-z-narnii-lew-czarownica-i-stara-szafa-do-druku","product_tag-test-z-lektury-ania-z-zielonego-wzgorza-klasa-6-z-odpowiedziami"],"_links":{"self":[{"href":"http:\/\/klubmamgdynia.pl\/index.php\/wp-json\/wp\/v2\/product\/11360","targetHints":{"allow":["GET"]}}],"collection":[{"href":"http:\/\/klubmamgdynia.pl\/index.php\/wp-json\/wp\/v2\/product"}],"about":[{"href":"http:\/\/klubmamgdynia.pl\/index.php\/wp-json\/wp\/v2\/types\/product"}],"replies":[{"embeddable":true,"href":"http:\/\/klubmamgdynia.pl\/index.php\/wp-json\/wp\/v2\/comments?post=11360"}],"wp:featuredmedia":[{"embeddable":true,"href":"http:\/\/klubmamgdynia.pl\/index.php\/wp-json\/wp\/v2\/media\/11361"}],"wp:attachment":[{"href":"http:\/\/klubmamgdynia.pl\/index.php\/wp-json\/wp\/v2\/media?parent=11360"}],"wp:term":[{"taxonomy":"product_cat","embeddable":true,"href":"http:\/\/klubmamgdynia.pl\/index.php\/wp-json\/wp\/v2\/product_cat?post=11360"},{"taxonomy":"product_tag","embeddable":true,"href":"http:\/\/klubmamgdynia.pl\/index.php\/wp-json\/wp\/v2\/product_tag?post=11360"}],"curies":[{"name":"wp","href":"https:\/\/api.w.org\/{rel}","templated":true}]}}