{"id":11362,"date":"2018-11-26T04:32:12","date_gmt":"2018-11-26T03:32:12","guid":{"rendered":"http:\/\/klubmamgdynia.pl\/index.php\/produkt\/hp-17-3-business-2sc67aa\/"},"modified":"2026-04-06T15:43:24","modified_gmt":"2026-04-06T13:43:24","slug":"hp-17-3-business-2sc67aa","status":"publish","type":"product","link":"http:\/\/klubmamgdynia.pl\/index.php\/produkt\/hp-17-3-business-2sc67aa\/","title":{"rendered":"HP 17.3 BUSINESS (2SC67AA)"},"content":{"rendered":"<p>Plecak na laptopa Business Backpack (17.3&#8243;) 2SC67AA Uwolnij swoje r\u0119ce i zabezpiecz komputer przeno\u015bny dzi\u0119ki plecakowi HP Business Backpack 17,3, zaprojektowanemu z my\u015bl\u0105 o wygodnym noszeniu w biurze i poza nim oraz w podr\u00f3\u017cy. Jest on wyposa\u017cony w blokowane1 zamki b\u0142yskawiczne, bezpieczn\u0105 kiesze\u0144 RFID oraz miejsce na urz\u0105dzenie o przek\u0105tnej ekranu do 17,3, telefon, akcesoria i wiele wi\u0119cej. Funkcje Pe\u0142ne bezpiecze\u0144stwoZapobiegnij kradzie\u017cy swoich danych przez z\u0142odziei u\u017cywaj\u0105cych skaner\u00f3w elektronicznych dzi\u0119ki kieszeni RFID, kt\u00f3ra pomaga chroni\u0107 dane zaszyfrowane w kartach kredytowych i paszportach. Powstrzymaj ingerencj\u0119 i dost\u0119p do swojego komputera przeno\u015bnego za pomoc\u0105 dwuspiralowych, blokowanych1 zamk\u00f3w b\u0142yskawicznych. Uporz\u0105dkowane noszenie ca\u0142ego wyposa\u017ceniaMo\u017cna spakowa\u0107 wszystkie elementy w zorganizowany spos\u00f3b dzi\u0119ki wy\u015bcie\u0142anemu schowkowi na komputer przeno\u015bny oraz wielu kieszeniom bez zamkni\u0119cia i zamykanym na zamek b\u0142yskawiczny, w kt\u00f3rych mo\u017cna pomie\u015bci\u0107 wszystkie akcesoria. Najwa\u017cniejsza jest wygodaZa\u0142\u00f3\u017c pasek plecaka na rami\u0119, aby zapewni\u0107 r\u0119kom swobod\u0119, lub no\u015b j\u0105 w r\u0119ku, korzystaj\u0105c z g\u00f3rnego uchwytu. Doje\u017cd\u017canie do pracy i podr\u00f3\u017cowanie z torb\u0105 jest prostsze ni\u017c kiedykolwiek wcze\u015bniej dzi\u0119ki kieszeni umo\u017cliwiaj\u0105cej nasuni\u0119cie torby na uchwyt wi\u0119kszo\u015bci walizek z k\u00f3\u0142kami.<\/p>\n<h2>HP 17.3 BUSINESS (2SC67AA) HP<\/h2>\n<p>bajka na dobranoc, kolorowanki na andrzejki do wydruku, maska kota, zagadki typu co to jest, kr\u00f3tkie bajki do czytania, zagadka, zagadki \u0142amig\u0142\u00f3wki, postacie z bajek kolorowanki do wydrukowania, zagadki na logike, alfons, swinka peppa do czytania, rysunki krok po kroku, quiz o polsce dla dzieci, buziak gify na dobranoc smieszne, proste szczere \u017cyczenia bo\u017conarodzeniowe, zabawy dla 5 latka, test detektyw pozytywka, jordan co oznacza, znaki drogowe do druku, zagadki logiczne trudne, bruno<\/p>\n<p>yyyyy<\/p>\n<p>&nbsp;<\/p>\n","protected":false},"excerpt":{"rendered":"<p>Plecak na laptopa Business Backpack (17.3&#8243;) 2SC67AA Uwolnij swoje r\u0119ce i zabezpiecz komputer przeno\u015bny dzi\u0119ki plecakowi HP Business Backpack 17,3, zaprojektowanemu z my\u015bl\u0105 o wygodnym noszeniu w biurze i poza nim oraz w podr\u00f3\u017cy. Jest on wyposa\u017cony w blokowane1 zamki b\u0142yskawiczne, bezpieczn\u0105 kiesze\u0144 RFID oraz miejsce na urz\u0105dzenie o przek\u0105tnej ekranu do 17,3, telefon, akcesoria [&hellip;]<\/p>\n","protected":false},"featured_media":11363,"comment_status":"closed","ping_status":"open","template":"","meta":[],"product_cat":[2002,2003],"product_tag":[610,855,606,595],"class_list":["post-11362","product","type-product","status-publish","has-post-thumbnail","hentry","product_cat-hp","product_cat-torby-do-laptopow","product_tag-co-na-prezent-dla-nastolatkow","product_tag-nietypowe-imiona-zenskie","product_tag-stala-pod-sniegiem","product_tag-zagadki-dla-6-latka"],"_links":{"self":[{"href":"http:\/\/klubmamgdynia.pl\/index.php\/wp-json\/wp\/v2\/product\/11362","targetHints":{"allow":["GET"]}}],"collection":[{"href":"http:\/\/klubmamgdynia.pl\/index.php\/wp-json\/wp\/v2\/product"}],"about":[{"href":"http:\/\/klubmamgdynia.pl\/index.php\/wp-json\/wp\/v2\/types\/product"}],"replies":[{"embeddable":true,"href":"http:\/\/klubmamgdynia.pl\/index.php\/wp-json\/wp\/v2\/comments?post=11362"}],"wp:featuredmedia":[{"embeddable":true,"href":"http:\/\/klubmamgdynia.pl\/index.php\/wp-json\/wp\/v2\/media\/11363"}],"wp:attachment":[{"href":"http:\/\/klubmamgdynia.pl\/index.php\/wp-json\/wp\/v2\/media?parent=11362"}],"wp:term":[{"taxonomy":"product_cat","embeddable":true,"href":"http:\/\/klubmamgdynia.pl\/index.php\/wp-json\/wp\/v2\/product_cat?post=11362"},{"taxonomy":"product_tag","embeddable":true,"href":"http:\/\/klubmamgdynia.pl\/index.php\/wp-json\/wp\/v2\/product_tag?post=11362"}],"curies":[{"name":"wp","href":"https:\/\/api.w.org\/{rel}","templated":true}]}}