{"id":11364,"date":"2014-07-08T13:05:44","date_gmt":"2014-07-08T11:05:44","guid":{"rendered":"http:\/\/klubmamgdynia.pl\/index.php\/produkt\/logilink-listwa-zasilajaca-zabezpieczajaca-gniazda-3-230vac-16a-18m-pdu3b01\/"},"modified":"2026-05-17T22:46:45","modified_gmt":"2026-05-17T20:46:45","slug":"logilink-listwa-zasilajaca-zabezpieczajaca-gniazda-3-230vac-16a-18m-pdu3b01","status":"publish","type":"product","link":"http:\/\/klubmamgdynia.pl\/index.php\/produkt\/logilink-listwa-zasilajaca-zabezpieczajaca-gniazda-3-230vac-16a-18m-pdu3b01\/","title":{"rendered":"LogiLink Listwa zasilaj\u0105ca zabezpieczaj\u0105ca Gniazda 3 230VAC 16A 1,8m (PDU3B01)"},"content":{"rendered":"<p>Listwa zasilaj\u0105ca: zabezpieczaj\u0105ca; Gniazda:3; 230VAC; 16A; 1,8m<\/p>\n<h2>LogiLink Listwa zasilaj\u0105ca zabezpieczaj\u0105ca Gniazda 3 230VAC 16A 1,8m (PDU3B01) Logilink<\/h2>\n<p>proste przepisy dla dzieci, test asiunia joanna papuzi\u0144ska, pomys\u0142y na prezent dla nastolatki, traktor do druku, zagadki z odpowiedziami \u015bmieszne, zadania dla 7 latka do druku, zabawy dla 7 latka, zrobi\u0107 laurk\u0119 laurka dla babci<\/p>\n<p>yyyyy<\/p>\n<p>&nbsp;<\/p>\n","protected":false},"excerpt":{"rendered":"<p>Listwa zasilaj\u0105ca: zabezpieczaj\u0105ca; Gniazda:3; 230VAC; 16A; 1,8m LogiLink Listwa zasilaj\u0105ca zabezpieczaj\u0105ca Gniazda 3 230VAC 16A 1,8m (PDU3B01) Logilink proste przepisy dla dzieci, test asiunia joanna papuzi\u0144ska, pomys\u0142y na prezent dla nastolatki, traktor do druku, zagadki z odpowiedziami \u015bmieszne, zadania dla 7 latka do druku, zabawy dla 7 latka, zrobi\u0107 laurk\u0119 laurka dla babci yyyyy &nbsp;<\/p>\n","protected":false},"featured_media":11365,"comment_status":"closed","ping_status":"open","template":"","meta":[],"product_cat":[1350,2004],"product_tag":[765,836,578,705],"class_list":["post-11364","product","type-product","status-publish","has-post-thumbnail","hentry","product_cat-listwy-zasilajace","product_cat-logilink","product_tag-atrakcje-dla-dzieci-warszawa","product_tag-co-kupic-dziecku-na-roczek","product_tag-fajne-zarty-na-prima-aprilis","product_tag-prezent-na-roczek-dla-chlopca"],"_links":{"self":[{"href":"http:\/\/klubmamgdynia.pl\/index.php\/wp-json\/wp\/v2\/product\/11364","targetHints":{"allow":["GET"]}}],"collection":[{"href":"http:\/\/klubmamgdynia.pl\/index.php\/wp-json\/wp\/v2\/product"}],"about":[{"href":"http:\/\/klubmamgdynia.pl\/index.php\/wp-json\/wp\/v2\/types\/product"}],"replies":[{"embeddable":true,"href":"http:\/\/klubmamgdynia.pl\/index.php\/wp-json\/wp\/v2\/comments?post=11364"}],"wp:featuredmedia":[{"embeddable":true,"href":"http:\/\/klubmamgdynia.pl\/index.php\/wp-json\/wp\/v2\/media\/11365"}],"wp:attachment":[{"href":"http:\/\/klubmamgdynia.pl\/index.php\/wp-json\/wp\/v2\/media?parent=11364"}],"wp:term":[{"taxonomy":"product_cat","embeddable":true,"href":"http:\/\/klubmamgdynia.pl\/index.php\/wp-json\/wp\/v2\/product_cat?post=11364"},{"taxonomy":"product_tag","embeddable":true,"href":"http:\/\/klubmamgdynia.pl\/index.php\/wp-json\/wp\/v2\/product_tag?post=11364"}],"curies":[{"name":"wp","href":"https:\/\/api.w.org\/{rel}","templated":true}]}}