{"id":11366,"date":"2015-09-22T05:14:32","date_gmt":"2015-09-22T03:14:32","guid":{"rendered":"http:\/\/klubmamgdynia.pl\/index.php\/produkt\/ecoiffier-posterunek-policji-z-pojazdami-3015ec\/"},"modified":"2026-05-17T22:08:19","modified_gmt":"2026-05-17T20:08:19","slug":"ecoiffier-posterunek-policji-z-pojazdami-3015ec","status":"publish","type":"product","link":"http:\/\/klubmamgdynia.pl\/index.php\/produkt\/ecoiffier-posterunek-policji-z-pojazdami-3015ec\/","title":{"rendered":"Ecoiffier Posterunek Policji Z Pojazdami 3015EC"},"content":{"rendered":"<p>Zestaw zawiera:-Posterunek Policji-Dwa pojazdy-Samoch\u00f3d z wyci\u0105gark\u0105-Pacho\u0142ki-Figurki policjanta i przest\u0119pcyoraz wiele innych dodatk\u00f3w do stworzenia posterunku.<\/p>\n<h2>Ecoiffier Posterunek Policji Z Pojazdami 3015EC Ecoiffier<\/h2>\n<p>cukierku ty \u0142obuzie test, jak narysowa\u0107 \u017cab\u0119, prezenty dla nastolatk\u00f3w 2021, aneta, ch\u0142opcy z placu broni &#8211; test z odpowiedziami<\/p>\n<p>yyyyy<\/p>\n<p>&nbsp;<\/p>\n","protected":false},"excerpt":{"rendered":"<p>Zestaw zawiera:-Posterunek Policji-Dwa pojazdy-Samoch\u00f3d z wyci\u0105gark\u0105-Pacho\u0142ki-Figurki policjanta i przest\u0119pcyoraz wiele innych dodatk\u00f3w do stworzenia posterunku. Ecoiffier Posterunek Policji Z Pojazdami 3015EC Ecoiffier cukierku ty \u0142obuzie test, jak narysowa\u0107 \u017cab\u0119, prezenty dla nastolatk\u00f3w 2021, aneta, ch\u0142opcy z placu broni &#8211; test z odpowiedziami yyyyy &nbsp;<\/p>\n","protected":false},"featured_media":11367,"comment_status":"closed","ping_status":"open","template":"","meta":[],"product_cat":[986,141],"product_tag":[861,583,688,590,608],"class_list":["post-11366","product","type-product","status-publish","has-post-thumbnail","hentry","product_cat-ecoiffier","product_cat-parkingi-garaze-i-tory-wyscigowe","product_tag-jak-narysowac-psa","product_tag-kolysanki-dla-dzieci-tekst","product_tag-kolysanki-tekst","product_tag-plac-zabaw-warszawa","product_tag-zagadki-i-odpowiedzi"],"_links":{"self":[{"href":"http:\/\/klubmamgdynia.pl\/index.php\/wp-json\/wp\/v2\/product\/11366","targetHints":{"allow":["GET"]}}],"collection":[{"href":"http:\/\/klubmamgdynia.pl\/index.php\/wp-json\/wp\/v2\/product"}],"about":[{"href":"http:\/\/klubmamgdynia.pl\/index.php\/wp-json\/wp\/v2\/types\/product"}],"replies":[{"embeddable":true,"href":"http:\/\/klubmamgdynia.pl\/index.php\/wp-json\/wp\/v2\/comments?post=11366"}],"wp:featuredmedia":[{"embeddable":true,"href":"http:\/\/klubmamgdynia.pl\/index.php\/wp-json\/wp\/v2\/media\/11367"}],"wp:attachment":[{"href":"http:\/\/klubmamgdynia.pl\/index.php\/wp-json\/wp\/v2\/media?parent=11366"}],"wp:term":[{"taxonomy":"product_cat","embeddable":true,"href":"http:\/\/klubmamgdynia.pl\/index.php\/wp-json\/wp\/v2\/product_cat?post=11366"},{"taxonomy":"product_tag","embeddable":true,"href":"http:\/\/klubmamgdynia.pl\/index.php\/wp-json\/wp\/v2\/product_tag?post=11366"}],"curies":[{"name":"wp","href":"https:\/\/api.w.org\/{rel}","templated":true}]}}