{"id":11370,"date":"2018-08-05T07:10:38","date_gmt":"2018-08-05T05:10:38","guid":{"rendered":"http:\/\/klubmamgdynia.pl\/index.php\/produkt\/zestaw-konstrukcyjny-maly-konstruktor-racer\/"},"modified":"2026-04-04T05:26:42","modified_gmt":"2026-04-04T03:26:42","slug":"zestaw-konstrukcyjny-maly-konstruktor-racer","status":"publish","type":"product","link":"http:\/\/klubmamgdynia.pl\/index.php\/produkt\/zestaw-konstrukcyjny-maly-konstruktor-racer\/","title":{"rendered":"Zestaw konstrukcyjny Ma\u0142y Konstruktor Racer"},"content":{"rendered":"<p>Ma\u0142y Konstruktor to seria zabawek do samodzielnego monta\u017cu, rozwijaj\u0105ca zdolno\u015bci manualne oraz wyobra\u017ani\u0119 przestrzenn\u0105. Ka\u017cdy model sk\u0142ada si\u0119 z element\u00f3w metalowych o r\u00f3\u017cnej wielko\u015bci i kszta\u0142tach, a tak\u017ce jest wzbogacony kolorowymi elementami z tworzyw sztucznych. Dzi\u0119ki do\u0142\u0105czonemu zestawowi narz\u0119dzi, mo\u017cna zbudowa\u0107 wyj\u0105tkowy pojazd zgodnie ze wskazaniami instrukcji lub wedle w\u0142asnej wyobra\u017ani. Model po z\u0142o\u017ceniu jest trwa\u0142ay i swobodnie mo\u017ce s\u0142u\u017cy\u0107 do dalszej zabawy. To idealny wst\u0119p do rozbudzenia w dziecku pasji in\u017cyniera. Zabawka kt\u00f3ra \u0142\u0105czy pokolenia, zach\u0119caj\u0105c do wsp\u00f3lnego majsterkowania.<\/p>\n<h2>Zestaw konstrukcyjny Ma\u0142y Konstruktor Racer Alexander<\/h2>\n<p>zagadki dla przedszkolak\u00f3w, karty pracy dla dzieci z ukrainy, jan pawe\u0142 2 rysunek \u0142atwy dla dzieci, maski superbohater\u00f3w do wydrukowania, wierszyki o wakacjach kr\u00f3tkie, cytaty o dzieci\u0144stwie, jak zrobi\u0107 samolot z papieru, literki do druku, zagadki matematyczne dla dzieci 7 lat<\/p>\n<p>yyyyy<\/p>\n<p>&nbsp;<\/p>\n","protected":false},"excerpt":{"rendered":"<p>Ma\u0142y Konstruktor to seria zabawek do samodzielnego monta\u017cu, rozwijaj\u0105ca zdolno\u015bci manualne oraz wyobra\u017ani\u0119 przestrzenn\u0105. Ka\u017cdy model sk\u0142ada si\u0119 z element\u00f3w metalowych o r\u00f3\u017cnej wielko\u015bci i kszta\u0142tach, a tak\u017ce jest wzbogacony kolorowymi elementami z tworzyw sztucznych. Dzi\u0119ki do\u0142\u0105czonemu zestawowi narz\u0119dzi, mo\u017cna zbudowa\u0107 wyj\u0105tkowy pojazd zgodnie ze wskazaniami instrukcji lub wedle w\u0142asnej wyobra\u017ani. Model po z\u0142o\u017ceniu jest [&hellip;]<\/p>\n","protected":false},"featured_media":11371,"comment_status":"closed","ping_status":"open","template":"","meta":[],"product_cat":[246,537],"product_tag":[596,678,627,714],"class_list":["post-11370","product","type-product","status-publish","has-post-thumbnail","hentry","product_cat-alexander","product_cat-pozostale-zabawki-edukacyjne","product_tag-pomysly-na-prima-aprilis","product_tag-prezent-na-roczek-dla-dziewczynki","product_tag-quiz-dzieci-z-bullerbyn","product_tag-zagadki-logiczne"],"_links":{"self":[{"href":"http:\/\/klubmamgdynia.pl\/index.php\/wp-json\/wp\/v2\/product\/11370","targetHints":{"allow":["GET"]}}],"collection":[{"href":"http:\/\/klubmamgdynia.pl\/index.php\/wp-json\/wp\/v2\/product"}],"about":[{"href":"http:\/\/klubmamgdynia.pl\/index.php\/wp-json\/wp\/v2\/types\/product"}],"replies":[{"embeddable":true,"href":"http:\/\/klubmamgdynia.pl\/index.php\/wp-json\/wp\/v2\/comments?post=11370"}],"wp:featuredmedia":[{"embeddable":true,"href":"http:\/\/klubmamgdynia.pl\/index.php\/wp-json\/wp\/v2\/media\/11371"}],"wp:attachment":[{"href":"http:\/\/klubmamgdynia.pl\/index.php\/wp-json\/wp\/v2\/media?parent=11370"}],"wp:term":[{"taxonomy":"product_cat","embeddable":true,"href":"http:\/\/klubmamgdynia.pl\/index.php\/wp-json\/wp\/v2\/product_cat?post=11370"},{"taxonomy":"product_tag","embeddable":true,"href":"http:\/\/klubmamgdynia.pl\/index.php\/wp-json\/wp\/v2\/product_tag?post=11370"}],"curies":[{"name":"wp","href":"https:\/\/api.w.org\/{rel}","templated":true}]}}