{"id":11372,"date":"2011-07-03T23:31:43","date_gmt":"2011-07-03T21:31:43","guid":{"rendered":"http:\/\/klubmamgdynia.pl\/index.php\/produkt\/brio-world-lokomotywa-na-baterie-zolta\/"},"modified":"2026-04-04T06:51:17","modified_gmt":"2026-04-04T04:51:17","slug":"brio-world-lokomotywa-na-baterie-zolta","status":"publish","type":"product","link":"http:\/\/klubmamgdynia.pl\/index.php\/produkt\/brio-world-lokomotywa-na-baterie-zolta\/","title":{"rendered":"Brio World Lokomotywa na Baterie \u017b\u00f3\u0142ta"},"content":{"rendered":"<p>BRIO World Lokomotywa na Baterie \u017b\u00f3\u0142taNumer kat. 33594Rozbuduj \u015bwiat BRIO o kolejny element \u2013 je\u017cd\u017c\u0105c\u0105 w dw\u00f3ch kierunkach lokomotyw\u0119 zasilan\u0105 na bateri\u0119. Lokomotywa BRIO mo\u017ce podr\u00f3\u017cowa\u0107 do ty\u0142u lub do przodu o\u015bwietlaj\u0105c drog\u0119 reflektorami. Wystarczy, \u017ce uruchomisz zabawk\u0119 za pomoc\u0105 specjalnego prze\u0142\u0105cznika.Ilo\u015b\u0107 element\u00f3w: 1Wymagane baterie: 1xAAA. Baterie nale\u017cy dokupi\u0107 osobno.Wymiary produktu:- szeroko\u015b\u0107: 91 mm- wysoko\u015b\u0107: 36 mm- g\u0142\u0119boko\u015b\u0107: 49 mmWymiary opakowania:- szeroko\u015b\u0107: 145 mm- wysoko\u015b\u0107: 100 mm- g\u0142\u0119boko\u015b\u0107: 50 mmWiek: od 3 lat<\/p>\n<h2>Brio World Lokomotywa na Baterie \u017b\u00f3\u0142ta Brio<\/h2>\n<p>kolorowanka super zings, linda, zagadki na inteligencje, \u0142atwe zagadki, test z lektury kajko i kokosz szko\u0142a latania, quizy \u015bwi\u0105teczne bo\u017ce narodzenie, zabawka na roczek, aron imi\u0119, jak narysowac kota, test ch\u0142opcy z placu broni klasa 5, stare piosenki dla dzieci teksty, cytat rodzina<\/p>\n<p>yyyyy<\/p>\n<p>&nbsp;<\/p>\n","protected":false},"excerpt":{"rendered":"<p>BRIO World Lokomotywa na Baterie \u017b\u00f3\u0142taNumer kat. 33594Rozbuduj \u015bwiat BRIO o kolejny element \u2013 je\u017cd\u017c\u0105c\u0105 w dw\u00f3ch kierunkach lokomotyw\u0119 zasilan\u0105 na bateri\u0119. Lokomotywa BRIO mo\u017ce podr\u00f3\u017cowa\u0107 do ty\u0142u lub do przodu o\u015bwietlaj\u0105c drog\u0119 reflektorami. Wystarczy, \u017ce uruchomisz zabawk\u0119 za pomoc\u0105 specjalnego prze\u0142\u0105cznika.Ilo\u015b\u0107 element\u00f3w: 1Wymagane baterie: 1xAAA. Baterie nale\u017cy dokupi\u0107 osobno.Wymiary produktu:- szeroko\u015b\u0107: 91 mm- wysoko\u015b\u0107: [&hellip;]<\/p>\n","protected":false},"featured_media":11373,"comment_status":"closed","ping_status":"open","template":"","meta":[],"product_cat":[83,78],"product_tag":[817,755,618,689,774],"class_list":["post-11372","product","type-product","status-publish","has-post-thumbnail","hentry","product_cat-auta-i-inne-pojazdy-do-zabawy","product_cat-brio","product_tag-bajka-terapeutyczna-o-emocjach","product_tag-henryk","product_tag-lato-lato-lato-czeka-tekst","product_tag-linda","product_tag-prezent-na-roczek-nie-zabawka"],"_links":{"self":[{"href":"http:\/\/klubmamgdynia.pl\/index.php\/wp-json\/wp\/v2\/product\/11372","targetHints":{"allow":["GET"]}}],"collection":[{"href":"http:\/\/klubmamgdynia.pl\/index.php\/wp-json\/wp\/v2\/product"}],"about":[{"href":"http:\/\/klubmamgdynia.pl\/index.php\/wp-json\/wp\/v2\/types\/product"}],"replies":[{"embeddable":true,"href":"http:\/\/klubmamgdynia.pl\/index.php\/wp-json\/wp\/v2\/comments?post=11372"}],"wp:featuredmedia":[{"embeddable":true,"href":"http:\/\/klubmamgdynia.pl\/index.php\/wp-json\/wp\/v2\/media\/11373"}],"wp:attachment":[{"href":"http:\/\/klubmamgdynia.pl\/index.php\/wp-json\/wp\/v2\/media?parent=11372"}],"wp:term":[{"taxonomy":"product_cat","embeddable":true,"href":"http:\/\/klubmamgdynia.pl\/index.php\/wp-json\/wp\/v2\/product_cat?post=11372"},{"taxonomy":"product_tag","embeddable":true,"href":"http:\/\/klubmamgdynia.pl\/index.php\/wp-json\/wp\/v2\/product_tag?post=11372"}],"curies":[{"name":"wp","href":"https:\/\/api.w.org\/{rel}","templated":true}]}}