{"id":11374,"date":"2011-12-03T00:54:20","date_gmt":"2011-12-02T23:54:20","guid":{"rendered":"http:\/\/klubmamgdynia.pl\/index.php\/produkt\/little-dutch-zestaw-do-karmienia-mio-6el-sailors-bay\/"},"modified":"2026-05-17T22:39:57","modified_gmt":"2026-05-17T20:39:57","slug":"little-dutch-zestaw-do-karmienia-mio-6el-sailors-bay","status":"publish","type":"product","link":"http:\/\/klubmamgdynia.pl\/index.php\/produkt\/little-dutch-zestaw-do-karmienia-mio-6el-sailors-bay\/","title":{"rendered":"Little Dutch Zestaw Do Karmienia Mio 6El. Sailors Bay"},"content":{"rendered":"<p>Zestaw do karmienia Mio Sailors Bay od Little Dutch powsta\u0142 w wsp\u00f3\u0142pracy z holendersk\u0105 firm\u0105 Mepal, kt\u00f3ra specjalizuje si\u0119 w produkcji akcesori\u00f3w do \u017cywno\u015bci. Ten zestaw zastawy zawiera wszystko, czego potrzebuje Tw\u00f3j maluch do nauki samodzielnego jedzenia: szklaneczk\u0119 (pojemno\u015b\u0107: 250ml), talerzyk (\u00f8 22 cm), miseczk\u0119 (wymiary: 12,7 x 12,7 x 4,5 cm) i wygodny zestaw sztu\u0107c\u00f3w dostosowany do potrzeb ma\u0142ych r\u0105czek (\u0142y\u017cka, widelec i n\u00f3\u017c). Z tym zestawem nauka samodzielnego jedzenia b\u0119dzie przyjemno\u015bci\u0105. Wszystkie akcesoria wykonane s\u0105 z bezpiecznych materia\u0142\u00f3w, bez BPA. Dzi\u0119ki uroczemu motywowi uroczych \u017cagl\u00f3wek i mew z kolekcji Sailors Bay Tw\u00f3j maluch pokocha samodzielno\u015b\u0107.Little Dutch to holenderska firma rodzinna, prowadzona przez ma\u0142\u017ce\u0144stwo, kt\u00f3re wk\u0142ada ca\u0142e serce w tworzenie produkt\u00f3w dla najm\u0142odszych. W ofercie marki znajduj\u0105 si\u0119 doskona\u0142ej jako\u015bci tekstylia, produkowane z bawe\u0142ny organicznej z certyfikatem Oeko-tex, takie jak r\u0119czniki, \u015bpiworki do spania, otulacze, akcesoria do pokoik\u00f3w dzieci\u0119cych oraz zabawki sensoryczne dla niemowl\u0105t, jak r\u00f3wnie\u017c zabawki, czy pojazdy wytwarzane z drewna. Produkty Little Dutch cechuje spokojna, pastelowa kolorystyka.Wiek rekomendowany: od 6-go miesi\u0105ca \u017cyciaKolor: niebieski z motywem zatoki \u017ceglarskiejMateria\u0142: Polipropylen (PP), Silikon, Tritan, TPE<\/p>\n<h2>Little Dutch Zestaw Do Karmienia Mio 6El. Sailors Bay Little Dutch<\/h2>\n<p>zagadki dla nastolatk\u00f3w, prezent dla ch\u0142opca 7 lat, calineczka test z odpowiedziami, laurka dla babci, co kupi\u0107 nastolatkowi, zagadki o wio\u015bnie dla dzieci, ch\u0142opcy z placu broni &#8211; test, prezent dla nastolatka, miastodzieci, zagadki o wiosnie, maurycy, imi\u0119 kuba<\/p>\n<p>yyyyy<\/p>\n<p>&nbsp;<\/p>\n","protected":false},"excerpt":{"rendered":"<p>Zestaw do karmienia Mio Sailors Bay od Little Dutch powsta\u0142 w wsp\u00f3\u0142pracy z holendersk\u0105 firm\u0105 Mepal, kt\u00f3ra specjalizuje si\u0119 w produkcji akcesori\u00f3w do \u017cywno\u015bci. Ten zestaw zastawy zawiera wszystko, czego potrzebuje Tw\u00f3j maluch do nauki samodzielnego jedzenia: szklaneczk\u0119 (pojemno\u015b\u0107: 250ml), talerzyk (\u00f8 22 cm), miseczk\u0119 (wymiary: 12,7 x 12,7 x 4,5 cm) i wygodny zestaw [&hellip;]<\/p>\n","protected":false},"featured_media":11375,"comment_status":"closed","ping_status":"open","template":"","meta":[],"product_cat":[167,215],"product_tag":[865,685,784,673,638,621],"class_list":["post-11374","product","type-product","status-publish","has-post-thumbnail","hentry","product_cat-little-dutch","product_cat-naczynia-i-sztucce-dla-dzieci","product_tag-cytaty-o-dzieciach","product_tag-cytaty-o-rodzinie","product_tag-hymn-gorniczy","product_tag-juz-blisko-koleda-tekst","product_tag-miastodzieci","product_tag-prezenty-roczek"],"_links":{"self":[{"href":"http:\/\/klubmamgdynia.pl\/index.php\/wp-json\/wp\/v2\/product\/11374","targetHints":{"allow":["GET"]}}],"collection":[{"href":"http:\/\/klubmamgdynia.pl\/index.php\/wp-json\/wp\/v2\/product"}],"about":[{"href":"http:\/\/klubmamgdynia.pl\/index.php\/wp-json\/wp\/v2\/types\/product"}],"replies":[{"embeddable":true,"href":"http:\/\/klubmamgdynia.pl\/index.php\/wp-json\/wp\/v2\/comments?post=11374"}],"wp:featuredmedia":[{"embeddable":true,"href":"http:\/\/klubmamgdynia.pl\/index.php\/wp-json\/wp\/v2\/media\/11375"}],"wp:attachment":[{"href":"http:\/\/klubmamgdynia.pl\/index.php\/wp-json\/wp\/v2\/media?parent=11374"}],"wp:term":[{"taxonomy":"product_cat","embeddable":true,"href":"http:\/\/klubmamgdynia.pl\/index.php\/wp-json\/wp\/v2\/product_cat?post=11374"},{"taxonomy":"product_tag","embeddable":true,"href":"http:\/\/klubmamgdynia.pl\/index.php\/wp-json\/wp\/v2\/product_tag?post=11374"}],"curies":[{"name":"wp","href":"https:\/\/api.w.org\/{rel}","templated":true}]}}