{"id":11376,"date":"2021-10-04T18:33:35","date_gmt":"2021-10-04T16:33:35","guid":{"rendered":"http:\/\/klubmamgdynia.pl\/index.php\/produkt\/raspberry-pi-4-model-b-4gb-rpi44gb\/"},"modified":"2026-04-25T21:22:40","modified_gmt":"2026-04-25T19:22:40","slug":"raspberry-pi-4-model-b-4gb-rpi44gb","status":"publish","type":"product","link":"http:\/\/klubmamgdynia.pl\/index.php\/produkt\/raspberry-pi-4-model-b-4gb-rpi44gb\/","title":{"rendered":"Raspberry Pi 4 Model B 4GB (RPI44GB)"},"content":{"rendered":"<p>Komputer Raspberry Pi 4\u00a0model B\u00a0Patrz\u0105c na Raspberry Pi 4 model B<br \/>\nzaskoczy Ci\u0119 fakt, \u017ce jest to komputer z mo\u017cliwo\u015bciami pe\u0142nowymiarowego<br \/>\ndesktopa. Ten niedrogi komputer w rozmiarze karty kredytowej pomo\u017ce Ci w zg\u0142\u0119bianiu<br \/>\npraktycznych umiej\u0119tno\u015bci w zakresie programowania, robotyki, sztucznej<br \/>\ninteligencji i wielu innych dziedzinach. Raspberry Pi 4 model B zapewnia<br \/>\nwszystkie funkcje komputer\u00f3w stacjonarnych \u2013 od tworzenia arkuszy<br \/>\nkalkulacyjnych po przegl\u0105danie stron internetowych i odtwarzanie multimedi\u00f3w.<\/p>\n<p>Pot\u0119\u017cna wydajno\u015b\u0107 i wielozadaniowo\u015b\u0107<\/p>\n<p>Mimo niezwykle kompaktowej konstrukcji, Raspberry<br \/>\nPi 4 model B oferuje znakomit\u0105 wydajno\u015b\u0107 i szybkie dzia\u0142anie. Sercem<br \/>\nkomputera jest 4-rdzeniowy procesor ARM Cortex-A72 o taktowaniu 1,5 GHz, kt\u00f3ry<br \/>\nzapewnia ogromn\u0105 moc obliczeniow\u0105. Co wi\u0119cej, Raspberry Pi 4 model B zosta\u0142<br \/>\nwyposa\u017cony w 4 GB pami\u0119ci RAM DDR4 o taktowaniu 2400 MHz.                            <\/p>\n<p>Obs\u0142uga<br \/>\nmultimedi\u00f3w z Raspberry Pi<\/p>\n<p>Raspberry<br \/>\nPi 4 model B to<br \/>\nnajnowszy dodatek serii komputer\u00f3w Raspberry Pi, kt\u00f3ry oferuje<br \/>\nponadprzeci\u0119tne mo\u017cliwo\u015bci w zakresie obs\u0142ugi multimedi\u00f3w. Dzi\u0119ki wydajnemu<br \/>\nprocesorowi i dw\u00f3m portom microHDMI masz mo\u017cliwo\u015b\u0107 pod\u0142\u0105czenia nawet dw\u00f3ch<br \/>\nmonitor\u00f3w w rozdzielczo\u015bci 4K. Ciesz si\u0119 rozrywk\u0105 na najwy\u017cszym poziomie.                            <\/p>\n<p>Bezprzewodowe interfejsy i bogactwo<br \/>\nport\u00f3w<\/p>\n<p>Rozbudowana \u0142\u0105czno\u015b\u0107 przewodowa i bezprzewodowa, jak\u0105<br \/>\noferuje Raspberry Pi 4 model B pozwoli Ci na \u0142atwiejsz\u0105 i wygodniejsz\u0105<br \/>\nprac\u0119. Wbudowany modu\u0142 Wi-Fi umo\u017cliwia komunikacj\u0119 z sieci\u0105 bezprzewodow\u0105 2,4<br \/>\nGHz oraz 5 GHz. Natomiast interfejs Bluetooth 5.0 pozwala na przesy\u0142 danych z<br \/>\ndu\u017c\u0105 pr\u0119dko\u015bci\u0105, oszcz\u0119dzaj\u0105c Tw\u00f3j czas.                            <\/p>\n<p>Komputer\u00a0Raspberry Pi 4 model B\u00a0zosta\u0142 wyposa\u017cony w podstawowe interfejsy komunikacyjne, takie jak: z\u0142\u0105cza microHDMI, porty USB 2.0 oraz USB, 3,0, gniazdo Ethernet, a tak\u017ce USB Type-C, kt\u00f3re odpowiada za zasilanie urz\u0105dzenia.<\/p>\n<h2>Raspberry Pi 4 Model B 4GB (RPI44GB) Raspberry Pi<\/h2>\n<p>kolorowanki super zings, mini zoo dolno\u015bl\u0105skie, zemsta test wiedzy, dobranoc zimowe, kolorowanki dla ch\u0142opc\u00f3w do druku, pomys\u0142y na prezent na roczek, bajka na dobranoc, milan imie, zagadki o przyborach szkolnych, \u017c\u0105rty na prima aprilis, ziemia wyspa zielona tekst, prezent dla 1 latka, gry i zabawy dla dzieci<\/p>\n<p>yyyyy<\/p>\n<p>&nbsp;<\/p>\n","protected":false},"excerpt":{"rendered":"<p>Komputer Raspberry Pi 4\u00a0model B\u00a0Patrz\u0105c na Raspberry Pi 4 model B zaskoczy Ci\u0119 fakt, \u017ce jest to komputer z mo\u017cliwo\u015bciami pe\u0142nowymiarowego desktopa. Ten niedrogi komputer w rozmiarze karty kredytowej pomo\u017ce Ci w zg\u0142\u0119bianiu praktycznych umiej\u0119tno\u015bci w zakresie programowania, robotyki, sztucznej inteligencji i wielu innych dziedzinach. Raspberry Pi 4 model B zapewnia wszystkie funkcje komputer\u00f3w stacjonarnych [&hellip;]<\/p>\n","protected":false},"featured_media":11377,"comment_status":"closed","ping_status":"open","template":"","meta":[],"product_cat":[2006,2005],"product_tag":[790,789,638,810,594,589,616],"class_list":["post-11376","product","type-product","status-publish","has-post-thumbnail","hentry","product_cat-mikrokontrolery","product_cat-raspberry-pi","product_tag-gry-planszowe-dla-nastolatkow","product_tag-kaczuszka","product_tag-miastodzieci","product_tag-nauka-zegara-do-druku","product_tag-podchwytliwe-zagadki-dla-dzieci","product_tag-prezent-dla-rocznego-dziecka","product_tag-test-mikolajek-25-pytan"],"_links":{"self":[{"href":"http:\/\/klubmamgdynia.pl\/index.php\/wp-json\/wp\/v2\/product\/11376","targetHints":{"allow":["GET"]}}],"collection":[{"href":"http:\/\/klubmamgdynia.pl\/index.php\/wp-json\/wp\/v2\/product"}],"about":[{"href":"http:\/\/klubmamgdynia.pl\/index.php\/wp-json\/wp\/v2\/types\/product"}],"replies":[{"embeddable":true,"href":"http:\/\/klubmamgdynia.pl\/index.php\/wp-json\/wp\/v2\/comments?post=11376"}],"wp:featuredmedia":[{"embeddable":true,"href":"http:\/\/klubmamgdynia.pl\/index.php\/wp-json\/wp\/v2\/media\/11377"}],"wp:attachment":[{"href":"http:\/\/klubmamgdynia.pl\/index.php\/wp-json\/wp\/v2\/media?parent=11376"}],"wp:term":[{"taxonomy":"product_cat","embeddable":true,"href":"http:\/\/klubmamgdynia.pl\/index.php\/wp-json\/wp\/v2\/product_cat?post=11376"},{"taxonomy":"product_tag","embeddable":true,"href":"http:\/\/klubmamgdynia.pl\/index.php\/wp-json\/wp\/v2\/product_tag?post=11376"}],"curies":[{"name":"wp","href":"https:\/\/api.w.org\/{rel}","templated":true}]}}