{"id":11378,"date":"2016-09-29T09:23:34","date_gmt":"2016-09-29T07:23:34","guid":{"rendered":"http:\/\/klubmamgdynia.pl\/index.php\/produkt\/spin-master-psi-patrol-marshall-i-jego-woz-strazacki-true-metal-20119531-6054503\/"},"modified":"2026-05-17T22:32:21","modified_gmt":"2026-05-17T20:32:21","slug":"spin-master-psi-patrol-marshall-i-jego-woz-strazacki-true-metal-20119531-6054503","status":"publish","type":"product","link":"http:\/\/klubmamgdynia.pl\/index.php\/produkt\/spin-master-psi-patrol-marshall-i-jego-woz-strazacki-true-metal-20119531-6054503\/","title":{"rendered":"Spin Master Psi Patrol Marshall I Jego W\u00f3z Stra\u017cacki True Metal 20119531 6054503"},"content":{"rendered":"<p>Psi Patrol Pojazd stra\u017cacki MarshallaNowa linia samochodzik\u00f3w Psi Patrol &#8211; True metal! Pojazdy wykonane s\u0105 z najwierniejszymi detalami w skali 1:55 i posiadaj\u0105 ruchome ko\u0142a. Zbierz ca\u0142\u0105 kolekcj\u0119 20 autek i ruszaj w po\u015bcig!Do serii metalowych pojazd\u00f3w bohater\u00f3w Psiego Patrolu dedykowany jest du\u017cy samoch\u00f3d z naczep\u0105 -Transportowiec dla pojazd\u00f3w True Metal 20116063 (sprzedawany oddzielnie)Autka wykonane z metalu z plastikowymi elementami w rozmiarze ok 8 cm.<\/p>\n<h2>Spin Master Psi Patrol Marshall I Jego W\u00f3z Stra\u017cacki True Metal 20119531 6054503 Spin Master<\/h2>\n<p>\u015bwi\u0119ta wielkanocne piosenka tekst, maski dla dzieci do druku, kr\u00f3tkie zagadki matematyczne z odpowiedziami, kolorowe kredki tekst, samolot z papieru, wierszyk o wakacjach, miko\u0142ajek sprawdzian z lektury z odpowiedziami, trudne \u0142amig\u0142\u00f3wki, chase psi patrol kolorowanka, dzie\u0144 nauczyciela teksty<\/p>\n<p>yyyyy<\/p>\n<p>&nbsp;<\/p>\n","protected":false},"excerpt":{"rendered":"<p>Psi Patrol Pojazd stra\u017cacki MarshallaNowa linia samochodzik\u00f3w Psi Patrol &#8211; True metal! Pojazdy wykonane s\u0105 z najwierniejszymi detalami w skali 1:55 i posiadaj\u0105 ruchome ko\u0142a. Zbierz ca\u0142\u0105 kolekcj\u0119 20 autek i ruszaj w po\u015bcig!Do serii metalowych pojazd\u00f3w bohater\u00f3w Psiego Patrolu dedykowany jest du\u017cy samoch\u00f3d z naczep\u0105 -Transportowiec dla pojazd\u00f3w True Metal 20116063 (sprzedawany oddzielnie)Autka wykonane [&hellip;]<\/p>\n","protected":false},"featured_media":11379,"comment_status":"closed","ping_status":"open","template":"","meta":[],"product_cat":[83,94],"product_tag":[655,743,576],"class_list":["post-11378","product","type-product","status-publish","has-post-thumbnail","hentry","product_cat-auta-i-inne-pojazdy-do-zabawy","product_cat-spin-master","product_tag-najlepsze-zagadki","product_tag-quiz-dla-dzieci","product_tag-trudne-zagadki"],"_links":{"self":[{"href":"http:\/\/klubmamgdynia.pl\/index.php\/wp-json\/wp\/v2\/product\/11378","targetHints":{"allow":["GET"]}}],"collection":[{"href":"http:\/\/klubmamgdynia.pl\/index.php\/wp-json\/wp\/v2\/product"}],"about":[{"href":"http:\/\/klubmamgdynia.pl\/index.php\/wp-json\/wp\/v2\/types\/product"}],"replies":[{"embeddable":true,"href":"http:\/\/klubmamgdynia.pl\/index.php\/wp-json\/wp\/v2\/comments?post=11378"}],"wp:featuredmedia":[{"embeddable":true,"href":"http:\/\/klubmamgdynia.pl\/index.php\/wp-json\/wp\/v2\/media\/11379"}],"wp:attachment":[{"href":"http:\/\/klubmamgdynia.pl\/index.php\/wp-json\/wp\/v2\/media?parent=11378"}],"wp:term":[{"taxonomy":"product_cat","embeddable":true,"href":"http:\/\/klubmamgdynia.pl\/index.php\/wp-json\/wp\/v2\/product_cat?post=11378"},{"taxonomy":"product_tag","embeddable":true,"href":"http:\/\/klubmamgdynia.pl\/index.php\/wp-json\/wp\/v2\/product_tag?post=11378"}],"curies":[{"name":"wp","href":"https:\/\/api.w.org\/{rel}","templated":true}]}}