{"id":1138,"date":"2020-08-01T23:17:08","date_gmt":"2020-08-01T21:17:08","guid":{"rendered":"http:\/\/klubmamgdynia.pl\/index.php\/produkt\/simba-steffi-lalka-na-spacerze-wozkiem-573-8060\/"},"modified":"2026-05-01T12:00:14","modified_gmt":"2026-05-01T10:00:14","slug":"simba-steffi-lalka-na-spacerze-wozkiem-573-8060","status":"publish","type":"product","link":"http:\/\/klubmamgdynia.pl\/index.php\/produkt\/simba-steffi-lalka-na-spacerze-wozkiem-573-8060\/","title":{"rendered":"Simba Steffi Lalka Na Spacerze W\u00f3zkiem 573-8060"},"content":{"rendered":"<p>Simba STEFFI Lalka z g\u0142\u0119bokim w\u00f3zkiem, r\u00f3\u017cowa sprawi, \u017ce dziewczynki b\u0119d\u0105 wymy\u015bla\u0107 ciekawe historie i wciela\u0107 si\u0119 w rol\u0119 troskliwych mam. Zestaw zapewni maluchom mn\u00f3stwo godzin przyjemnej i kreatywnej zabawy. Steffi ma dwoje uroczych bobas\u00f3w pod opiek\u0105. Weso\u0142a rodzinka wybiera si\u0119 na przyjemny spacerek. Dzieci we w\u00f3zeczku b\u0119d\u0105 mog\u0142y smacznie spa\u0107 na \u015bwie\u017cym powietrzu. Troskliwa mama nie zapomni zabra\u0107 na wypraw\u0119 niezb\u0119dne akcesoria dla niemowl\u0105t.Steffi z dw\u00f3jk\u0105 malutkich dzieci we w\u00f3zku wygl\u0105da zachwycaj\u0105co i zach\u0119ca dzieci do kreowania fascynuj\u0105cych scenek. Dziewczynki wymy\u015bl\u0105 przer\u00f3\u017cne \u017cyciowe scenki. Dzi\u0119ki do\u0142\u0105czonym produktom do piel\u0119gnacji i karmienia niemowl\u0105t mama Steffi perfekcyjnie opiekuje si\u0119 maluszkami. Zestaw ucieszy wszystkie mi\u0142o\u015bniczki lalkowych zabaw w dom i w mam\u0119.Zalety:\u2022 Lalka posiada d\u0142ugie w\u0142osy idealne do czesania;\u2022 W\u00f3zek z bobasami ucieszy wszystkie dziewczynki, kt\u00f3re uwielbiaj\u0105 wciela\u0107 si\u0119 w rol\u0119 mam;\u2022 Zabawki firmy Simba s\u0105 solidnie wykonane;\u2022 Zestaw ucieszy wszystkie mi\u0142o\u015bniczki lalek i zabaw w troskliwych rodzic\u00f3w;\u2022 Tematyczny zestaw z lalka Steffi zainspiruje dzieci do kreatywnych zabaw.W zestawie:\u2022 Lalka Steffi;\u2022 2 bobasy;\u2022 W\u00f3zek;\u2022 Akcesoria uzupe\u0142niaj\u0105ce.Cechy:\u2022 Wiek dziecka: od 3 lat.<\/p>\n<h2>Simba Steffi Lalka Na Spacerze W\u00f3zkiem 573-8060 Simba<\/h2>\n<p>kolorowanka spongebob, kr\u00f3tkie bajki do czytania na dobranoc, imi\u0119 kuba, dzie\u0144 dziecka dla nastolatk\u00f3w, atrakcje dla nastolatk\u00f3w warszawa<\/p>\n<p>yyyyy<\/p>\n<p>&nbsp;<\/p>\n","protected":false},"excerpt":{"rendered":"<p>Simba STEFFI Lalka z g\u0142\u0119bokim w\u00f3zkiem, r\u00f3\u017cowa sprawi, \u017ce dziewczynki b\u0119d\u0105 wymy\u015bla\u0107 ciekawe historie i wciela\u0107 si\u0119 w rol\u0119 troskliwych mam. Zestaw zapewni maluchom mn\u00f3stwo godzin przyjemnej i kreatywnej zabawy. Steffi ma dwoje uroczych bobas\u00f3w pod opiek\u0105. Weso\u0142a rodzinka wybiera si\u0119 na przyjemny spacerek. Dzieci we w\u00f3zeczku b\u0119d\u0105 mog\u0142y smacznie spa\u0107 na \u015bwie\u017cym powietrzu. Troskliwa [&hellip;]<\/p>\n","protected":false},"featured_media":1139,"comment_status":"closed","ping_status":"open","template":"","meta":[],"product_cat":[65,279],"product_tag":[865,699,771],"class_list":["post-1138","product","type-product","status-publish","has-post-thumbnail","hentry","product_cat-lalki","product_cat-simba","product_tag-cytaty-o-dzieciach","product_tag-kolorowanki-do-druku-dla-dziewczyn","product_tag-stolice-europy-quiz"],"_links":{"self":[{"href":"http:\/\/klubmamgdynia.pl\/index.php\/wp-json\/wp\/v2\/product\/1138","targetHints":{"allow":["GET"]}}],"collection":[{"href":"http:\/\/klubmamgdynia.pl\/index.php\/wp-json\/wp\/v2\/product"}],"about":[{"href":"http:\/\/klubmamgdynia.pl\/index.php\/wp-json\/wp\/v2\/types\/product"}],"replies":[{"embeddable":true,"href":"http:\/\/klubmamgdynia.pl\/index.php\/wp-json\/wp\/v2\/comments?post=1138"}],"wp:featuredmedia":[{"embeddable":true,"href":"http:\/\/klubmamgdynia.pl\/index.php\/wp-json\/wp\/v2\/media\/1139"}],"wp:attachment":[{"href":"http:\/\/klubmamgdynia.pl\/index.php\/wp-json\/wp\/v2\/media?parent=1138"}],"wp:term":[{"taxonomy":"product_cat","embeddable":true,"href":"http:\/\/klubmamgdynia.pl\/index.php\/wp-json\/wp\/v2\/product_cat?post=1138"},{"taxonomy":"product_tag","embeddable":true,"href":"http:\/\/klubmamgdynia.pl\/index.php\/wp-json\/wp\/v2\/product_tag?post=1138"}],"curies":[{"name":"wp","href":"https:\/\/api.w.org\/{rel}","templated":true}]}}