{"id":11382,"date":"2016-05-15T23:02:34","date_gmt":"2016-05-15T21:02:34","guid":{"rendered":"http:\/\/klubmamgdynia.pl\/index.php\/produkt\/gra-planszowa-spika-tier-lotto-kinderspiel-wersja-niemiecka\/"},"modified":"2026-04-03T21:51:23","modified_gmt":"2026-04-03T19:51:23","slug":"gra-planszowa-spika-tier-lotto-kinderspiel-wersja-niemiecka","status":"publish","type":"product","link":"http:\/\/klubmamgdynia.pl\/index.php\/produkt\/gra-planszowa-spika-tier-lotto-kinderspiel-wersja-niemiecka\/","title":{"rendered":"Gra planszowa Spika Tier &#8211; Lotto (Kinderspiel) (wersja niemiecka)"},"content":{"rendered":"<h2>Gra planszowa Spika Tier &#8211; Lotto (Kinderspiel) (wersja niemiecka) <\/h2>\n<p>cytaty dla przyjaciela, imiona postaci z bajek, dinozaur bajka, znaczenie imienia gabriel, ciekawe zagadki, piosenka dla mamy tekst, mia imi\u0119, zagadki logiczne na inteligencj\u0119 dla doros\u0142ych, wydarzenia warszawa dzisiaj, zagadki dla dzieci, podchwytliwe zagadki z odpowiedziami, narodziny dziecka cytaty, quiz o zwierz\u0119tach domowych, ksi\u0105\u017cka dla dzieci online, prezent dla 15 latki, bajki dla chlopcow<\/p>\n<p>yyyyy<\/p>\n<p>&nbsp;<\/p>\n","protected":false},"excerpt":{"rendered":"<p>Gra planszowa Spika Tier &#8211; Lotto (Kinderspiel) (wersja niemiecka) cytaty dla przyjaciela, imiona postaci z bajek, dinozaur bajka, znaczenie imienia gabriel, ciekawe zagadki, piosenka dla mamy tekst, mia imi\u0119, zagadki logiczne na inteligencj\u0119 dla doros\u0142ych, wydarzenia warszawa dzisiaj, zagadki dla dzieci, podchwytliwe zagadki z odpowiedziami, narodziny dziecka cytaty, quiz o zwierz\u0119tach domowych, ksi\u0105\u017cka dla dzieci [&hellip;]<\/p>\n","protected":false},"featured_media":11383,"comment_status":"closed","ping_status":"open","template":"","meta":[],"product_cat":[235],"product_tag":[648,828,654,840],"class_list":["post-11382","product","type-product","status-publish","has-post-thumbnail","hentry","product_cat-gry-planszowe","product_tag-dobrej-nocy-i-sza","product_tag-filmy-wigilijne-dla-dzieci","product_tag-krotkie-bajki-dla-dzieci-do-czytania","product_tag-stare-bajki"],"_links":{"self":[{"href":"http:\/\/klubmamgdynia.pl\/index.php\/wp-json\/wp\/v2\/product\/11382","targetHints":{"allow":["GET"]}}],"collection":[{"href":"http:\/\/klubmamgdynia.pl\/index.php\/wp-json\/wp\/v2\/product"}],"about":[{"href":"http:\/\/klubmamgdynia.pl\/index.php\/wp-json\/wp\/v2\/types\/product"}],"replies":[{"embeddable":true,"href":"http:\/\/klubmamgdynia.pl\/index.php\/wp-json\/wp\/v2\/comments?post=11382"}],"wp:featuredmedia":[{"embeddable":true,"href":"http:\/\/klubmamgdynia.pl\/index.php\/wp-json\/wp\/v2\/media\/11383"}],"wp:attachment":[{"href":"http:\/\/klubmamgdynia.pl\/index.php\/wp-json\/wp\/v2\/media?parent=11382"}],"wp:term":[{"taxonomy":"product_cat","embeddable":true,"href":"http:\/\/klubmamgdynia.pl\/index.php\/wp-json\/wp\/v2\/product_cat?post=11382"},{"taxonomy":"product_tag","embeddable":true,"href":"http:\/\/klubmamgdynia.pl\/index.php\/wp-json\/wp\/v2\/product_tag?post=11382"}],"curies":[{"name":"wp","href":"https:\/\/api.w.org\/{rel}","templated":true}]}}