{"id":11384,"date":"2024-12-29T22:42:55","date_gmt":"2024-12-29T21:42:55","guid":{"rendered":"http:\/\/klubmamgdynia.pl\/?post_type=product&#038;p=11384"},"modified":"2026-04-23T05:58:15","modified_gmt":"2026-04-23T03:58:15","slug":"krugermatz-eagle-1070-105-6-128gb-lte-czarny-km10701","status":"publish","type":"product","link":"http:\/\/klubmamgdynia.pl\/index.php\/produkt\/krugermatz-eagle-1070-105-6-128gb-lte-czarny-km10701\/","title":{"rendered":"Kruger&amp;Matz Eagle 1070 10,5&#8243; 6\/128GB LTE Czarny (KM10701)"},"content":{"rendered":"<p>Kruger&amp;Matz EAGLE 1070                            <\/p>\n<p>Pozwoli Ci<br \/>\nna przechowywanie naprawd\u0119 du\u017cej ilo\u015bci plik\u00f3w, muzyki i aplikacji. Urz\u0105dzenie<br \/>\nzosta\u0142o wyposa\u017cone w 128 GB pami\u0119ci wewn\u0119trznej, kt\u00f3r\u0105 mo\u017cna podwoi\u0107 za pomoc\u0105<br \/>\nkarty pami\u0119ci.                             <\/p>\n<p>EAGLE 1070 nap\u0119dza 8-rdzeniowym procesor<br \/>\nMediaTek Helio P60, wspierany 6 GB pami\u0119ci RAM. Takie po\u0142\u0105czenie gwarantuje<br \/>\np\u0142ynn\u0105 prac\u0119 i sprawia, \u017ce ten model sprawdzi si\u0119 m.in. jako tablet do gier.<br \/>\nWykorzystaj w pe\u0142ni mo\u017cliwo\u015bci oferowane przez sklep Play.                             <\/p>\n<p>EAGLE<br \/>\n1070 to tablet z<br \/>\nAndroidem 10, dlatego wybieraj\u0105c ten model otrzymujesz urz\u0105dzenie, kt\u00f3re jest<br \/>\nniezwykle intuicyjne i przyjazne dla u\u017cytkownika. Co wi\u0119cej, szereg wygodnych<br \/>\nfunkcji, w tym ulepszona nawigacja gestami czy minimalizuj\u0105cy zm\u0119czenie oczu<br \/>\nciemny motyw, znacznie poprawia komfort u\u017cytkowania tabletu. Kruger&amp;Matz<br \/>\nEAGLE 1070 to nie tylko bogate wn\u0119trze &#8211; na zewn\u0105trz urz\u0105dzenie prezentuje<br \/>\nsi\u0119 r\u00f3wnie atrakcyjnie. Smuk\u0142a, czarna obudowa przypadnie do gustu ka\u017cdemu. W<br \/>\ndodatku tablet jest lekki, a co za tym idzie komfortowy w u\u017cyciu. Korzystanie z<br \/>\nniego to czysta przyjemno\u015b\u0107.<\/p>\n<h2>Kruger&amp;Matz Eagle 1070 10,5&#8243; 6\/128GB LTE Czarny (KM10701) Kruger&amp;Matz<\/h2>\n<p>prezent na roczek dziewczynka, zabawy na dworze dla 10 latk\u00f3w, kolorowanka pokemon, rebusy i krzy\u017c\u00f3wki dla dzieci do druku<\/p>\n<p>yyyyy<\/p>\n<p>&nbsp;<\/p>\n","protected":false},"excerpt":{"rendered":"<p>Kruger&amp;Matz EAGLE 1070 Pozwoli Ci na przechowywanie naprawd\u0119 du\u017cej ilo\u015bci plik\u00f3w, muzyki i aplikacji. Urz\u0105dzenie zosta\u0142o wyposa\u017cone w 128 GB pami\u0119ci wewn\u0119trznej, kt\u00f3r\u0105 mo\u017cna podwoi\u0107 za pomoc\u0105 karty pami\u0119ci. EAGLE 1070 nap\u0119dza 8-rdzeniowym procesor MediaTek Helio P60, wspierany 6 GB pami\u0119ci RAM. Takie po\u0142\u0105czenie gwarantuje p\u0142ynn\u0105 prac\u0119 i sprawia, \u017ce ten model sprawdzi si\u0119 m.in. [&hellip;]<\/p>\n","protected":false},"featured_media":11385,"comment_status":"closed","ping_status":"open","template":"","meta":[],"product_cat":[2008,2009],"product_tag":[654,605,870,653,782,715],"class_list":["post-11384","product","type-product","status-publish","has-post-thumbnail","hentry","product_cat-krugermatz","product_cat-tablety-pc","product_tag-krotkie-bajki-dla-dzieci-do-czytania","product_tag-milena","product_tag-prezent-dla-chlopca-na-roczek","product_tag-warszawa-dla-dzieci","product_tag-zagadki-dla-dzieci-z-odpowiedziami","product_tag-zosia-samosia"],"_links":{"self":[{"href":"http:\/\/klubmamgdynia.pl\/index.php\/wp-json\/wp\/v2\/product\/11384","targetHints":{"allow":["GET"]}}],"collection":[{"href":"http:\/\/klubmamgdynia.pl\/index.php\/wp-json\/wp\/v2\/product"}],"about":[{"href":"http:\/\/klubmamgdynia.pl\/index.php\/wp-json\/wp\/v2\/types\/product"}],"replies":[{"embeddable":true,"href":"http:\/\/klubmamgdynia.pl\/index.php\/wp-json\/wp\/v2\/comments?post=11384"}],"wp:featuredmedia":[{"embeddable":true,"href":"http:\/\/klubmamgdynia.pl\/index.php\/wp-json\/wp\/v2\/media\/11385"}],"wp:attachment":[{"href":"http:\/\/klubmamgdynia.pl\/index.php\/wp-json\/wp\/v2\/media?parent=11384"}],"wp:term":[{"taxonomy":"product_cat","embeddable":true,"href":"http:\/\/klubmamgdynia.pl\/index.php\/wp-json\/wp\/v2\/product_cat?post=11384"},{"taxonomy":"product_tag","embeddable":true,"href":"http:\/\/klubmamgdynia.pl\/index.php\/wp-json\/wp\/v2\/product_tag?post=11384"}],"curies":[{"name":"wp","href":"https:\/\/api.w.org\/{rel}","templated":true}]}}