{"id":11386,"date":"2020-10-29T10:08:39","date_gmt":"2020-10-29T09:08:39","guid":{"rendered":"http:\/\/klubmamgdynia.pl\/index.php\/produkt\/psi-paw-patrol-marshall-maskotka-pluszak-60-cm\/"},"modified":"2026-04-04T10:13:46","modified_gmt":"2026-04-04T08:13:46","slug":"psi-paw-patrol-marshall-maskotka-pluszak-60-cm","status":"publish","type":"product","link":"http:\/\/klubmamgdynia.pl\/index.php\/produkt\/psi-paw-patrol-marshall-maskotka-pluszak-60-cm\/","title":{"rendered":"PSI PAW PATROL MARSHALL MASKOTKA PLUSZAK 60 cm"},"content":{"rendered":"<p>MEGA MASKOTKA PSI PATROL MARSHALL 60 CMPosiada holograficzny znaczek kt\u00f3ry wskazuje na to, \u017ce jest oryginalny.Rodzaj zabawki: Pluszak\/MaskotkaBohater: MarshallSeria: Psi PatrolRozmiar: 60cmUtrzymuje si\u0119 na 4 \u0142apach: TakMaskotka Wykonana jest z wielu warstw specjalnie uszytej tkaniny dzi\u0119ki co nadaje jej realistyczny tr\u00f3jwymiarowy wygl\u0105d.<\/p>\n<h2>PSI PAW PATROL MARSHALL MASKOTKA PLUSZAK 60 cm Play By Play<\/h2>\n<p>maurycy, test na patologi\u0119 z kubusia puchatka, planety uk\u0142ad s\u0142oneczny dla dzieci do druku, zabawy na bal karnawa\u0142owy w przedszkolu, bajka dla dzieci do czytania, prezent dla 17 latki, prezenty roczek, prezent dla rocznego dziecka, imie paula, kotki kolorowanka, mitologia grecka test wiedzy, kolorowanki ninjago, co kupic na roczek, znane misie z film\u00f3w animowanych, \u015bwi\u0105teczne filmy familijne<\/p>\n<p>yyyyy<\/p>\n<p>&nbsp;<\/p>\n","protected":false},"excerpt":{"rendered":"<p>MEGA MASKOTKA PSI PATROL MARSHALL 60 CMPosiada holograficzny znaczek kt\u00f3ry wskazuje na to, \u017ce jest oryginalny.Rodzaj zabawki: Pluszak\/MaskotkaBohater: MarshallSeria: Psi PatrolRozmiar: 60cmUtrzymuje si\u0119 na 4 \u0142apach: TakMaskotka Wykonana jest z wielu warstw specjalnie uszytej tkaniny dzi\u0119ki co nadaje jej realistyczny tr\u00f3jwymiarowy wygl\u0105d. PSI PAW PATROL MARSHALL MASKOTKA PLUSZAK 60 cm Play By Play maurycy, test [&hellip;]<\/p>\n","protected":false},"featured_media":11387,"comment_status":"closed","ping_status":"open","template":"","meta":[],"product_cat":[42,1954],"product_tag":[603,671,867,780,799],"class_list":["post-11386","product","type-product","status-publish","has-post-thumbnail","hentry","product_cat-maskotki","product_cat-play-by-play","product_tag-bajki-do-czytania","product_tag-cicha-noc-po-angielsku-tekst","product_tag-kolorowanki-dla-dziewczynek","product_tag-krecik-bajka","product_tag-zagadka-logiczna"],"_links":{"self":[{"href":"http:\/\/klubmamgdynia.pl\/index.php\/wp-json\/wp\/v2\/product\/11386","targetHints":{"allow":["GET"]}}],"collection":[{"href":"http:\/\/klubmamgdynia.pl\/index.php\/wp-json\/wp\/v2\/product"}],"about":[{"href":"http:\/\/klubmamgdynia.pl\/index.php\/wp-json\/wp\/v2\/types\/product"}],"replies":[{"embeddable":true,"href":"http:\/\/klubmamgdynia.pl\/index.php\/wp-json\/wp\/v2\/comments?post=11386"}],"wp:featuredmedia":[{"embeddable":true,"href":"http:\/\/klubmamgdynia.pl\/index.php\/wp-json\/wp\/v2\/media\/11387"}],"wp:attachment":[{"href":"http:\/\/klubmamgdynia.pl\/index.php\/wp-json\/wp\/v2\/media?parent=11386"}],"wp:term":[{"taxonomy":"product_cat","embeddable":true,"href":"http:\/\/klubmamgdynia.pl\/index.php\/wp-json\/wp\/v2\/product_cat?post=11386"},{"taxonomy":"product_tag","embeddable":true,"href":"http:\/\/klubmamgdynia.pl\/index.php\/wp-json\/wp\/v2\/product_tag?post=11386"}],"curies":[{"name":"wp","href":"https:\/\/api.w.org\/{rel}","templated":true}]}}