{"id":11388,"date":"2019-12-02T10:56:09","date_gmt":"2019-12-02T09:56:09","guid":{"rendered":"http:\/\/klubmamgdynia.pl\/index.php\/produkt\/torba-termiczna-chlodzaca-225l-lowenth-niebieska\/"},"modified":"2026-05-01T10:33:44","modified_gmt":"2026-05-01T08:33:44","slug":"torba-termiczna-chlodzaca-225l-lowenth-niebieska","status":"publish","type":"product","link":"http:\/\/klubmamgdynia.pl\/index.php\/produkt\/torba-termiczna-chlodzaca-225l-lowenth-niebieska\/","title":{"rendered":"Torba Termiczna Ch\u0142odz\u0105ca 22,5l Lowenth Niebieska"},"content":{"rendered":"<h2>Torba Termiczna Ch\u0142odz\u0105ca 22,5l Lowenth Niebieska Noname<\/h2>\n<p>p\u0142onie ognisko w lesie, lol surprise kolorowanka, zagadki logiczne z odpowiedziami, co kupi\u0107 na roczek dla dziewczynki, wilga, zabawy na dworze dla 10 latk\u00f3w, rzadkie imiona, najpi\u0119kniejsze piosenki \u015bwi\u0105teczne dla dzieci<\/p>\n<p>yyyyy<\/p>\n<p>&nbsp;<\/p>\n","protected":false},"excerpt":{"rendered":"<p>Torba Termiczna Ch\u0142odz\u0105ca 22,5l Lowenth Niebieska Noname p\u0142onie ognisko w lesie, lol surprise kolorowanka, zagadki logiczne z odpowiedziami, co kupi\u0107 na roczek dla dziewczynki, wilga, zabawy na dworze dla 10 latk\u00f3w, rzadkie imiona, najpi\u0119kniejsze piosenki \u015bwi\u0105teczne dla dzieci yyyyy &nbsp;<\/p>\n","protected":false},"featured_media":11389,"comment_status":"closed","ping_status":"open","template":"","meta":[],"product_cat":[2010,1117],"product_tag":[825,686,732,711,830],"class_list":["post-11388","product","type-product","status-publish","has-post-thumbnail","hentry","product_cat-akcesoria-turystyczne","product_cat-noname","product_tag-bajka-na-dobranoc-do-czytania","product_tag-co-na-roczek-dla-chlopca","product_tag-prezent-dla-rocznego-chlopca","product_tag-prezenty-dla-nastolatkow","product_tag-rodzina-cytaty"],"_links":{"self":[{"href":"http:\/\/klubmamgdynia.pl\/index.php\/wp-json\/wp\/v2\/product\/11388","targetHints":{"allow":["GET"]}}],"collection":[{"href":"http:\/\/klubmamgdynia.pl\/index.php\/wp-json\/wp\/v2\/product"}],"about":[{"href":"http:\/\/klubmamgdynia.pl\/index.php\/wp-json\/wp\/v2\/types\/product"}],"replies":[{"embeddable":true,"href":"http:\/\/klubmamgdynia.pl\/index.php\/wp-json\/wp\/v2\/comments?post=11388"}],"wp:featuredmedia":[{"embeddable":true,"href":"http:\/\/klubmamgdynia.pl\/index.php\/wp-json\/wp\/v2\/media\/11389"}],"wp:attachment":[{"href":"http:\/\/klubmamgdynia.pl\/index.php\/wp-json\/wp\/v2\/media?parent=11388"}],"wp:term":[{"taxonomy":"product_cat","embeddable":true,"href":"http:\/\/klubmamgdynia.pl\/index.php\/wp-json\/wp\/v2\/product_cat?post=11388"},{"taxonomy":"product_tag","embeddable":true,"href":"http:\/\/klubmamgdynia.pl\/index.php\/wp-json\/wp\/v2\/product_tag?post=11388"}],"curies":[{"name":"wp","href":"https:\/\/api.w.org\/{rel}","templated":true}]}}