{"id":11390,"date":"2019-09-09T15:31:29","date_gmt":"2019-09-09T13:31:29","guid":{"rendered":"http:\/\/klubmamgdynia.pl\/index.php\/produkt\/urwiskowo-koraliki-drewniane-do-nawlekania-ksztalty-kolory\/"},"modified":"2026-04-22T22:29:55","modified_gmt":"2026-04-22T20:29:55","slug":"urwiskowo-koraliki-drewniane-do-nawlekania-ksztalty-kolory","status":"publish","type":"product","link":"http:\/\/klubmamgdynia.pl\/index.php\/produkt\/urwiskowo-koraliki-drewniane-do-nawlekania-ksztalty-kolory\/","title":{"rendered":"Urwiskowo Koraliki Drewniane Do Nawlekania Kszta\u0142ty Kolory"},"content":{"rendered":"<p>Drewniane klocki to doskona\u0142a zabawka edukacyjna. Zabawa polega na dopasowywaniu i nawlekaniu na sznureczek klock\u00f3w, dzi\u0119ki czemu dziecko rozwija umiej\u0119tno\u015bci manualne i zr\u0119czno\u015bciowe. Ca\u0142o\u015b\u0107 wykonana z drewna w r\u00f3\u017cnych kszta\u0142tach, kt\u00f3re po odpowiednim dopasowaniu b\u0119d\u0105 do siebie pasowa\u0107.Klocki s\u0105 w 6 kolorach. Na ka\u017cdym jest dwustronny rysunek przedstawiaj\u0105cy r\u00f3\u017cne zwierz\u0105tka, przedmioty czy ro\u015bliny np. kotka, kartonik z mlekiem, kwiatuszka. Przy nawlekaniu koralik\u00f3w mo\u017cna je dopasowywa\u0107 do siebie wed\u0142ug zale\u017cno\u015bci, np. myszka-ser, piesek-kostka, pszcz\u00f3\u0142ka-kwiatuszek. Przez zabaw\u0119 dziecko:- \u0107wiczy cierpliwo\u015b\u0107, pami\u0119\u0107 do kszta\u0142t\u00f3w- poznaje kolory, kszta\u0142ty, zwierz\u0119ta,- rozwija wyobra\u017ani\u0119 W zestawie znajduj\u0105 si\u0119:- 54 klocki- 9 koralik\u00f3w- 2 sznureczki do nawlekania Odpowiedni wiek: 3 lata+Wielko\u015b\u0107 opakowania: 28,2 x 21 x 3,7 cmD\u0142ugo\u015b\u0107 sznureczk\u00f3w: 79 cmWymiary przyk\u0142adowego klocka: 3,8 x 3,6 x 1,2 cmWymiary przyk\u0142adowego klocka: 3,5 x 2,6 x 1,2 cmInformacja od producenta: Nie nadaje si\u0119 dla dzieci w wieku poni\u017cej 36 miesi\u0119cy. Zawiera ma\u0142e cz\u0119\u015bci, kt\u00f3re \u0142atwo po\u0142kn\u0105\u0107 lub kt\u00f3re mog\u0105 si\u0119 dosta\u0107 do dr\u00f3g oddechowych. Niebezpiecze\u0144stwo uduszenia.<\/p>\n<h2>Urwiskowo Koraliki Drewniane Do Nawlekania Kszta\u0142ty Kolory Inny<\/h2>\n<p>dziecko cytaty z\u0142ote my\u015bli, imi\u0119 leon, stare wiersze dla dzieci, gabriela, jedzie poci\u0105g z daleka tekst, trudne zagadki logiczne, quiz dzieci z bullerbyn, tabliczka mno\u017cenia kolorowanki do wydruku<\/p>\n<p>yyyyy<\/p>\n<p>&nbsp;<\/p>\n","protected":false},"excerpt":{"rendered":"<p>Drewniane klocki to doskona\u0142a zabawka edukacyjna. Zabawa polega na dopasowywaniu i nawlekaniu na sznureczek klock\u00f3w, dzi\u0119ki czemu dziecko rozwija umiej\u0119tno\u015bci manualne i zr\u0119czno\u015bciowe. Ca\u0142o\u015b\u0107 wykonana z drewna w r\u00f3\u017cnych kszta\u0142tach, kt\u00f3re po odpowiednim dopasowaniu b\u0119d\u0105 do siebie pasowa\u0107.Klocki s\u0105 w 6 kolorach. Na ka\u017cdym jest dwustronny rysunek przedstawiaj\u0105cy r\u00f3\u017cne zwierz\u0105tka, przedmioty czy ro\u015bliny np. kotka, [&hellip;]<\/p>\n","protected":false},"featured_media":11391,"comment_status":"closed","ping_status":"open","template":"","meta":[],"product_cat":[169,21],"product_tag":[821,599,665,629,623],"class_list":["post-11390","product","type-product","status-publish","has-post-thumbnail","hentry","product_cat-inny","product_cat-zabawki-plastyczne","product_tag-marianna","product_tag-prezent-dla-nastolatkow-2021","product_tag-proste-zagadki","product_tag-smieszne-zagadki-z-odpowiedziami","product_tag-zagadki-logiczne-smieszne"],"_links":{"self":[{"href":"http:\/\/klubmamgdynia.pl\/index.php\/wp-json\/wp\/v2\/product\/11390","targetHints":{"allow":["GET"]}}],"collection":[{"href":"http:\/\/klubmamgdynia.pl\/index.php\/wp-json\/wp\/v2\/product"}],"about":[{"href":"http:\/\/klubmamgdynia.pl\/index.php\/wp-json\/wp\/v2\/types\/product"}],"replies":[{"embeddable":true,"href":"http:\/\/klubmamgdynia.pl\/index.php\/wp-json\/wp\/v2\/comments?post=11390"}],"wp:featuredmedia":[{"embeddable":true,"href":"http:\/\/klubmamgdynia.pl\/index.php\/wp-json\/wp\/v2\/media\/11391"}],"wp:attachment":[{"href":"http:\/\/klubmamgdynia.pl\/index.php\/wp-json\/wp\/v2\/media?parent=11390"}],"wp:term":[{"taxonomy":"product_cat","embeddable":true,"href":"http:\/\/klubmamgdynia.pl\/index.php\/wp-json\/wp\/v2\/product_cat?post=11390"},{"taxonomy":"product_tag","embeddable":true,"href":"http:\/\/klubmamgdynia.pl\/index.php\/wp-json\/wp\/v2\/product_tag?post=11390"}],"curies":[{"name":"wp","href":"https:\/\/api.w.org\/{rel}","templated":true}]}}