{"id":11392,"date":"2022-10-21T11:57:33","date_gmt":"2022-10-21T09:57:33","guid":{"rendered":"http:\/\/klubmamgdynia.pl\/index.php\/produkt\/hero-psi-patrol-plusz-kosmiczny-marshall28cm-34102\/"},"modified":"2026-04-03T23:53:28","modified_gmt":"2026-04-03T21:53:28","slug":"hero-psi-patrol-plusz-kosmiczny-marshall28cm-34102","status":"publish","type":"product","link":"http:\/\/klubmamgdynia.pl\/index.php\/produkt\/hero-psi-patrol-plusz-kosmiczny-marshall28cm-34102\/","title":{"rendered":"Hero Psi Patrol Plusz Kosmiczny Marshall28Cm 34102"},"content":{"rendered":"<p>SUPER CENA &#8211; TANIA DOSTAWA ! &#8211; hero Psi Patrol plusz kosmiczny Marshall19cm 34089 &#8211; PACZKOMAT, POCZTA, KURIER<\/p>\n<h2>Hero Psi Patrol Plusz Kosmiczny Marshall28Cm 34102 Hero<\/h2>\n<p>test z lektury opowie\u015bci z narnii lew czarownica i stara szafa, bardzo trudne zagadki, kr\u00f3tkie zagadki matematyczne z odpowiedziami, bezwarunkowa mi\u0142o\u015b\u0107 do dziecka cytaty, jak narysowa\u0107 sanie miko\u0142aja, kanapki dla dzieci, piosenki na dobranoc tekst, prezent dla nastolatk\u00f3w 2020, peppa kolorowanka, pola imie, tezeusz, zagadki z odpowiedziami, cytaty na dzien dziecka, malowanki dla dzieci do druku, bajka krecik, \u0142\u00f3d\u017a atrakcje dla dzieci, test spos\u00f3b na alcybiadesa, prezenty dla nastolatkow, quizy geograficzne, tajemniczy ogr\u00f3d test z lektury, imi\u0119 kostek<\/p>\n<p>yyyyy<\/p>\n<p>&nbsp;<\/p>\n","protected":false},"excerpt":{"rendered":"<p>SUPER CENA &#8211; TANIA DOSTAWA ! &#8211; hero Psi Patrol plusz kosmiczny Marshall19cm 34089 &#8211; PACZKOMAT, POCZTA, KURIER Hero Psi Patrol Plusz Kosmiczny Marshall28Cm 34102 Hero test z lektury opowie\u015bci z narnii lew czarownica i stara szafa, bardzo trudne zagadki, kr\u00f3tkie zagadki matematyczne z odpowiedziami, bezwarunkowa mi\u0142o\u015b\u0107 do dziecka cytaty, jak narysowa\u0107 sanie miko\u0142aja, kanapki [&hellip;]<\/p>\n","protected":false},"featured_media":11393,"comment_status":"closed","ping_status":"open","template":"","meta":[],"product_cat":[1198,42],"product_tag":[603,727,742,715],"class_list":["post-11392","product","type-product","status-publish","has-post-thumbnail","hentry","product_cat-hero","product_cat-maskotki","product_tag-bajki-do-czytania","product_tag-godlo-polski-do-druku","product_tag-piosenki-dla-dzieci-tekst","product_tag-zosia-samosia"],"_links":{"self":[{"href":"http:\/\/klubmamgdynia.pl\/index.php\/wp-json\/wp\/v2\/product\/11392","targetHints":{"allow":["GET"]}}],"collection":[{"href":"http:\/\/klubmamgdynia.pl\/index.php\/wp-json\/wp\/v2\/product"}],"about":[{"href":"http:\/\/klubmamgdynia.pl\/index.php\/wp-json\/wp\/v2\/types\/product"}],"replies":[{"embeddable":true,"href":"http:\/\/klubmamgdynia.pl\/index.php\/wp-json\/wp\/v2\/comments?post=11392"}],"wp:featuredmedia":[{"embeddable":true,"href":"http:\/\/klubmamgdynia.pl\/index.php\/wp-json\/wp\/v2\/media\/11393"}],"wp:attachment":[{"href":"http:\/\/klubmamgdynia.pl\/index.php\/wp-json\/wp\/v2\/media?parent=11392"}],"wp:term":[{"taxonomy":"product_cat","embeddable":true,"href":"http:\/\/klubmamgdynia.pl\/index.php\/wp-json\/wp\/v2\/product_cat?post=11392"},{"taxonomy":"product_tag","embeddable":true,"href":"http:\/\/klubmamgdynia.pl\/index.php\/wp-json\/wp\/v2\/product_tag?post=11392"}],"curies":[{"name":"wp","href":"https:\/\/api.w.org\/{rel}","templated":true}]}}