{"id":11394,"date":"2018-12-21T17:29:48","date_gmt":"2018-12-21T16:29:48","guid":{"rendered":"http:\/\/klubmamgdynia.pl\/index.php\/produkt\/lampka-nocna-zmieniajaca-kolory-auta-zygzak-standard\/"},"modified":"2026-04-07T14:27:01","modified_gmt":"2026-04-07T12:27:01","slug":"lampka-nocna-zmieniajaca-kolory-auta-zygzak-standard","status":"publish","type":"product","link":"http:\/\/klubmamgdynia.pl\/index.php\/produkt\/lampka-nocna-zmieniajaca-kolory-auta-zygzak-standard\/","title":{"rendered":"Lampka Nocna Zmieniaj\u0105ca Kolory Auta Zygzak Standard"},"content":{"rendered":"<p>Lampka SpiderMan push zmieniaj\u0105ca koloryRozmiar: 11x8cmMateria\u0142: Podstawa &#8211; ABS (tworzywo)Typ \u017car\u00f3wki: Led\/RBGZasilanie: 3 x AA nie do\u0142\u0105czone.Opakowanie upominkowe.<\/p>\n<h2>Lampka Nocna Zmieniaj\u0105ca Kolory Auta Zygzak Standard Noname<\/h2>\n<p>sentencje o dzieciach, kolorowanki winx, ach \u015bpij kochanie tekst, prezent dla pi\u0119tnastolatka, quizy dla dzieci 10 lat, everest psi patrol kolorowanka, zimowe zagadki, test z asiuni lektury<\/p>\n<p>yyyyy<\/p>\n<p>&nbsp;<\/p>\n","protected":false},"excerpt":{"rendered":"<p>Lampka SpiderMan push zmieniaj\u0105ca koloryRozmiar: 11x8cmMateria\u0142: Podstawa &#8211; ABS (tworzywo)Typ \u017car\u00f3wki: Led\/RBGZasilanie: 3 x AA nie do\u0142\u0105czone.Opakowanie upominkowe. Lampka Nocna Zmieniaj\u0105ca Kolory Auta Zygzak Standard Noname sentencje o dzieciach, kolorowanki winx, ach \u015bpij kochanie tekst, prezent dla pi\u0119tnastolatka, quizy dla dzieci 10 lat, everest psi patrol kolorowanka, zimowe zagadki, test z asiuni lektury yyyyy &nbsp;<\/p>\n","protected":false},"featured_media":11395,"comment_status":"closed","ping_status":"open","template":"","meta":[],"product_cat":[138,1117],"product_tag":[686,576,607],"class_list":["post-11394","product","type-product","status-publish","has-post-thumbnail","hentry","product_cat-lampki-dzieciece","product_cat-noname","product_tag-co-na-roczek-dla-chlopca","product_tag-trudne-zagadki","product_tag-zarty-na-prima-aprilis-dla-rodzicow"],"_links":{"self":[{"href":"http:\/\/klubmamgdynia.pl\/index.php\/wp-json\/wp\/v2\/product\/11394","targetHints":{"allow":["GET"]}}],"collection":[{"href":"http:\/\/klubmamgdynia.pl\/index.php\/wp-json\/wp\/v2\/product"}],"about":[{"href":"http:\/\/klubmamgdynia.pl\/index.php\/wp-json\/wp\/v2\/types\/product"}],"replies":[{"embeddable":true,"href":"http:\/\/klubmamgdynia.pl\/index.php\/wp-json\/wp\/v2\/comments?post=11394"}],"wp:featuredmedia":[{"embeddable":true,"href":"http:\/\/klubmamgdynia.pl\/index.php\/wp-json\/wp\/v2\/media\/11395"}],"wp:attachment":[{"href":"http:\/\/klubmamgdynia.pl\/index.php\/wp-json\/wp\/v2\/media?parent=11394"}],"wp:term":[{"taxonomy":"product_cat","embeddable":true,"href":"http:\/\/klubmamgdynia.pl\/index.php\/wp-json\/wp\/v2\/product_cat?post=11394"},{"taxonomy":"product_tag","embeddable":true,"href":"http:\/\/klubmamgdynia.pl\/index.php\/wp-json\/wp\/v2\/product_tag?post=11394"}],"curies":[{"name":"wp","href":"https:\/\/api.w.org\/{rel}","templated":true}]}}