{"id":11396,"date":"2012-10-13T20:42:25","date_gmt":"2012-10-13T18:42:25","guid":{"rendered":"http:\/\/klubmamgdynia.pl\/index.php\/produkt\/logitech-m190-szara-910-005905\/"},"modified":"2026-04-23T01:09:40","modified_gmt":"2026-04-22T23:09:40","slug":"logitech-m190-szara-910-005905","status":"publish","type":"product","link":"http:\/\/klubmamgdynia.pl\/index.php\/produkt\/logitech-m190-szara-910-005905\/","title":{"rendered":"LOGITECH M190 szara (910-005905)"},"content":{"rendered":"<p>PE\u0141NOWYMIAROWA WYGODA. \u0141\u0104CZNO\u015a\u0106 BEZPRZEWODOWA BEZ OP\u00d3\u0179NIE\u0143.Logitech M190 to pe\u0142nowymiarowa mysz bezprzewodowa o wygodnej, wyprofilowanej konstrukcji, kt\u00f3ra pod\u0105\u017ca za naturaln\u0105 krzywizn\u0105 \u015brednich i du\u017cych d\u0142oni. Mo\u017cliwo\u015b\u0107 bezprzewodowej pracy i swobodnego poruszania si\u0119 zasi\u0119g do 10 metr\u00f3w praktycznie bez przerw i op\u00f3\u017anie\u0144. Zyskasz \u015bwietn\u0105 jako\u015b\u0107 z bateri\u0105 o \u017cywotno\u015bci 18 miesi\u0119cy z precyzyjnym \u015bledzeniem ruchu i dok\u0142adnym przewijaniem linia po linii w przyst\u0119pnej cenie.PE\u0141NY WYMIAR. PE\u0141NA WYGODAOptymalny komfort dostosowany do obu d\u0142oni z wyprofilowanym kszta\u0142tem, kt\u00f3ry dopasowuje si\u0119 do naturalnej krzywizny wi\u0119kszych d\u0142oni. Specjalnie wyci\u0119te przyciski zapewniaj\u0105 idealne u\u0142o\u017cenie palc\u00f3w, a dodatkowe oparcie d\u0142oni zapewnia wygod\u0119 przez ca\u0142y dzie\u0144.JAKO\u015a\u0106, KT\u00d3RA WYSTARCZA NA D\u0141UGOKorzystaj z trwa\u0142o\u015bci i niezawodno\u015bci oferowanej przez najlepszego na \u015bwiecie dostawcy myszy i klawiatur Niezale\u017cnie od tego, czy u\u017cywasz myszy M190 z laptopem, komputerem stacjonarnym, w domu czy w podr\u00f3\u017cy, jest to mysz, na kt\u00f3rej mo\u017cesz zawsze polega\u0107. Zyskujesz \u015bwietn\u0105 jako\u015b\u0107 z wszystkimi podstawowymi funkcjami, kt\u00f3rych potrzebujesz w przyst\u0119pnej cenie.\u0141\u0104CZNO\u015a\u0106 BEZPRZEWODOWA BEZ OP\u00d3\u0179NIE\u0143Pracuj bezprzewodowo i swobodnie poruszaj si\u0119 dzi\u0119ki zasi\u0119gowi do 10 m praktycznie bez \u017cadnych przerw i op\u00f3\u017anie\u0144. Brak kabla oznacza brak ba\u0142aganu na biurku i \u0142atwy transport z jednego miejsca pracy do drugiego.PRECYZYJNE \u015aLEDZENIE RUCH\u00d3W. BEZPROBLEMOWE PRZEWIJANIE.Nawiguj jeszcze \u0142atwiej dzi\u0119ki kontrolowanemu przewijaniu linia po linii. Czujnik optyczny zapewnia p\u0142ynne i dok\u0142adne sterowanie kursorem na prawie ka\u017cdej powierzchni. Oznacza to dok\u0142adne ruchy myszy bez irytuj\u0105cych nietrafionych klikni\u0119\u0107.18 MIESI\u0118CY. JEDNA BATERIA AA.Ciesz si\u0119 18-miesi\u0119cznym bezproblemowym u\u017cytkowaniem. Tryb oszcz\u0119dzania energii automatycznie w\u0142\u0105cza si\u0119, gdy nie u\u017cywasz myszy.PLUG &amp; PLAYDzia\u0142a od razu po wyj\u0119ciu z pude\u0142ka po prostu pod\u0142\u0105cz odbiornik USB i zacznij prac\u0119.Informacje o produkciePrzeznaczenie BiuroSensor OptycznyLiczba przycisk\u00f3w 3Liczba rolek 1Profil UniwersalnyRozdzielczo\u015b\u0107 (maks.) 1000 dpiPo\u0142\u0105czenie BezprzewodoweZasi\u0119g 10 mInterfejs Radio 2,4 GHzPod\u015bwietlenie NieZasilanie USB 5VAkcesoria w zestawie Mysz bezprzewodowaBateria AA (zainstalowana w urz\u0105dzeniu)Dokumentacja produktuKolor CzarnyW\u0119giel drzewnyWymiary Wysoko\u015b\u0107: 115.4 mmSzeroko\u015b\u0107: 66.1 mmG\u0142\u0119boko\u015b\u0107: 40.3 mmWaga 89.9 gPozosta\u0142e parametry Technologia czujnika: Optyczne \u015bledzenie ruchu o wysokiej precyzjiK\u00f3\u0142ko przewijania: Precyzyjne przewijanie linia po liniiMysz z obs\u0142ug\u0105 technologii Unifying: NieOdbiornik z obs\u0142ug\u0105 technologii Unifying: Nie\u017bywotno\u015b\u0107 baterii: 18 miesi\u0119cyZasi\u0119g dzia\u0142ania bezprzewodowego: 10 m (Zasi\u0119g \u0142\u0105czno\u015bci bezprzewodowej i \u017cywotno\u015b\u0107 baterii mo\u017ce si\u0119 r\u00f3\u017cni\u0107 w zale\u017cno\u015bci od u\u017cytkownika, warunk\u00f3w otoczenia i charakteru pracy na komputerze)Technologia \u0142\u0105czno\u015bci bezprzewodowej: Nanoodbiornik Logitech<\/p>\n<h2>LOGITECH M190 szara (910-005905) Logitech<\/h2>\n<p>gad\u017cety dla nastolatk\u00f3w 2021, test z dynastii mizio\u0142k\u00f3w, \u017carty prima aprilis, filmy disneya, ozdoby wielkanocne z dzie\u0107mi, by\u0142a sobie \u017cabka ma\u0142a tekst, kolorowanka pikachu, lol kolorowanki do druku, imie nadia, kolorowanka kotka, bajki na dobranoc do czytania, zagadki dla dzieci 7-8 lat, pomysly na prima aprilis, jakie prezenty na roczek<\/p>\n<p>yyyyy<\/p>\n<p>&nbsp;<\/p>\n","protected":false},"excerpt":{"rendered":"<p>PE\u0141NOWYMIAROWA WYGODA. \u0141\u0104CZNO\u015a\u0106 BEZPRZEWODOWA BEZ OP\u00d3\u0179NIE\u0143.Logitech M190 to pe\u0142nowymiarowa mysz bezprzewodowa o wygodnej, wyprofilowanej konstrukcji, kt\u00f3ra pod\u0105\u017ca za naturaln\u0105 krzywizn\u0105 \u015brednich i du\u017cych d\u0142oni. Mo\u017cliwo\u015b\u0107 bezprzewodowej pracy i swobodnego poruszania si\u0119 zasi\u0119g do 10 metr\u00f3w praktycznie bez przerw i op\u00f3\u017anie\u0144. Zyskasz \u015bwietn\u0105 jako\u015b\u0107 z bateri\u0105 o \u017cywotno\u015bci 18 miesi\u0119cy z precyzyjnym \u015bledzeniem ruchu i dok\u0142adnym [&hellip;]<\/p>\n","protected":false},"featured_media":11397,"comment_status":"closed","ping_status":"open","template":"","meta":[],"product_cat":[2011,1943],"product_tag":[845,648,655,767],"class_list":["post-11396","product","type-product","status-publish","has-post-thumbnail","hentry","product_cat-logitech","product_cat-myszy-i-trackballe","product_tag-ach-spij-kochanie-tekst","product_tag-dobrej-nocy-i-sza","product_tag-najlepsze-zagadki","product_tag-zaproszenia-urodzinowe-do-druku"],"_links":{"self":[{"href":"http:\/\/klubmamgdynia.pl\/index.php\/wp-json\/wp\/v2\/product\/11396","targetHints":{"allow":["GET"]}}],"collection":[{"href":"http:\/\/klubmamgdynia.pl\/index.php\/wp-json\/wp\/v2\/product"}],"about":[{"href":"http:\/\/klubmamgdynia.pl\/index.php\/wp-json\/wp\/v2\/types\/product"}],"replies":[{"embeddable":true,"href":"http:\/\/klubmamgdynia.pl\/index.php\/wp-json\/wp\/v2\/comments?post=11396"}],"wp:featuredmedia":[{"embeddable":true,"href":"http:\/\/klubmamgdynia.pl\/index.php\/wp-json\/wp\/v2\/media\/11397"}],"wp:attachment":[{"href":"http:\/\/klubmamgdynia.pl\/index.php\/wp-json\/wp\/v2\/media?parent=11396"}],"wp:term":[{"taxonomy":"product_cat","embeddable":true,"href":"http:\/\/klubmamgdynia.pl\/index.php\/wp-json\/wp\/v2\/product_cat?post=11396"},{"taxonomy":"product_tag","embeddable":true,"href":"http:\/\/klubmamgdynia.pl\/index.php\/wp-json\/wp\/v2\/product_tag?post=11396"}],"curies":[{"name":"wp","href":"https:\/\/api.w.org\/{rel}","templated":true}]}}