{"id":1140,"date":"2022-06-19T06:33:20","date_gmt":"2022-06-19T04:33:20","guid":{"rendered":"http:\/\/klubmamgdynia.pl\/index.php\/produkt\/willy-morgan-and-the-curse-of-bone-town-gra-ns\/"},"modified":"2026-04-29T18:11:19","modified_gmt":"2026-04-29T16:11:19","slug":"willy-morgan-and-the-curse-of-bone-town-gra-ns","status":"publish","type":"product","link":"http:\/\/klubmamgdynia.pl\/index.php\/produkt\/willy-morgan-and-the-curse-of-bone-town-gra-ns\/","title":{"rendered":"Willy Morgan and the Curse of Bone Town (Gra NS)"},"content":{"rendered":"<p>Willy Morgan to trzecioosobowa gra przygodowa, osadzona w \u015bwiecie fantasy o tematyce pirackiej z nowoczesnym akcentem<\/p>\n<h2>Willy Morgan and the Curse of Bone Town (Gra NS) BADLanD Games<\/h2>\n<p>kartka walentynkow\u0105 przedszkole, w uk\u0142adzie s\u0142onecznym tekst, cytat matka, wobies, ja\u015bmina, prezent dla pi\u0119tnastolatka, sara, kuchcikowo przepisy dla dzieci, jak zrobi\u0107 samolot z papieru, bajki o ksi\u0119\u017cniczkach do czytania, test na znaki drogowe, \u015bwinka peppa kolorowanka do druku, znaki drogowe quizy<\/p>\n<p>yyyyy<\/p>\n<p>&nbsp;<\/p>\n","protected":false},"excerpt":{"rendered":"<p>Willy Morgan to trzecioosobowa gra przygodowa, osadzona w \u015bwiecie fantasy o tematyce pirackiej z nowoczesnym akcentem Willy Morgan and the Curse of Bone Town (Gra NS) BADLanD Games kartka walentynkow\u0105 przedszkole, w uk\u0142adzie s\u0142onecznym tekst, cytat matka, wobies, ja\u015bmina, prezent dla pi\u0119tnastolatka, sara, kuchcikowo przepisy dla dzieci, jak zrobi\u0107 samolot z papieru, bajki o ksi\u0119\u017cniczkach [&hellip;]<\/p>\n","protected":false},"featured_media":1141,"comment_status":"closed","ping_status":"open","template":"","meta":[],"product_cat":[347,348],"product_tag":[827,755,659,592,779],"class_list":["post-1140","product","type-product","status-publish","has-post-thumbnail","hentry","product_cat-badland-games","product_cat-gry-nintendo-switch","product_tag-bajki-dla-niemowlat","product_tag-henryk","product_tag-tupu-tup-po-sniegu-tekst","product_tag-zagadki-dla-dzieci","product_tag-zarty-na-prima-aprilis-w-domu"],"_links":{"self":[{"href":"http:\/\/klubmamgdynia.pl\/index.php\/wp-json\/wp\/v2\/product\/1140","targetHints":{"allow":["GET"]}}],"collection":[{"href":"http:\/\/klubmamgdynia.pl\/index.php\/wp-json\/wp\/v2\/product"}],"about":[{"href":"http:\/\/klubmamgdynia.pl\/index.php\/wp-json\/wp\/v2\/types\/product"}],"replies":[{"embeddable":true,"href":"http:\/\/klubmamgdynia.pl\/index.php\/wp-json\/wp\/v2\/comments?post=1140"}],"wp:featuredmedia":[{"embeddable":true,"href":"http:\/\/klubmamgdynia.pl\/index.php\/wp-json\/wp\/v2\/media\/1141"}],"wp:attachment":[{"href":"http:\/\/klubmamgdynia.pl\/index.php\/wp-json\/wp\/v2\/media?parent=1140"}],"wp:term":[{"taxonomy":"product_cat","embeddable":true,"href":"http:\/\/klubmamgdynia.pl\/index.php\/wp-json\/wp\/v2\/product_cat?post=1140"},{"taxonomy":"product_tag","embeddable":true,"href":"http:\/\/klubmamgdynia.pl\/index.php\/wp-json\/wp\/v2\/product_tag?post=1140"}],"curies":[{"name":"wp","href":"https:\/\/api.w.org\/{rel}","templated":true}]}}