{"id":11400,"date":"2023-09-14T13:57:21","date_gmt":"2023-09-14T11:57:21","guid":{"rendered":"http:\/\/klubmamgdynia.pl\/?post_type=product&#038;p=11400"},"modified":"2026-04-19T04:14:00","modified_gmt":"2026-04-19T02:14:00","slug":"spin-master-psi-patrol-pojazd-z-figurka-marshall-woz-strazacki-20114322","status":"publish","type":"product","link":"http:\/\/klubmamgdynia.pl\/index.php\/produkt\/spin-master-psi-patrol-pojazd-z-figurka-marshall-woz-strazacki-20114322\/","title":{"rendered":"Spin Master Psi Patrol Pojazd Z Figurk\u0105 Marshall W\u00f3z Stra\u017cacki 20114322"},"content":{"rendered":"<p>Spin Master Psi Patrol Pojazd W\u00f3z stra\u017caki z figurk\u0105 Marshall 20114322Psi Patrol to perypetie o&#8230;<\/p>\n<h2>Spin Master Psi Patrol Pojazd Z Figurk\u0105 Marshall W\u00f3z Stra\u017cacki 20114322 Spin Master<\/h2>\n<p>kolorowanki andrzejkowe, atrakcje wroc\u0142aw i okolice, jak narysowa\u0107 cz\u0142owieka, kartka walentynkowa r\u0119cznie robiona \u0142atwa, sing 2 multikino, test znaki drogowe, kolorowanki bajki, \u015bmieszne zagadki dla dzieci 10 lat, cytat o rodzinie<\/p>\n<p>yyyyy<\/p>\n<p>&nbsp;<\/p>\n","protected":false},"excerpt":{"rendered":"<p>Spin Master Psi Patrol Pojazd W\u00f3z stra\u017caki z figurk\u0105 Marshall 20114322Psi Patrol to perypetie o&#8230; Spin Master Psi Patrol Pojazd Z Figurk\u0105 Marshall W\u00f3z Stra\u017cacki 20114322 Spin Master kolorowanki andrzejkowe, atrakcje wroc\u0142aw i okolice, jak narysowa\u0107 cz\u0142owieka, kartka walentynkowa r\u0119cznie robiona \u0142atwa, sing 2 multikino, test znaki drogowe, kolorowanki bajki, \u015bmieszne zagadki dla dzieci 10 [&hellip;]<\/p>\n","protected":false},"featured_media":11401,"comment_status":"closed","ping_status":"open","template":"","meta":[],"product_cat":[83,94],"product_tag":[598,853,805],"class_list":["post-11400","product","type-product","status-publish","has-post-thumbnail","hentry","product_cat-auta-i-inne-pojazdy-do-zabawy","product_cat-spin-master","product_tag-co-na-roczek-dla-dziewczynki","product_tag-kolorowanki-do-druku-dla-doroslych","product_tag-znaczenie-imienia-alan"],"_links":{"self":[{"href":"http:\/\/klubmamgdynia.pl\/index.php\/wp-json\/wp\/v2\/product\/11400","targetHints":{"allow":["GET"]}}],"collection":[{"href":"http:\/\/klubmamgdynia.pl\/index.php\/wp-json\/wp\/v2\/product"}],"about":[{"href":"http:\/\/klubmamgdynia.pl\/index.php\/wp-json\/wp\/v2\/types\/product"}],"replies":[{"embeddable":true,"href":"http:\/\/klubmamgdynia.pl\/index.php\/wp-json\/wp\/v2\/comments?post=11400"}],"wp:featuredmedia":[{"embeddable":true,"href":"http:\/\/klubmamgdynia.pl\/index.php\/wp-json\/wp\/v2\/media\/11401"}],"wp:attachment":[{"href":"http:\/\/klubmamgdynia.pl\/index.php\/wp-json\/wp\/v2\/media?parent=11400"}],"wp:term":[{"taxonomy":"product_cat","embeddable":true,"href":"http:\/\/klubmamgdynia.pl\/index.php\/wp-json\/wp\/v2\/product_cat?post=11400"},{"taxonomy":"product_tag","embeddable":true,"href":"http:\/\/klubmamgdynia.pl\/index.php\/wp-json\/wp\/v2\/product_tag?post=11400"}],"curies":[{"name":"wp","href":"https:\/\/api.w.org\/{rel}","templated":true}]}}