{"id":11402,"date":"2017-01-30T09:12:37","date_gmt":"2017-01-30T08:12:37","guid":{"rendered":"http:\/\/klubmamgdynia.pl\/index.php\/produkt\/spin-master-paw-patrol-psi-patrol-pojazdy-do-transformacji-marshall-p2-6053687\/"},"modified":"2026-04-30T04:18:23","modified_gmt":"2026-04-30T02:18:23","slug":"spin-master-paw-patrol-psi-patrol-pojazdy-do-transformacji-marshall-p2-6053687","status":"publish","type":"product","link":"http:\/\/klubmamgdynia.pl\/index.php\/produkt\/spin-master-paw-patrol-psi-patrol-pojazdy-do-transformacji-marshall-p2-6053687\/","title":{"rendered":"Spin Master Paw Patrol Psi Patrol Pojazdy Do Transformacji Marshall P2 6053687"},"content":{"rendered":"<p>Fani Psiego Patrolu jeszcze nigdy nie widzieli swoich bohater\u00f3w tak silnych, szybkich i mocarnych! Ocalili zatok\u0119 przyg\u00f3d teraz musz\u0105 uratowa\u0107 \u015bwiat! Podczas realizacji jednego ze swych niecnych plan\u00f3w, burmistrz Humdinger i jego siostrzeniec Harold sprowadzaj\u0105 na Ziemi\u0119 meteoryt. Jego energia daje pieskom super moce! Wspania\u0142e Kosmopieski ruszaj\u0105 by uratowa\u0107 \u015bwiat! Nowe figurki, pojazdy i zestawy z serii Mighty Pups Super Paws ju\u017c w sprzeda\u017cy!Dzielne Psiaki i ich transformuj\u0105ce si\u0119 pojazdy czekaj\u0105, aby zabra\u0107 Ci\u0119 w niesamowit\u0105 przygod\u0119. \u017beby Wasza misja by\u0142a jeszcze bardziej ekscytuj\u0105ca, przekszta\u0142\u0107 samoch\u00f3d w elegancki pojazd superbohatera! Naci\u015bnij spojler w d\u00f3\u0142, aby przej\u015b\u0107 do trybu mocy, po poci\u0105gni\u0119ciu w g\u00f3r\u0119 wraca on do swojej pierwotnej wersji. Tryb pojazdu superbohatera posiada dwie strzelaj\u0105ce wyrzutnie. W zestawie znajduje si\u0119 figurka oraz dwa pociski. Zbierz ca\u0142\u0105 dru\u017cyn\u0119 gotow\u0105 do najtrudniejszych akcji z serii Mighty Pups Super Paws! Nie ma problemu, kt\u00f3rego nie rozwi\u0105\u017cemy!Zawarto\u015b\u0107 i cechy zestawu:w\u00f3z stra\u017cacki w kolorze czerwono-szarym z \u017c\u00f3\u0142tymi ozdobnymi elementamitransformacja z wozu stra\u017cackiego w pojazd superbohaterafigurka kosmopieska Marshalla (ubrany jest w czerwono-\u017c\u00f3\u0142ty kombinezon ze srebrnymi ozdobnymi elementami)2 pociskiw poje\u017adzie znajduje si\u0119 miejsce dla figurkistrzelaj\u0105ca wyrzutniaruchome k\u00f3\u0142kaCena dotyczy: Psi Patrol Mighty Pups Super Paws &#8211; Pojazd transformuj\u0105cy z wyrzutni\u0105 + figurka Kosmopiesek Marshall 6053686<\/p>\n<h2>Spin Master Paw Patrol Psi Patrol Pojazdy Do Transformacji Marshall P2 6053687 Spin Master<\/h2>\n<p>\u0142amig\u0142\u00f3wki logiczne, sentencje o dzieciach, dzie\u0144 pluszowego misia, kolorowe kredki tekst, julian znaczenie imienia, kolorowanki dla dzieci do druku, cyferki do druku<\/p>\n<p>yyyyy<\/p>\n<p>&nbsp;<\/p>\n","protected":false},"excerpt":{"rendered":"<p>Fani Psiego Patrolu jeszcze nigdy nie widzieli swoich bohater\u00f3w tak silnych, szybkich i mocarnych! Ocalili zatok\u0119 przyg\u00f3d teraz musz\u0105 uratowa\u0107 \u015bwiat! Podczas realizacji jednego ze swych niecnych plan\u00f3w, burmistrz Humdinger i jego siostrzeniec Harold sprowadzaj\u0105 na Ziemi\u0119 meteoryt. Jego energia daje pieskom super moce! Wspania\u0142e Kosmopieski ruszaj\u0105 by uratowa\u0107 \u015bwiat! Nowe figurki, pojazdy i zestawy [&hellip;]<\/p>\n","protected":false},"featured_media":11403,"comment_status":"closed","ping_status":"open","template":"","meta":[],"product_cat":[83,94],"product_tag":[730,583,780,644,692,840],"class_list":["post-11402","product","type-product","status-publish","has-post-thumbnail","hentry","product_cat-auta-i-inne-pojazdy-do-zabawy","product_cat-spin-master","product_tag-karyna","product_tag-kolysanki-dla-dzieci-tekst","product_tag-krecik-bajka","product_tag-mia","product_tag-prezenty-na-roczek","product_tag-stare-bajki"],"_links":{"self":[{"href":"http:\/\/klubmamgdynia.pl\/index.php\/wp-json\/wp\/v2\/product\/11402","targetHints":{"allow":["GET"]}}],"collection":[{"href":"http:\/\/klubmamgdynia.pl\/index.php\/wp-json\/wp\/v2\/product"}],"about":[{"href":"http:\/\/klubmamgdynia.pl\/index.php\/wp-json\/wp\/v2\/types\/product"}],"replies":[{"embeddable":true,"href":"http:\/\/klubmamgdynia.pl\/index.php\/wp-json\/wp\/v2\/comments?post=11402"}],"wp:featuredmedia":[{"embeddable":true,"href":"http:\/\/klubmamgdynia.pl\/index.php\/wp-json\/wp\/v2\/media\/11403"}],"wp:attachment":[{"href":"http:\/\/klubmamgdynia.pl\/index.php\/wp-json\/wp\/v2\/media?parent=11402"}],"wp:term":[{"taxonomy":"product_cat","embeddable":true,"href":"http:\/\/klubmamgdynia.pl\/index.php\/wp-json\/wp\/v2\/product_cat?post=11402"},{"taxonomy":"product_tag","embeddable":true,"href":"http:\/\/klubmamgdynia.pl\/index.php\/wp-json\/wp\/v2\/product_tag?post=11402"}],"curies":[{"name":"wp","href":"https:\/\/api.w.org\/{rel}","templated":true}]}}