{"id":11404,"date":"2011-10-19T12:11:59","date_gmt":"2011-10-19T10:11:59","guid":{"rendered":"http:\/\/klubmamgdynia.pl\/index.php\/produkt\/spin-master-psi-patrol-maskotka-15-cm-marshall-6061061\/"},"modified":"2026-05-01T03:24:30","modified_gmt":"2026-05-01T01:24:30","slug":"spin-master-psi-patrol-maskotka-15-cm-marshall-6061061","status":"publish","type":"product","link":"http:\/\/klubmamgdynia.pl\/index.php\/produkt\/spin-master-psi-patrol-maskotka-15-cm-marshall-6061061\/","title":{"rendered":"Spin Master Psi Patrol Maskotka 15 cm Marshall 6061061"},"content":{"rendered":"<p>Psi Patrol &#8211; Maskotka 15 cm &#8211; Marshall 6061061 Marshall to najdzielniejszy stra\u017cak w ekipie Psiego Patrolu, kt\u00f3ry nie boi si\u0119 szalej\u0105cych p\u0142omieni i jest zawsze gotowy do pomocy podczas ka\u017cdego po\u017caru. Dalmaty\u0144czyk jest przyjacielski i pomocny, a dzi\u0119ki dystansowi do samego siebie potrafi \u015bmia\u0107 si\u0119 z w\u0142asnych potkni\u0119\u0107. Maskotka stanowi wiern\u0105 kopi\u0119 serialowego psiaka \u2013 ma czerwone ubranko oraz stra\u017cack\u0105 czapk\u0119, spod kt\u00f3rej wystaj\u0105 oklapni\u0119te uszka. Zabawka w ca\u0142o\u015bci pokryta jest mi\u0119ciutkim materia\u0142em w \u017cywych i wyrazistych kolorach. Przytulanka Marshall mierzy 15 cm wysoko\u015bci i \u015bwietnie sprawdzi si\u0119 jako prezent ju\u017c dla rocznych maluszk\u00f3w. Maskotka Marshall z bajki Psi Patrol &#8211; dodatkowe informacje: Producent: Spin Master Seria: Psi Patrol &#8211; Paw Patrol Numer katalogowy: 6061061 Sugerowany wiek: + 12 msc Wymiary opakowania: &#8211;<\/p>\n<h2>Spin Master Psi Patrol Maskotka 15 cm Marshall 6061061 Spin Master<\/h2>\n<p>jak narysowa\u0107 kr\u00f3lika, hobbit, atrakcje we wroc\u0142awiu dla dzieci, co kupic dziewczynce na roczek, podchwytliwe zagadki dla dzieci, pia, nauka pisania literek do wydruku pdf, zagadki wiosenne dla dzieci, pan twardowski na ksi\u0119\u017cycu wiersz, znaki drogowe quiz, test opowie\u015bci z narnii lew czarownica i stara szafa do druku, literki, tymoteusz znaczenie imienia, zagadka logiczna, bezpieczne kosmetyki do makija\u017cu dla dzieci, karyna<\/p>\n<p>yyyyy<\/p>\n<p>&nbsp;<\/p>\n","protected":false},"excerpt":{"rendered":"<p>Psi Patrol &#8211; Maskotka 15 cm &#8211; Marshall 6061061 Marshall to najdzielniejszy stra\u017cak w ekipie Psiego Patrolu, kt\u00f3ry nie boi si\u0119 szalej\u0105cych p\u0142omieni i jest zawsze gotowy do pomocy podczas ka\u017cdego po\u017caru. Dalmaty\u0144czyk jest przyjacielski i pomocny, a dzi\u0119ki dystansowi do samego siebie potrafi \u015bmia\u0107 si\u0119 z w\u0142asnych potkni\u0119\u0107. Maskotka stanowi wiern\u0105 kopi\u0119 serialowego psiaka [&hellip;]<\/p>\n","protected":false},"featured_media":11405,"comment_status":"closed","ping_status":"open","template":"","meta":[],"product_cat":[42,94],"product_tag":[671,640,678,629],"class_list":["post-11404","product","type-product","status-publish","has-post-thumbnail","hentry","product_cat-maskotki","product_cat-spin-master","product_tag-cicha-noc-po-angielsku-tekst","product_tag-prezent-dla-rocznej-dziewczynki","product_tag-prezent-na-roczek-dla-dziewczynki","product_tag-smieszne-zagadki-z-odpowiedziami"],"_links":{"self":[{"href":"http:\/\/klubmamgdynia.pl\/index.php\/wp-json\/wp\/v2\/product\/11404","targetHints":{"allow":["GET"]}}],"collection":[{"href":"http:\/\/klubmamgdynia.pl\/index.php\/wp-json\/wp\/v2\/product"}],"about":[{"href":"http:\/\/klubmamgdynia.pl\/index.php\/wp-json\/wp\/v2\/types\/product"}],"replies":[{"embeddable":true,"href":"http:\/\/klubmamgdynia.pl\/index.php\/wp-json\/wp\/v2\/comments?post=11404"}],"wp:featuredmedia":[{"embeddable":true,"href":"http:\/\/klubmamgdynia.pl\/index.php\/wp-json\/wp\/v2\/media\/11405"}],"wp:attachment":[{"href":"http:\/\/klubmamgdynia.pl\/index.php\/wp-json\/wp\/v2\/media?parent=11404"}],"wp:term":[{"taxonomy":"product_cat","embeddable":true,"href":"http:\/\/klubmamgdynia.pl\/index.php\/wp-json\/wp\/v2\/product_cat?post=11404"},{"taxonomy":"product_tag","embeddable":true,"href":"http:\/\/klubmamgdynia.pl\/index.php\/wp-json\/wp\/v2\/product_tag?post=11404"}],"curies":[{"name":"wp","href":"https:\/\/api.w.org\/{rel}","templated":true}]}}