{"id":11406,"date":"2018-04-05T22:44:17","date_gmt":"2018-04-05T20:44:17","guid":{"rendered":"http:\/\/klubmamgdynia.pl\/index.php\/produkt\/lampki-led-klamerki-klipsy-na-zdjecia-3m-20led-cieply-bialy\/"},"modified":"2026-04-23T22:10:33","modified_gmt":"2026-04-23T20:10:33","slug":"lampki-led-klamerki-klipsy-na-zdjecia-3m-20led-cieply-bialy","status":"publish","type":"product","link":"http:\/\/klubmamgdynia.pl\/index.php\/produkt\/lampki-led-klamerki-klipsy-na-zdjecia-3m-20led-cieply-bialy\/","title":{"rendered":"Lampki Led Klamerki Klipsy Na Zdj\u0119cia 3M 20Led Ciep\u0142y Bia\u0142y"},"content":{"rendered":"<p>null&#8230;<\/p>\n<h2>Lampki Led Klamerki Klipsy Na Zdj\u0119cia 3M 20Led Ciep\u0142y Bia\u0142y Kontext<\/h2>\n<p>przechowywanie zabawek, wzruszaj\u0105c\u0105 piosenka dla taty, test z lektury opowie\u015bci z narnii lew czarownica i stara szafa z odpowiedziami, bruno, kolorowanki do druku peppa, miko\u0142ajek test z lektury<\/p>\n<p>yyyyy<\/p>\n<p>&nbsp;<\/p>\n","protected":false},"excerpt":{"rendered":"<p>null&#8230; Lampki Led Klamerki Klipsy Na Zdj\u0119cia 3M 20Led Ciep\u0142y Bia\u0142y Kontext przechowywanie zabawek, wzruszaj\u0105c\u0105 piosenka dla taty, test z lektury opowie\u015bci z narnii lew czarownica i stara szafa z odpowiedziami, bruno, kolorowanki do druku peppa, miko\u0142ajek test z lektury yyyyy &nbsp;<\/p>\n","protected":false},"featured_media":11407,"comment_status":"closed","ping_status":"open","template":"","meta":[],"product_cat":[20,138],"product_tag":[728,702,776,652,739],"class_list":["post-11406","product","type-product","status-publish","has-post-thumbnail","hentry","product_cat-kontext","product_cat-lampki-dzieciece","product_tag-bezwarunkowa-milosc-do-dziecka-cytaty","product_tag-co-kupic-na-roczek-dla-dziewczynki","product_tag-dobrej-nocy","product_tag-otto","product_tag-prima-aprilis-w-szkole"],"_links":{"self":[{"href":"http:\/\/klubmamgdynia.pl\/index.php\/wp-json\/wp\/v2\/product\/11406","targetHints":{"allow":["GET"]}}],"collection":[{"href":"http:\/\/klubmamgdynia.pl\/index.php\/wp-json\/wp\/v2\/product"}],"about":[{"href":"http:\/\/klubmamgdynia.pl\/index.php\/wp-json\/wp\/v2\/types\/product"}],"replies":[{"embeddable":true,"href":"http:\/\/klubmamgdynia.pl\/index.php\/wp-json\/wp\/v2\/comments?post=11406"}],"wp:featuredmedia":[{"embeddable":true,"href":"http:\/\/klubmamgdynia.pl\/index.php\/wp-json\/wp\/v2\/media\/11407"}],"wp:attachment":[{"href":"http:\/\/klubmamgdynia.pl\/index.php\/wp-json\/wp\/v2\/media?parent=11406"}],"wp:term":[{"taxonomy":"product_cat","embeddable":true,"href":"http:\/\/klubmamgdynia.pl\/index.php\/wp-json\/wp\/v2\/product_cat?post=11406"},{"taxonomy":"product_tag","embeddable":true,"href":"http:\/\/klubmamgdynia.pl\/index.php\/wp-json\/wp\/v2\/product_tag?post=11406"}],"curies":[{"name":"wp","href":"https:\/\/api.w.org\/{rel}","templated":true}]}}