{"id":11408,"date":"2013-12-09T05:30:00","date_gmt":"2013-12-09T04:30:00","guid":{"rendered":"http:\/\/klubmamgdynia.pl\/index.php\/produkt\/razer-firefly-v2-materialowa-rz02-03020100-r3m1\/"},"modified":"2026-04-29T06:47:12","modified_gmt":"2026-04-29T04:47:12","slug":"razer-firefly-v2-materialowa-rz02-03020100-r3m1","status":"publish","type":"product","link":"http:\/\/klubmamgdynia.pl\/index.php\/produkt\/razer-firefly-v2-materialowa-rz02-03020100-r3m1\/","title":{"rendered":"Razer Firefly V2 materia\u0142owa (RZ02-03020100-R3M1)"},"content":{"rendered":"<p>Materia\u0142owa podk\u0142adka gamingowa z pod\u015bwietleniem pod mysz komputerow\u0105. Razer Firefly V2 ma specjaln\u0105 powierzchni\u0119 z mikrotekstur\u0105, kt\u00f3ra zapewnia maksymaln\u0105 pr\u0119dko\u015b\u0107 i precyzj\u0119 ruchu myszy. B\u0119dziesz zadowolony z regulowanego pod\u015bwietlenia RGB z szeregiem efekt\u00f3w \u015bwietlnych i plecionym przewodem USB o wysokiej jako\u015bci.<\/p>\n<h2>Razer Firefly V2 materia\u0142owa (RZ02-03020100-R3M1) Razer<\/h2>\n<p>kolorowanka harry potter, prezenty na roczek dla dziewczynki, szablon serce kolorowanka, prezent na roczek, my jeste\u015bmy krasnoludki tekst, \u015bmigus dyngus lany poniedzia\u0142ek zyczenia, jak narysowa\u0107 anio\u0142ka, adriana imi\u0119, aron, quizy psi patrol, wiersze o wakacjach, cytat mama, oskar imi\u0119, ilona, o b\u0142\u0119dne dyktando, jaki prezent na roczek dla ch\u0142opca, zagadki dla 7 latk\u00f3w<\/p>\n<p>yyyyy<\/p>\n<p>&nbsp;<\/p>\n","protected":false},"excerpt":{"rendered":"<p>Materia\u0142owa podk\u0142adka gamingowa z pod\u015bwietleniem pod mysz komputerow\u0105. Razer Firefly V2 ma specjaln\u0105 powierzchni\u0119 z mikrotekstur\u0105, kt\u00f3ra zapewnia maksymaln\u0105 pr\u0119dko\u015b\u0107 i precyzj\u0119 ruchu myszy. B\u0119dziesz zadowolony z regulowanego pod\u015bwietlenia RGB z szeregiem efekt\u00f3w \u015bwietlnych i plecionym przewodem USB o wysokiej jako\u015bci. Razer Firefly V2 materia\u0142owa (RZ02-03020100-R3M1) Razer kolorowanka harry potter, prezenty na roczek dla dziewczynki, [&hellip;]<\/p>\n","protected":false},"featured_media":11409,"comment_status":"closed","ping_status":"open","template":"","meta":[],"product_cat":[1265,1950],"product_tag":[670,855,742,868,805],"class_list":["post-11408","product","type-product","status-publish","has-post-thumbnail","hentry","product_cat-podkladki-pod-myszki-i-klawiatury","product_cat-razer","product_tag-irma","product_tag-nietypowe-imiona-zenskie","product_tag-piosenki-dla-dzieci-tekst","product_tag-quizy-dla-dzieci","product_tag-znaczenie-imienia-alan"],"_links":{"self":[{"href":"http:\/\/klubmamgdynia.pl\/index.php\/wp-json\/wp\/v2\/product\/11408","targetHints":{"allow":["GET"]}}],"collection":[{"href":"http:\/\/klubmamgdynia.pl\/index.php\/wp-json\/wp\/v2\/product"}],"about":[{"href":"http:\/\/klubmamgdynia.pl\/index.php\/wp-json\/wp\/v2\/types\/product"}],"replies":[{"embeddable":true,"href":"http:\/\/klubmamgdynia.pl\/index.php\/wp-json\/wp\/v2\/comments?post=11408"}],"wp:featuredmedia":[{"embeddable":true,"href":"http:\/\/klubmamgdynia.pl\/index.php\/wp-json\/wp\/v2\/media\/11409"}],"wp:attachment":[{"href":"http:\/\/klubmamgdynia.pl\/index.php\/wp-json\/wp\/v2\/media?parent=11408"}],"wp:term":[{"taxonomy":"product_cat","embeddable":true,"href":"http:\/\/klubmamgdynia.pl\/index.php\/wp-json\/wp\/v2\/product_cat?post=11408"},{"taxonomy":"product_tag","embeddable":true,"href":"http:\/\/klubmamgdynia.pl\/index.php\/wp-json\/wp\/v2\/product_tag?post=11408"}],"curies":[{"name":"wp","href":"https:\/\/api.w.org\/{rel}","templated":true}]}}