{"id":11410,"date":"2024-07-13T03:24:29","date_gmt":"2024-07-13T01:24:29","guid":{"rendered":"http:\/\/klubmamgdynia.pl\/?post_type=product&#038;p=11410"},"modified":"2026-04-26T14:00:05","modified_gmt":"2026-04-26T12:00:05","slug":"dickie-pojazd-autobus-city-express-46-cm","status":"publish","type":"product","link":"http:\/\/klubmamgdynia.pl\/index.php\/produkt\/dickie-pojazd-autobus-city-express-46-cm\/","title":{"rendered":"Dickie Pojazd Autobus City Express 46 Cm"},"content":{"rendered":"<p>Opis: CITY Autobus City Express &#8211; 2 rodzajeAutobus City Express 46 cm bia\u0142o-czerwony lub bia\u0142o-niebieski. Autobus przegubowy z nap\u0119dem ciernym i otwieranymi drzwiami.Marka: BrakRodzaj: AutobusyWymagania wiekowe: 3P\u0142e\u0107: Ch\u0142opcyProdukt na baterie: NieBaterie w zestawie: NieZasilanie: Nie dotyczyKolor: MixD\u0142ugo\u015b\u0107: 46Pozosta\u0142e parametry: Wymiary opakowania: 8 x 49.8 x 12.8 cm&#8230;<\/p>\n<h2>Dickie Pojazd Autobus City Express 46 Cm Dickie<\/h2>\n<p>oliwier, prezent dla nastolatka, test z narnii, trudne zagadki dla dzieci, zabawka na roczek, pomys\u0142y na dzie\u0144 dziecka dla nastolatk\u00f3w, \u0142amig\u0142\u00f3wki logiczne, proste zagadki logiczne, wzory dyplom\u00f3w dyplomy do druku, trudne zagadki dla doros\u0142ych, gad\u017cety dla nastolatek, cytaty motywacyjne dla dzieci, gabriela imie, zabawy na bal karnawa\u0142owy w przedszkolu, sky kolorowanka, spiderman do druku<\/p>\n<p>yyyyy<\/p>\n<p>&nbsp;<\/p>\n","protected":false},"excerpt":{"rendered":"<p>Opis: CITY Autobus City Express &#8211; 2 rodzajeAutobus City Express 46 cm bia\u0142o-czerwony lub bia\u0142o-niebieski. Autobus przegubowy z nap\u0119dem ciernym i otwieranymi drzwiami.Marka: BrakRodzaj: AutobusyWymagania wiekowe: 3P\u0142e\u0107: Ch\u0142opcyProdukt na baterie: NieBaterie w zestawie: NieZasilanie: Nie dotyczyKolor: MixD\u0142ugo\u015b\u0107: 46Pozosta\u0142e parametry: Wymiary opakowania: 8 x 49.8 x 12.8 cm&#8230; Dickie Pojazd Autobus City Express 46 Cm Dickie [&hellip;]<\/p>\n","protected":false},"featured_media":11411,"comment_status":"closed","ping_status":"open","template":"","meta":[],"product_cat":[83,1637],"product_tag":[664,750,853,655,590,616],"class_list":["post-11410","product","type-product","status-publish","has-post-thumbnail","hentry","product_cat-auta-i-inne-pojazdy-do-zabawy","product_cat-dickie","product_tag-atrakcje-dla-dzieci-trojmiasto","product_tag-imie-kostek","product_tag-kolorowanki-do-druku-dla-doroslych","product_tag-najlepsze-zagadki","product_tag-plac-zabaw-warszawa","product_tag-test-mikolajek-25-pytan"],"_links":{"self":[{"href":"http:\/\/klubmamgdynia.pl\/index.php\/wp-json\/wp\/v2\/product\/11410","targetHints":{"allow":["GET"]}}],"collection":[{"href":"http:\/\/klubmamgdynia.pl\/index.php\/wp-json\/wp\/v2\/product"}],"about":[{"href":"http:\/\/klubmamgdynia.pl\/index.php\/wp-json\/wp\/v2\/types\/product"}],"replies":[{"embeddable":true,"href":"http:\/\/klubmamgdynia.pl\/index.php\/wp-json\/wp\/v2\/comments?post=11410"}],"wp:featuredmedia":[{"embeddable":true,"href":"http:\/\/klubmamgdynia.pl\/index.php\/wp-json\/wp\/v2\/media\/11411"}],"wp:attachment":[{"href":"http:\/\/klubmamgdynia.pl\/index.php\/wp-json\/wp\/v2\/media?parent=11410"}],"wp:term":[{"taxonomy":"product_cat","embeddable":true,"href":"http:\/\/klubmamgdynia.pl\/index.php\/wp-json\/wp\/v2\/product_cat?post=11410"},{"taxonomy":"product_tag","embeddable":true,"href":"http:\/\/klubmamgdynia.pl\/index.php\/wp-json\/wp\/v2\/product_tag?post=11410"}],"curies":[{"name":"wp","href":"https:\/\/api.w.org\/{rel}","templated":true}]}}