{"id":11412,"date":"2018-11-11T17:54:58","date_gmt":"2018-11-11T16:54:58","guid":{"rendered":"http:\/\/klubmamgdynia.pl\/index.php\/produkt\/urzadzenie-wielofunkcyjne-canon-pixma-g3411-2315c025\/"},"modified":"2026-04-20T10:41:48","modified_gmt":"2026-04-20T08:41:48","slug":"urzadzenie-wielofunkcyjne-canon-pixma-g3411-2315c025","status":"publish","type":"product","link":"http:\/\/klubmamgdynia.pl\/index.php\/produkt\/urzadzenie-wielofunkcyjne-canon-pixma-g3411-2315c025\/","title":{"rendered":"Urz\u0105dzenie wielofunkcyjne Canon PIXMA G3411 (2315C025)"},"content":{"rendered":"<p>Jak skorzysta\u0107 z promocji?1. Kup produkt obj\u0119ty promocj\u0105 w okresie 15.08.2022 &#8211; 15.11.2022.2. Promocja obowi\u0105zuje wy\u0142\u0105cznie w wybranych sieciach sprzeda\u017cy.3. Wytnij z opakowania produktu kod kreskowy i numer seryjny. Prze\u015blij kolorowy skan lub zdj\u0119cie wyci\u0119tego kodu poprzez formularz zg\u0142oszeniowy.4. Zarejestruj zakup poprzez formularz zg\u0142oszeniowy nie p\u00f3\u017aniej ni\u017c 30 dni od daty zakupu podanej na paragonie lub fakturze\u00a05. Niniejsza promocja \u0142\u0105czy si\u0119 z innymi okresowymi promocjami Canon. Oznacza to, \u017ce mo\u017cesz zarejestrowa\u0107 zakupiony produkt w niniejszej promocji, jak r\u00f3wnie\u017c w innych trwaj\u0105cych promocjach.Szczeg\u00f3\u0142y w regulaminie.                            <\/p>\n<p>                                Sprawd\u017a produkty obj\u0119te promocj\u0105<\/p>\n<h2>Urz\u0105dzenie wielofunkcyjne Canon PIXMA G3411 (2315C025) Canon<\/h2>\n<p>jakie prezenty na roczek, dinozaur bajka, lego ninjago kolorowanki, prezenty dla nastolatk\u00f3w na dzie\u0144 dziecka, testy z lektury tajemniczy ogr\u00f3d, kolorowanka prezent, bajka psi patrol do czytania, ubieranki do druku, test na znaki drogowe, karaluchy pod poduchy a szczypawki, zagatki, cytaty z ma\u0142ego ksi\u0119cia o przyja\u017ani, ju\u017c blisko kol\u0119da tekst, cytaty na dzie\u0144 edukacji narodowej, cytat rodzina<\/p>\n<p>yyyyy<\/p>\n<p>&nbsp;<\/p>\n","protected":false},"excerpt":{"rendered":"<p>Jak skorzysta\u0107 z promocji?1. Kup produkt obj\u0119ty promocj\u0105 w okresie 15.08.2022 &#8211; 15.11.2022.2. Promocja obowi\u0105zuje wy\u0142\u0105cznie w wybranych sieciach sprzeda\u017cy.3. Wytnij z opakowania produktu kod kreskowy i numer seryjny. Prze\u015blij kolorowy skan lub zdj\u0119cie wyci\u0119tego kodu poprzez formularz zg\u0142oszeniowy.4. Zarejestruj zakup poprzez formularz zg\u0142oszeniowy nie p\u00f3\u017aniej ni\u017c 30 dni od daty zakupu podanej na paragonie [&hellip;]<\/p>\n","protected":false},"featured_media":11413,"comment_status":"closed","ping_status":"open","template":"","meta":[],"product_cat":[1955,2012],"product_tag":[754,867,806],"class_list":["post-11412","product","type-product","status-publish","has-post-thumbnail","hentry","product_cat-canon","product_cat-urzadzenia-wielofunkcyjne-atramentowe","product_tag-dyplomy-do-wydrukowania-a4","product_tag-kolorowanki-dla-dziewczynek","product_tag-prezent-dla-dziecka-na-roczek"],"_links":{"self":[{"href":"http:\/\/klubmamgdynia.pl\/index.php\/wp-json\/wp\/v2\/product\/11412","targetHints":{"allow":["GET"]}}],"collection":[{"href":"http:\/\/klubmamgdynia.pl\/index.php\/wp-json\/wp\/v2\/product"}],"about":[{"href":"http:\/\/klubmamgdynia.pl\/index.php\/wp-json\/wp\/v2\/types\/product"}],"replies":[{"embeddable":true,"href":"http:\/\/klubmamgdynia.pl\/index.php\/wp-json\/wp\/v2\/comments?post=11412"}],"wp:featuredmedia":[{"embeddable":true,"href":"http:\/\/klubmamgdynia.pl\/index.php\/wp-json\/wp\/v2\/media\/11413"}],"wp:attachment":[{"href":"http:\/\/klubmamgdynia.pl\/index.php\/wp-json\/wp\/v2\/media?parent=11412"}],"wp:term":[{"taxonomy":"product_cat","embeddable":true,"href":"http:\/\/klubmamgdynia.pl\/index.php\/wp-json\/wp\/v2\/product_cat?post=11412"},{"taxonomy":"product_tag","embeddable":true,"href":"http:\/\/klubmamgdynia.pl\/index.php\/wp-json\/wp\/v2\/product_tag?post=11412"}],"curies":[{"name":"wp","href":"https:\/\/api.w.org\/{rel}","templated":true}]}}