{"id":11414,"date":"2014-11-19T15:35:24","date_gmt":"2014-11-19T14:35:24","guid":{"rendered":"http:\/\/klubmamgdynia.pl\/index.php\/produkt\/ty-beanie-babies-psi-patrol-marshal-clip-85cm-41277\/"},"modified":"2026-05-02T16:57:38","modified_gmt":"2026-05-02T14:57:38","slug":"ty-beanie-babies-psi-patrol-marshal-clip-85cm-41277","status":"publish","type":"product","link":"http:\/\/klubmamgdynia.pl\/index.php\/produkt\/ty-beanie-babies-psi-patrol-marshal-clip-85cm-41277\/","title":{"rendered":"Ty Beanie Babies Psi Patrol Marshal Clip 8,5Cm 41277"},"content":{"rendered":"<p>Meteor Beanie Babies Maskotka Psi Patrol Piesek Marshall z zawieszk\u0105 8,5 cmUrocza maskotka z charakterystycznymi du\u017cymi b\u0142yszcz\u0105cymi oczami. Szybko stanie si\u0119 najlepszym przyjacielem Twojego dziecka oraz znakomit\u0105 inspiracj\u0105 do codziennych zabaw. Idealny prezent dla najm\u0142odszych mi\u0142o\u015bnik\u00f3w popularnej bajki Psi Patrol. Dzi\u0119ki zawieszce Tw\u00f3j maluch zawsze b\u0119dzie m\u00f3g\u0142 mie\u0107 j\u0105 przy sobie.Wiek: 3l+<\/p>\n<h2>Ty Beanie Babies Psi Patrol Marshal Clip 8,5Cm 41277 Ty<\/h2>\n<p>ba\u0142wanek do druku, trudne zagadki dla dzieci, kr\u00f3tkie bajki na dobranoc do czytania, quizy za darmo, leon imi\u0119, zagadki dla dzieci 10-12 lat, kr\u00f3tkie czytanki dla dzieci do wydruku, kolorowanki do druku dla doros\u0142ych, jak narysowa\u0107 psa, literki do nauki pisania do druku, p\u0142onie ognisko w lesie, ko\u0142ysanki dla dzieci tekst, pierwsze urodziny prezent na roczek dla dziewczynki, jacek, koty kolorowanki do druku<\/p>\n<p>yyyyy<\/p>\n<p>&nbsp;<\/p>\n","protected":false},"excerpt":{"rendered":"<p>Meteor Beanie Babies Maskotka Psi Patrol Piesek Marshall z zawieszk\u0105 8,5 cmUrocza maskotka z charakterystycznymi du\u017cymi b\u0142yszcz\u0105cymi oczami. Szybko stanie si\u0119 najlepszym przyjacielem Twojego dziecka oraz znakomit\u0105 inspiracj\u0105 do codziennych zabaw. Idealny prezent dla najm\u0142odszych mi\u0142o\u015bnik\u00f3w popularnej bajki Psi Patrol. Dzi\u0119ki zawieszce Tw\u00f3j maluch zawsze b\u0119dzie m\u00f3g\u0142 mie\u0107 j\u0105 przy sobie.Wiek: 3l+ Ty Beanie Babies [&hellip;]<\/p>\n","protected":false},"featured_media":11415,"comment_status":"closed","ping_status":"open","template":"","meta":[],"product_cat":[42,966],"product_tag":[864,646,794],"class_list":["post-11414","product","type-product","status-publish","has-post-thumbnail","hentry","product_cat-maskotki","product_cat-ty","product_tag-basen-warszawa","product_tag-prezent-na-pierwsze-urodziny","product_tag-test-opowiesci-z-narnii-lew-czarownica-i-stara-szafa-do-druku"],"_links":{"self":[{"href":"http:\/\/klubmamgdynia.pl\/index.php\/wp-json\/wp\/v2\/product\/11414","targetHints":{"allow":["GET"]}}],"collection":[{"href":"http:\/\/klubmamgdynia.pl\/index.php\/wp-json\/wp\/v2\/product"}],"about":[{"href":"http:\/\/klubmamgdynia.pl\/index.php\/wp-json\/wp\/v2\/types\/product"}],"replies":[{"embeddable":true,"href":"http:\/\/klubmamgdynia.pl\/index.php\/wp-json\/wp\/v2\/comments?post=11414"}],"wp:featuredmedia":[{"embeddable":true,"href":"http:\/\/klubmamgdynia.pl\/index.php\/wp-json\/wp\/v2\/media\/11415"}],"wp:attachment":[{"href":"http:\/\/klubmamgdynia.pl\/index.php\/wp-json\/wp\/v2\/media?parent=11414"}],"wp:term":[{"taxonomy":"product_cat","embeddable":true,"href":"http:\/\/klubmamgdynia.pl\/index.php\/wp-json\/wp\/v2\/product_cat?post=11414"},{"taxonomy":"product_tag","embeddable":true,"href":"http:\/\/klubmamgdynia.pl\/index.php\/wp-json\/wp\/v2\/product_tag?post=11414"}],"curies":[{"name":"wp","href":"https:\/\/api.w.org\/{rel}","templated":true}]}}