{"id":11416,"date":"2013-09-23T12:47:46","date_gmt":"2013-09-23T10:47:46","guid":{"rendered":"http:\/\/klubmamgdynia.pl\/index.php\/produkt\/spin-master-zabawka-psi-patrol-marshall-dino-pojazdy-tematyczne\/"},"modified":"2026-04-04T01:31:13","modified_gmt":"2026-04-03T23:31:13","slug":"spin-master-zabawka-psi-patrol-marshall-dino-pojazdy-tematyczne","status":"publish","type":"product","link":"http:\/\/klubmamgdynia.pl\/index.php\/produkt\/spin-master-zabawka-psi-patrol-marshall-dino-pojazdy-tematyczne\/","title":{"rendered":"Spin Master zabawka Psi Patrol Marshall Dino pojazdy tematyczne"},"content":{"rendered":"<p>Wyrusz na ekscytuj\u0105c\u0105 akcj\u0119 ratunkow\u0105 z bohaterem Psiego Patrolu, Marshallem, i jego pojazdem tematycznym Dino. Ten wyj\u0105tkowy samochodzik jest dost\u0119pny w zestawie z figurk\u0105 Marshalla i tajemnicz\u0105 mini figurk\u0105 dinozaura.<\/p>\n<h2>Spin Master zabawka Psi Patrol Marshall Dino pojazdy tematyczne Spin Master<\/h2>\n<p>zagadki, iwo, ma\u0142y ksi\u0105\u017ce cytaty o przyja\u017ani, na roczek, bajka o kreciku<\/p>\n<p>yyyyy<\/p>\n<p>&nbsp;<\/p>\n","protected":false},"excerpt":{"rendered":"<p>Wyrusz na ekscytuj\u0105c\u0105 akcj\u0119 ratunkow\u0105 z bohaterem Psiego Patrolu, Marshallem, i jego pojazdem tematycznym Dino. Ten wyj\u0105tkowy samochodzik jest dost\u0119pny w zestawie z figurk\u0105 Marshalla i tajemnicz\u0105 mini figurk\u0105 dinozaura. Spin Master zabawka Psi Patrol Marshall Dino pojazdy tematyczne Spin Master zagadki, iwo, ma\u0142y ksi\u0105\u017ce cytaty o przyja\u017ani, na roczek, bajka o kreciku yyyyy &nbsp;<\/p>\n","protected":false},"featured_media":11417,"comment_status":"closed","ping_status":"open","template":"","meta":[],"product_cat":[83,94],"product_tag":[611,754,806,602,587],"class_list":["post-11416","product","type-product","status-publish","has-post-thumbnail","hentry","product_cat-auta-i-inne-pojazdy-do-zabawy","product_cat-spin-master","product_tag-bajki-do-czytania-psi-patrol","product_tag-dyplomy-do-wydrukowania-a4","product_tag-prezent-dla-dziecka-na-roczek","product_tag-quiz-o-zwierzetach-domowych","product_tag-skalne-miasto"],"_links":{"self":[{"href":"http:\/\/klubmamgdynia.pl\/index.php\/wp-json\/wp\/v2\/product\/11416","targetHints":{"allow":["GET"]}}],"collection":[{"href":"http:\/\/klubmamgdynia.pl\/index.php\/wp-json\/wp\/v2\/product"}],"about":[{"href":"http:\/\/klubmamgdynia.pl\/index.php\/wp-json\/wp\/v2\/types\/product"}],"replies":[{"embeddable":true,"href":"http:\/\/klubmamgdynia.pl\/index.php\/wp-json\/wp\/v2\/comments?post=11416"}],"wp:featuredmedia":[{"embeddable":true,"href":"http:\/\/klubmamgdynia.pl\/index.php\/wp-json\/wp\/v2\/media\/11417"}],"wp:attachment":[{"href":"http:\/\/klubmamgdynia.pl\/index.php\/wp-json\/wp\/v2\/media?parent=11416"}],"wp:term":[{"taxonomy":"product_cat","embeddable":true,"href":"http:\/\/klubmamgdynia.pl\/index.php\/wp-json\/wp\/v2\/product_cat?post=11416"},{"taxonomy":"product_tag","embeddable":true,"href":"http:\/\/klubmamgdynia.pl\/index.php\/wp-json\/wp\/v2\/product_tag?post=11416"}],"curies":[{"name":"wp","href":"https:\/\/api.w.org\/{rel}","templated":true}]}}