{"id":1142,"date":"2023-06-29T13:51:41","date_gmt":"2023-06-29T11:51:41","guid":{"rendered":"http:\/\/klubmamgdynia.pl\/?post_type=product&#038;p=1142"},"modified":"2026-04-08T08:48:33","modified_gmt":"2026-04-08T06:48:33","slug":"hot-wheels-monster-trucks-triceratops-fyj44-hcp44","status":"publish","type":"product","link":"http:\/\/klubmamgdynia.pl\/index.php\/produkt\/hot-wheels-monster-trucks-triceratops-fyj44-hcp44\/","title":{"rendered":"Hot Wheels \u2013 Monster Trucks \u2013 Triceratops FYJ44 HCP44"},"content":{"rendered":"<p>Metalowe pojazdy Hot Wheels Monster Trucks w skali 1:64 to najgro\u017aniejsze pojazdy \u2013 stworzone z my\u015bl\u0105 o rywalizacji i ca\u0142kowitej demolce!                            <\/p>\n<p>Do ka\u017cdego auta do\u0142\u0105czono kolekcjonerskie ko\u0142o, a opakowanie zawiera informacje dotycz\u0105ce danego pojazdu, obejmuj\u0105ce mi\u0119dzy innymi jego nazw\u0119, typ i unikalny atak, aby odgrywanie przyg\u00f3d by\u0142o jeszcze ciekawsze! Sprzedawane oddzielnie w zale\u017cno\u015bci od dost\u0119pno\u015bci. Kolory i elementy dekoracyjne mog\u0105 si\u0119 r\u00f3\u017cni\u0107.                            <\/p>\n<p>Ogromne ko\u0142a i wspania\u0142e detale \u2013 dzieci b\u0119d\u0105 chcia\u0142y zebra\u0107 je wszystkie!                            <\/p>\n<p>Do ka\u017cdego Monster Trucka z kolekcji do\u0142\u0105czono 1 kolorowe autko do zabawy w zgniatanie                            <\/p>\n<p>Do ka\u017cdego Monster Trucka z kolekcji do\u0142\u0105czono wyj\u0105tkowe kolekcjonerskie ko\u0142o\u00a0                            <\/p>\n<p>Nic nie mo\u017ce powstrzyma\u0107 najbardziej walecznych pojazd\u00f3w, jakie kiedykolwiek powsta\u0142y, tworzonych z my\u015bl\u0105 o bezpo\u015bredniej rywalizacji!<\/p>\n<h2>Hot Wheels \u2013 Monster Trucks \u2013 Triceratops FYJ44 HCP44 Hot Wheels<\/h2>\n<p>cytaty o mamie, ma\u0142o nas do pieczenia chleba, kolorowanki pikachu, kolorowanka ksi\u0119\u017cniczka, otto, zagadki rymowanki dla dzieci, zadania logiczne dla dzieci, zabawy logiczne dla dzieci, prezent dla 14 letniej dziewczyny, zagadki dla dzieci 10 12 lat z odpowiedziami, piosenki dla dzieci o jesieni, sentencja dla dziecka, buziak gify na dobranoc smieszne, kolorowanki do druku pokemon, g\u0142upie zagadki, na wyspach bergamutach<\/p>\n<p>yyyyy<\/p>\n<p>&nbsp;<\/p>\n","protected":false},"excerpt":{"rendered":"<p>Metalowe pojazdy Hot Wheels Monster Trucks w skali 1:64 to najgro\u017aniejsze pojazdy \u2013 stworzone z my\u015bl\u0105 o rywalizacji i ca\u0142kowitej demolce! Do ka\u017cdego auta do\u0142\u0105czono kolekcjonerskie ko\u0142o, a opakowanie zawiera informacje dotycz\u0105ce danego pojazdu, obejmuj\u0105ce mi\u0119dzy innymi jego nazw\u0119, typ i unikalny atak, aby odgrywanie przyg\u00f3d by\u0142o jeszcze ciekawsze! Sprzedawane oddzielnie w zale\u017cno\u015bci od dost\u0119pno\u015bci. [&hellip;]<\/p>\n","protected":false},"featured_media":1143,"comment_status":"closed","ping_status":"open","template":"","meta":[],"product_cat":[83,150],"product_tag":[772,612,678,822,649,698],"class_list":["post-1142","product","type-product","status-publish","has-post-thumbnail","hentry","product_cat-auta-i-inne-pojazdy-do-zabawy","product_cat-hot-wheels","product_tag-45-panstw-europy-i-ich-stolice-quiz","product_tag-kolorowanki-do-druku","product_tag-prezent-na-roczek-dla-dziewczynki","product_tag-wierszyki-o-wakacjach-krotkie","product_tag-zagadki-dla-nastolatkow","product_tag-zagadki-dla-przedszkolakow"],"_links":{"self":[{"href":"http:\/\/klubmamgdynia.pl\/index.php\/wp-json\/wp\/v2\/product\/1142","targetHints":{"allow":["GET"]}}],"collection":[{"href":"http:\/\/klubmamgdynia.pl\/index.php\/wp-json\/wp\/v2\/product"}],"about":[{"href":"http:\/\/klubmamgdynia.pl\/index.php\/wp-json\/wp\/v2\/types\/product"}],"replies":[{"embeddable":true,"href":"http:\/\/klubmamgdynia.pl\/index.php\/wp-json\/wp\/v2\/comments?post=1142"}],"wp:featuredmedia":[{"embeddable":true,"href":"http:\/\/klubmamgdynia.pl\/index.php\/wp-json\/wp\/v2\/media\/1143"}],"wp:attachment":[{"href":"http:\/\/klubmamgdynia.pl\/index.php\/wp-json\/wp\/v2\/media?parent=1142"}],"wp:term":[{"taxonomy":"product_cat","embeddable":true,"href":"http:\/\/klubmamgdynia.pl\/index.php\/wp-json\/wp\/v2\/product_cat?post=1142"},{"taxonomy":"product_tag","embeddable":true,"href":"http:\/\/klubmamgdynia.pl\/index.php\/wp-json\/wp\/v2\/product_tag?post=1142"}],"curies":[{"name":"wp","href":"https:\/\/api.w.org\/{rel}","templated":true}]}}