{"id":11420,"date":"2025-06-23T23:18:26","date_gmt":"2025-06-23T21:18:26","guid":{"rendered":"http:\/\/klubmamgdynia.pl\/?post_type=product&#038;p=11420"},"modified":"2026-05-03T14:05:06","modified_gmt":"2026-05-03T12:05:06","slug":"steelseries-qck-prism-cloth-xl-czarna-63826","status":"publish","type":"product","link":"http:\/\/klubmamgdynia.pl\/index.php\/produkt\/steelseries-qck-prism-cloth-xl-czarna-63826\/","title":{"rendered":"SteelSeries QcK Prism Cloth XL Czarna (63826)"},"content":{"rendered":"<p>Legendarny materia\u0142Innowacyjno\u015b\u0107 i wydajno\u015b\u0107 &#8211; dzi\u0119ki temu na ca\u0142ym \u015bwiecie sprzeda\u0142o si\u0119 ponad 10 milion\u00f3w podk\u0142adek SteelSeries QcK. Model Prism ma ten sam legendarny materia\u0142 z 2 strefami pod\u015bwietlenia RGB.Oprogramowanie SteelSeries EngineZa spraw\u0105 darmowego oprogramowania SteelSeries Engine, u\u017cytkownik otrzymuje poka\u017any arsena\u0142 Engine Apps, kt\u00f3re pozwol\u0105 na \u0142atwe i intuicyjne zarz\u0105dzanie sprz\u0119tem SteelSeries.Integracja z czatem DiscordPod\u015bwietlenie podk\u0142adki poinformuje Ci\u0119 o m.in. nowych wiadomo\u015bciach czy wyciszeniu na czacie Discord.Precyzja co do pikselaPrzetestowana przez topowych producent\u00f3w sensor\u00f3w, podk\u0142adka QcK oferuje najwy\u017cszej klasy precyzj\u0119 \u015bledzenia jednostek optycznych i laserowych.Antypo\u015blizgowa podstawaWytrzyma\u0142a, antypo\u015blizgowa, gumowa podstawa zosta\u0142a zaprojektowana, by wyeliminowa\u0107 jakikolwiek niepo\u017c\u0105dany ruch podk\u0142adki.Esportowa legendaPrzez ostatnich 15 lat gwiazdy Esportu jako podk\u0142adk\u0119 wybiera\u0142y SteelSeries QcK. Profesjonalni gracze, korzystaj\u0105c z produkt\u00f3w SteelSeries wygrali wi\u0119cej nagr\u00f3d pieni\u0119\u017cnych, ni\u017c przy u\u017cyciu sprz\u0119tu jakiejkolwiek innej marki.<\/p>\n<h2>SteelSeries QcK Prism Cloth XL Czarna (63826) Steelseries<\/h2>\n<p>kolorowanki pokemon, podchwytliwe zagadki i odpowiedzi, prezent dla dwunastolatka, pomys\u0142y na prezent na roczek, chase kolorowanka, piesek kolorowanka, cytat mama, super zings do druku, test z narnii<\/p>\n<p>yyyyy<\/p>\n<p>&nbsp;<\/p>\n","protected":false},"excerpt":{"rendered":"<p>Legendarny materia\u0142Innowacyjno\u015b\u0107 i wydajno\u015b\u0107 &#8211; dzi\u0119ki temu na ca\u0142ym \u015bwiecie sprzeda\u0142o si\u0119 ponad 10 milion\u00f3w podk\u0142adek SteelSeries QcK. Model Prism ma ten sam legendarny materia\u0142 z 2 strefami pod\u015bwietlenia RGB.Oprogramowanie SteelSeries EngineZa spraw\u0105 darmowego oprogramowania SteelSeries Engine, u\u017cytkownik otrzymuje poka\u017any arsena\u0142 Engine Apps, kt\u00f3re pozwol\u0105 na \u0142atwe i intuicyjne zarz\u0105dzanie sprz\u0119tem SteelSeries.Integracja z czatem DiscordPod\u015bwietlenie [&hellip;]<\/p>\n","protected":false},"featured_media":11421,"comment_status":"closed","ping_status":"open","template":"","meta":[],"product_cat":[1265,2013],"product_tag":[816,870,589,814,769,698],"class_list":["post-11420","product","type-product","status-publish","has-post-thumbnail","hentry","product_cat-podkladki-pod-myszki-i-klawiatury","product_cat-steelseries","product_tag-place-zabaw-warszawa","product_tag-prezent-dla-chlopca-na-roczek","product_tag-prezent-dla-rocznego-dziecka","product_tag-prezenty-dla-nastolatek","product_tag-psi-patrol-do-czytania","product_tag-zagadki-dla-przedszkolakow"],"_links":{"self":[{"href":"http:\/\/klubmamgdynia.pl\/index.php\/wp-json\/wp\/v2\/product\/11420","targetHints":{"allow":["GET"]}}],"collection":[{"href":"http:\/\/klubmamgdynia.pl\/index.php\/wp-json\/wp\/v2\/product"}],"about":[{"href":"http:\/\/klubmamgdynia.pl\/index.php\/wp-json\/wp\/v2\/types\/product"}],"replies":[{"embeddable":true,"href":"http:\/\/klubmamgdynia.pl\/index.php\/wp-json\/wp\/v2\/comments?post=11420"}],"wp:featuredmedia":[{"embeddable":true,"href":"http:\/\/klubmamgdynia.pl\/index.php\/wp-json\/wp\/v2\/media\/11421"}],"wp:attachment":[{"href":"http:\/\/klubmamgdynia.pl\/index.php\/wp-json\/wp\/v2\/media?parent=11420"}],"wp:term":[{"taxonomy":"product_cat","embeddable":true,"href":"http:\/\/klubmamgdynia.pl\/index.php\/wp-json\/wp\/v2\/product_cat?post=11420"},{"taxonomy":"product_tag","embeddable":true,"href":"http:\/\/klubmamgdynia.pl\/index.php\/wp-json\/wp\/v2\/product_tag?post=11420"}],"curies":[{"name":"wp","href":"https:\/\/api.w.org\/{rel}","templated":true}]}}