{"id":11422,"date":"2021-08-18T16:01:37","date_gmt":"2021-08-18T14:01:37","guid":{"rendered":"http:\/\/klubmamgdynia.pl\/index.php\/produkt\/spin-master-zestaw-z-figurka-psi-patrol-odwazni-rycerze-pojazd-rocky-606218120133698\/"},"modified":"2026-05-17T23:01:15","modified_gmt":"2026-05-17T21:01:15","slug":"spin-master-zestaw-z-figurka-psi-patrol-odwazni-rycerze-pojazd-rocky-606218120133698","status":"publish","type":"product","link":"http:\/\/klubmamgdynia.pl\/index.php\/produkt\/spin-master-zestaw-z-figurka-psi-patrol-odwazni-rycerze-pojazd-rocky-606218120133698\/","title":{"rendered":"Spin Master Zestaw z figurk\u0105 Psi Patrol Odwa\u017cni Rycerze Pojazd Rocky (606218120133698)"},"content":{"rendered":"<p>Psi Patrol Odwa\u017cni Rycerze Po\u0142\u0105cz si\u0142y z Rockym i we\u017a udzia\u0142 w ekscytuj\u0105cych misjach z jego pojazdem delux w wersji Psi Patrol Odwa\u017cni Rycerze. Pojazd Rockyego posiada detale i stylizacj\u0119 inspirowan\u0105 smokami oraz ekscytuj\u0105c\u0105 transformacj\u0119 narz\u0119dzi ratunkowych. Ubrany w zbroj\u0119 Odwa\u017cnych Rycerzy Rocky (w zestawie figurka kolekcjonerska) jest gotowy, aby uratowa\u0107 sytuacj\u0119 w Barkinburg. Gdy przyjaciel smok ma k\u0142opoty, posad\u017a Rockyego za kierownic\u0105 i ruszaj na ratunek. Naci\u015bnij spojler, a z ty\u0142y wyskoczy wyrzutnia. Za\u0142aduj pociski (dwa w zestawie) i naci\u015bnij przycisk, aby wystrzeli\u0107! Wykorzystaj swoj\u0105 wyobra\u017ani\u0119, aby tworzy\u0107 niesamowite, \u015bredniowieczne akcje ratunkowe. Dok\u0142adnie takie jak z serialu telewizyjnego. Aby bawi\u0107 si\u0119 jeszcze lepiej, zbierz zestaw z zamkiem oraz wszystkie pojazdy delux Psiego Patrolu w wersji Odwa\u017cni Rycerze (zestaw i pojazdy sprzedawane osobno). Przygotuj si\u0119 na misje ratunkowe z Rockym i jego pojazdem delux z serii Odwa\u017cni Rycerze.<\/p>\n<h2>Spin Master Zestaw z figurk\u0105 Psi Patrol Odwa\u017cni Rycerze Pojazd Rocky (606218120133698) Spin Master<\/h2>\n<p>co mo\u017cna zrobi\u0107 z rolek po papierze toaletowym, ko\u0142ysanka dla dzieci tekst, basen dla dzieci warszawa, na roczek, prezent na roczek nie zabawka, gabriel imie, najlepsze zarty na prima aprilis, zagadki dla 3 latka, eksperymenty dla dzieci wulkan<\/p>\n<p>yyyyy<\/p>\n<p>&nbsp;<\/p>\n","protected":false},"excerpt":{"rendered":"<p>Psi Patrol Odwa\u017cni Rycerze Po\u0142\u0105cz si\u0142y z Rockym i we\u017a udzia\u0142 w ekscytuj\u0105cych misjach z jego pojazdem delux w wersji Psi Patrol Odwa\u017cni Rycerze. Pojazd Rockyego posiada detale i stylizacj\u0119 inspirowan\u0105 smokami oraz ekscytuj\u0105c\u0105 transformacj\u0119 narz\u0119dzi ratunkowych. Ubrany w zbroj\u0119 Odwa\u017cnych Rycerzy Rocky (w zestawie figurka kolekcjonerska) jest gotowy, aby uratowa\u0107 sytuacj\u0119 w Barkinburg. Gdy [&hellip;]<\/p>\n","protected":false},"featured_media":11423,"comment_status":"closed","ping_status":"open","template":"","meta":[],"product_cat":[95,94],"product_tag":[818,678,876,591,713,756],"class_list":["post-11422","product","type-product","status-publish","has-post-thumbnail","hentry","product_cat-figurki-makiety-i-zestawy","product_cat-spin-master","product_tag-oliwier","product_tag-prezent-na-roczek-dla-dziewczynki","product_tag-przyjazn","product_tag-quiz-o-minecraft","product_tag-zagadki-logiczne-z-odpowiedziami","product_tag-zaproszenie-na-urodziny-do-druku"],"_links":{"self":[{"href":"http:\/\/klubmamgdynia.pl\/index.php\/wp-json\/wp\/v2\/product\/11422","targetHints":{"allow":["GET"]}}],"collection":[{"href":"http:\/\/klubmamgdynia.pl\/index.php\/wp-json\/wp\/v2\/product"}],"about":[{"href":"http:\/\/klubmamgdynia.pl\/index.php\/wp-json\/wp\/v2\/types\/product"}],"replies":[{"embeddable":true,"href":"http:\/\/klubmamgdynia.pl\/index.php\/wp-json\/wp\/v2\/comments?post=11422"}],"wp:featuredmedia":[{"embeddable":true,"href":"http:\/\/klubmamgdynia.pl\/index.php\/wp-json\/wp\/v2\/media\/11423"}],"wp:attachment":[{"href":"http:\/\/klubmamgdynia.pl\/index.php\/wp-json\/wp\/v2\/media?parent=11422"}],"wp:term":[{"taxonomy":"product_cat","embeddable":true,"href":"http:\/\/klubmamgdynia.pl\/index.php\/wp-json\/wp\/v2\/product_cat?post=11422"},{"taxonomy":"product_tag","embeddable":true,"href":"http:\/\/klubmamgdynia.pl\/index.php\/wp-json\/wp\/v2\/product_tag?post=11422"}],"curies":[{"name":"wp","href":"https:\/\/api.w.org\/{rel}","templated":true}]}}