{"id":11424,"date":"2012-11-28T07:55:55","date_gmt":"2012-11-28T06:55:55","guid":{"rendered":"http:\/\/klubmamgdynia.pl\/index.php\/produkt\/clementoni-disney-princess-puzzle-101el-brilliant-20140\/"},"modified":"2026-04-22T22:06:33","modified_gmt":"2026-04-22T20:06:33","slug":"clementoni-disney-princess-puzzle-101el-brilliant-20140","status":"publish","type":"product","link":"http:\/\/klubmamgdynia.pl\/index.php\/produkt\/clementoni-disney-princess-puzzle-101el-brilliant-20140\/","title":{"rendered":"Clementoni Disney Princess Puzzle 101El. Brilliant 20140"},"content":{"rendered":"<p>Disney Princess &#8211; 104 el. &#8211; Brilliant Puzzle                            <\/p>\n<p>Puzzle Supercolor Clementoni towarzysz\u0105 dziecku w ka\u017cdej fazie jego wzrostu, pomagaj\u0105c mu rozwija\u0107 zr\u0119czno\u015b\u0107 manualn\u0105 i zmys\u0142 obserwacji. Jako\u015b\u0107 materia\u0142\u00f3w i wyj\u0105tkowa technika druku gwarantuj\u0105, \u017ce ilustracje bed\u0105 zawsze pi\u0119kne, \u017cywe i b\u0142yszcz\u0105ce, a zabawa nigdy si\u0119 nie znudzi.                            <\/p>\n<p>Liczba element\u00f3w 104<br \/>\nWymiary obrazka<br \/>\n68 x 48 cm<\/p>\n<h2>Clementoni Disney Princess Puzzle 101El. Brilliant 20140 Clementoni<\/h2>\n<p>lucjan, kira, wroc\u0142aw dla dzieci, basen warszawa, opis do zdj\u0119cia z dzieckiem, lukrecja imi\u0119, planety uk\u0142ad s\u0142oneczny dla dzieci do druku, bajki dla niemowlakow, konie quiz, traktor do druku, quiz o hejka tu lenka, zagadki z odpowiedziami \u015bmieszne, opis do zdj\u0119cia dziecka, r\u00f3\u017ca imie<\/p>\n<p>yyyyy<\/p>\n<p>&nbsp;<\/p>\n","protected":false},"excerpt":{"rendered":"<p>Disney Princess &#8211; 104 el. &#8211; Brilliant Puzzle Puzzle Supercolor Clementoni towarzysz\u0105 dziecku w ka\u017cdej fazie jego wzrostu, pomagaj\u0105c mu rozwija\u0107 zr\u0119czno\u015b\u0107 manualn\u0105 i zmys\u0142 obserwacji. Jako\u015b\u0107 materia\u0142\u00f3w i wyj\u0105tkowa technika druku gwarantuj\u0105, \u017ce ilustracje bed\u0105 zawsze pi\u0119kne, \u017cywe i b\u0142yszcz\u0105ce, a zabawa nigdy si\u0119 nie znudzi. Liczba element\u00f3w 104 Wymiary obrazka 68 x 48 [&hellip;]<\/p>\n","protected":false},"featured_media":11425,"comment_status":"closed","ping_status":"open","template":"","meta":[],"product_cat":[163,90],"product_tag":[819,784,670,669,657],"class_list":["post-11424","product","type-product","status-publish","has-post-thumbnail","hentry","product_cat-clementoni","product_cat-puzzle","product_tag-co-kupic-nastolatce-na-swieta","product_tag-hymn-gorniczy","product_tag-irma","product_tag-kolorowanki","product_tag-lol-kolorowanka"],"_links":{"self":[{"href":"http:\/\/klubmamgdynia.pl\/index.php\/wp-json\/wp\/v2\/product\/11424","targetHints":{"allow":["GET"]}}],"collection":[{"href":"http:\/\/klubmamgdynia.pl\/index.php\/wp-json\/wp\/v2\/product"}],"about":[{"href":"http:\/\/klubmamgdynia.pl\/index.php\/wp-json\/wp\/v2\/types\/product"}],"replies":[{"embeddable":true,"href":"http:\/\/klubmamgdynia.pl\/index.php\/wp-json\/wp\/v2\/comments?post=11424"}],"wp:featuredmedia":[{"embeddable":true,"href":"http:\/\/klubmamgdynia.pl\/index.php\/wp-json\/wp\/v2\/media\/11425"}],"wp:attachment":[{"href":"http:\/\/klubmamgdynia.pl\/index.php\/wp-json\/wp\/v2\/media?parent=11424"}],"wp:term":[{"taxonomy":"product_cat","embeddable":true,"href":"http:\/\/klubmamgdynia.pl\/index.php\/wp-json\/wp\/v2\/product_cat?post=11424"},{"taxonomy":"product_tag","embeddable":true,"href":"http:\/\/klubmamgdynia.pl\/index.php\/wp-json\/wp\/v2\/product_tag?post=11424"}],"curies":[{"name":"wp","href":"https:\/\/api.w.org\/{rel}","templated":true}]}}