{"id":11426,"date":"2022-11-13T13:45:10","date_gmt":"2022-11-13T12:45:10","guid":{"rendered":"http:\/\/klubmamgdynia.pl\/?post_type=product&#038;p=11426"},"modified":"2026-04-05T21:20:20","modified_gmt":"2026-04-05T19:20:20","slug":"apple-ipad-pro-2021-129-m1-128gb-wi-fi-gwiezdna-szarosc-mhnf3fda","status":"publish","type":"product","link":"http:\/\/klubmamgdynia.pl\/index.php\/produkt\/apple-ipad-pro-2021-129-m1-128gb-wi-fi-gwiezdna-szarosc-mhnf3fda\/","title":{"rendered":"Apple iPad Pro 2021 12,9&#8221; M1 128GB Wi-Fi Gwiezdna Szaro\u015b\u0107 (MHNF3FDA)"},"content":{"rendered":"<p>Oto najdoskonalszy iPad Pro.<br \/>\nWydajno\u015b\u0107 czipa M1 przebija wszystko, co by\u0142o wcze\u015bniej, wy\u015bwietlacz XDR ol\u015bniewa jako\u015bci\u0105 obrazu, a interfejs bezprzewodowy 5G \u015bmiga z zawrotn\u0105 pr\u0119dko\u015bci\u0105. Zapnij pasy.                            <\/p>\n<p>iPad Pro i M1. Moc do pot\u0119gi.<br \/>\nCzip M1. iPad Pro z czipem M1 to najszybsze urz\u0105dzenie tego typu. Zaprojektowane, by maksymalnie wykorzysta\u0107 bezprecedensow\u0105 wydajno\u015b\u0107 i wyj\u0105tkowe technologie, takie jak zaawanso\u00adwany procesor ISP oraz zunifikowana pami\u0119\u0107 RAM w czipie. A niesamowita energooszcz\u0119dno\u015b\u0107 M1, niezmiennie lekka i smuk\u0142a konstrukcja oraz bateria na ca\u0142y dzie\u0144 sprawiaj\u0105, \u017ce iPad Pro jest r\u00f3wnie pot\u0119\u017cny, jak przeno\u015bny                            <\/p>\n<p>Czip M1 w nowym Apple iPad Pro. iPad Pro z czipem M1 to najszybsze urz\u0105dzenie tego typu. Zaprojektowane, by maksymalnie wykorzysta\u0107 bezprecedensow\u0105 wydajno\u015b\u0107 i wyj\u0105tkowe technologie, takie jak zaawanso\u00adwany procesor ISP oraz zunifikowana pami\u0119\u0107 RAM w czipie. A niesamowita energooszcz\u0119dno\u015b\u0107 M1, niezmiennie lekka i smuk\u0142a konstrukcja oraz bateria na ca\u0142y dzie\u0144 sprawiaj\u0105, \u017ce iPad Pro jest r\u00f3wnie pot\u0119\u017cny, jak przeno\u015bny.                            <\/p>\n<p>Szybsze dzia\u0142anie i grafika w nowym Apple iPad Pro. 8-rdzeniowe CPU w czipie M1 przyspiesza wszystko nawet o 50 procent. A jego bezkonkurencyjne 8-rdzeniowe GPU zwi\u0119ksza wydajno\u015b\u0107 grafiki nawet o 40 procent. Mo\u017cesz wi\u0119c tworzy\u0107 skomplikowane modele w AR, gra\u0107 w gry z obrazem jak na konsoli przy du\u017cej cz\u0119sto\u015bci klatek i robi\u0107 mas\u0119 innych niesamowitych rzeczy                            <\/p>\n<p>Wy\u015bwietlacz Liquid Retina XDR \u00a012,9 cala w iPad Pro.<br \/>\n\u015awieci najja\u015bniej.<br \/>\nEkstremalny zakres dynamiczny debiutuje w iPadzie Pro 12,9 cala. Wy\u015bwietlacz Liquid Retina XDR imponuje bogactwem realistycznych detali. Wsp\u00f3\u0142czynnik kontrastu 1 000 000:1 sprawia, \u017ce przegl\u0105danie i edytowanie zdj\u0119\u0107 oraz wideo HDR to czysta przyjemno\u015b\u0107, a Twoje ulubione filmy i seriale \u2013 uczta dla oczu. Liquid Retina XDR ma te\u017c powalaj\u0105ce 1000 nit\u00f3w jasno\u015bci utrzymywanej na ca\u0142ym ekranie i a\u017c 1600 nit\u00f3w jasno\u015bci szczytowej. Oraz zaawansowane technologie, takie jak szeroka gama kolor\u00f3w P3, True Tone i ProMotion.                            <\/p>\n<p>Wy\u015bwietlacz Liquid Retina 11 cali. Przeno\u015bne pi\u0119kno.<br \/>\nZachwyty na wynos.Wy\u015bwietlacz Liquid Retina w iPadzie Pro 11 cali jest nie tylko przepi\u0119kny i superprzeno\u015bny. Oferuje te\u017c niezwykle zaawansowane technologie \u2013 ProMotion, True Tone, szerok\u0105 gam\u0119 kolor\u00f3w P3 i ultraniski wsp\u00f3\u0142czynnik odbicia \u015bwiat\u0142a \u2013 dzi\u0119ki kt\u00f3rym wszystko wygl\u0105da zachwycaj\u0105co, a ka\u017cda czynno\u015b\u0107 jest doskonale p\u0142ynna.                            <\/p>\n<p>5G i Wi\u2011Fi.<br \/>\nPiorunuj\u0105ca b\u0142yskawiczno\u015b\u0107.<br \/>\nUltraszybkie po\u0142\u0105czenia. iPad Pro zawsze by\u0142 wyj\u0105tkowo mobilny dzi\u0119ki b\u0142yskawicznej \u0142\u0105czno\u015bci przez Wi\u2011Fi i sie\u0107 kom\u00f3rkow\u0105. A poniewa\u017c teraz obs\u0142uguje technologi\u0119 5G, mo\u017cesz \u0142\u0105czy\u0107 si\u0119 z najszybszymi sieciami bezprze\u00adwo\u00addowymi w dowolnym miejscu, \u017ceby swobodnie pobiera\u0107 i przesy\u0142a\u0107 pliki, strumieniowa\u0107 filmy lub pracowa\u0107 zespo\u0142owo. iPad Pro ma te\u017c najwi\u0119cej pasm ze wszystkich urz\u0105dze\u0144 tego typu, wi\u0119c sie\u0107 5G jest cz\u0119\u015bciej dost\u0119pna                            <\/p>\n<p>Wi\u2011Fi 6 w Apple iPad Pro. Cokolwiek chcesz zrobi\u0107, szybka \u0142\u0105czno\u015b\u0107 bezprzewod\u00adowa to podstawa. Z interfejsem Wi\u2011Fi 6 masz gwarancj\u0119, \u017ce gdy tylko z\u0142apiesz Wi\u2011Fi, to najszybsze, jakie jest.                            <\/p>\n<p>Aparaty w iPad Pro.<br \/>\nWszystko w lepszym \u015bwietle.<br \/>\nAparat ultraszerokok\u0105tny z funkcj\u0105 Centrum uwagi. iPad Pro ma nowy aparat ultraszerokok\u0105tny z matryc\u0105 12 MP o 122\u2011stopniowym polu widzenia, kt\u00f3ry idealnie nadaje si\u0119 do rozm\u00f3w FaceTime i obs\u0142ugi nowej funkcji Centrum uwagi. Pozwala te\u017c robi\u0107 spektakularne selfie w Trybie portretowym. A we wsp\u00f3\u0142pracy z aparatem TrueDepth \u2013 bezpiecznie odblokowywa\u0107 iPada Pro za pomoc\u0105 Face ID.                            <\/p>\n<p>Centrum uwagi iPada Pro. To nowa funkcja, kt\u00f3ra wykorzystuje aparat ultraszerokok\u0105tny i technologi\u0119 samouczenia iPada Pro, \u017ceby odmieni\u0107 Twoje wideorozmowy. Kiedy si\u0119 poruszasz, kamera sama pod\u0105\u017ca za Tob\u0105. A gdy inne osoby do\u0142\u0105czaj\u0105 do konwersacji lub j\u0105 opuszczaj\u0105, widok odpowiednio oddala si\u0119 lub przybli\u017ca. I to nie tylko w FaceTime, ale te\u017c w innych apkach do wideorozm\u00f3w.                            <\/p>\n<p>Pro aparaty oraz Skaner LiDAR w Apple iPad Pro.Aparatem szeroko\u00adk\u0105tnym i ultraszeroko\u00adk\u0105tnym uchwycisz fantastyczne kadry na zdj\u0119ciach i filmach wideo. Nakr\u0119cisz nawet profesjonalne uj\u0119cia wielokamerowe. A dzi\u0119ki pot\u0119\u017cniejszemu procesorowi ISP w czipie M1 iPad Pro ma teraz tak\u017ce tryb Inteligentnego HDR 3. Skaner LiDAR mierzy czas drogi powrotnej \u015bwiat\u0142a odbitego od obiekt\u00f3w. W efekcie powstaje mapa g\u0142\u0119bi Twojego otoczenia, dzi\u0119ki kt\u00f3rej rzeczywisto\u015b\u0107 rozszerzona dostarcza absolutnie wyj\u0105tkowych wra\u017ce\u0144. A we wsp\u00f3\u0142pracy z pot\u0119\u017cnym procesorem ISP LiDAR wyostrza niedo\u015bwietlone zdj\u0119cia i wideo oraz skraca czas ich rejestracji                            <\/p>\n<p>Thunderbolt. Port po\u0142\u0105cze\u0144 ekspresowych w iPadzie Pro.<br \/>\nPot\u0119\u017cne narz\u0119dzia dla tw\u00f3rc\u00f3w. Thunderbolt to najszybszy i najbardziej wszechstronny port, jaki kiedykolwiek mia\u0142 iPad. Dzia\u0142a z obecnie stosowanymi z\u0142\u0105czami USB\u2011C i otwiera dla iPada Pro rozleg\u0142y ekosystem wysoce wydajnych akcesori\u00f3w, takich jak szybkie zewn\u0119trzne pami\u0119ci masowe, wy\u015bwietlacze i stacje dokuj\u0105ce. Mo\u017cesz wi\u0119c \u015bmia\u0142o przesy\u0142a\u0107 olbrzymie pliki, a nawet korzysta\u0107 z wy\u015bwietlacza Pro Display XDR w pe\u0142nej rozdzielczo\u015bci 6K.                            <\/p>\n<p>Magic Keyboard. Apple Pencil. Niesko\u0144czone mo\u017cliwo\u015bci nowego iPada Pro.<br \/>\nPro akcesoria. W po\u0142\u0105czeniu z Apple Pencil, Magic Keyboard i Smart Keyboard Folio iPad Pro potrafi jeszcze wi\u0119cej. Mo\u017cesz bez trudu zrobi\u0107 szybk\u0105 notatk\u0119, narysowa\u0107 arcydzie\u0142o albo stworzy\u0107 kapitalny biznesplan. Te wszechstronne akcesoria zosta\u0142y stworzone, by maksymalnie podkr\u0119ci\u0107 Twoj\u0105 inwencj\u0119 i produktywno\u015b\u0107                            <\/p>\n<p>Apple Pencil w iPad Pro. Dzi\u0119ki mocy Apple Pencil drugiej generacji mo\u017cesz przekszta\u0142ci\u0107 iPada Pro w efektowne p\u0142\u00f3tno malarskie lub najwspanialszy na \u015bwiecie notatnik. Bo Apple Pencil wyznacza nowy standard w rysowaniu czy dodawaniu adnotacji. Wszystko odbywa si\u0119 tak intuicyjnie i precyzyjnie, \u017ce wygl\u0105da na czary                            <\/p>\n<p>Magic Keyboard Apple iPad Pro. To niezwykle czu\u0142a klawiatura z wbudowanym g\u0142adzikiem, kt\u00f3ry wzbogaca interakcje z systemem iPadOS. Napiszesz na niej wszystko \u2013 od mejla czy pracy semestralnej po epick\u0105 powie\u015b\u0107. A poniewa\u017c ma pod\u015bwietlane klawisze, pozwoli Ci dzia\u0142a\u0107 tak\u017ce po godzinach.                            <\/p>\n<p>iPadOS. Niezachwiana p\u0142ynno\u015b\u0107 w nowym Apple iPad Pro.<br \/>\nProsty. Intuicyjny. Jak iPad. iPadOS powsta\u0142 na tym samym solidnym fundamencie co iOS, ale oferuje niepowtarzalne rozwi\u0105zania stworzone pod k\u0105tem unikalnych funkcji iPada. Niezale\u017cnie od tego, jak go u\u017cywasz \u2013 przy u\u017cyciu dotyku, rysika, klawiatury czy g\u0142adzika. A w systemie iPadOS 14 mo\u017cesz zrobi\u0107 jeszcze wi\u0119cej. Cho\u0107by kopiowa\u0107 i wkleja\u0107 w\u0142asne zapiski jako cyfrowy tekst.                            <\/p>\n<p>Audio na cztery g\u0142o\u015bniki w iPadzie Pro! Dostarcza wra\u017ce\u0144 akustycznych kinowej jako\u015bci i obs\u0142uguje standard Dolby Atmos, a\u00a0pi\u0119\u0107 mikrofon\u00f3w klasy studyjnej rejestruje d\u017awi\u0119k doskona\u0142ej jako\u015bci podczas kr\u0119cenia wideo, komponowania muzyki i nie tylko.                            <\/p>\n<p>Sprawd\u017a jak dzia\u0142a nowy Apple iPad Pro!Poni\u017cej videorecenzja nowego iPada Pro.<\/p>\n<h2>Apple iPad Pro 2021 12,9 M1 128GB Wi-Fi Gwiezdna Szaro\u015b\u0107 (MHNF3FDA) Apple<\/h2>\n<p>sporty po francusku, tymoteusz znaczenie imienia, zagadki logiczne \u015bmieszne, pomys\u0142 na prima aprilis, atrakcje dla dzieci w warszawie dzi\u015b, kolorowanki na andrzejki do wydruku, bajki dla dzieci od 7 do 10 lat, najlepsze \u017carty na prima aprilis, bajki na dobranoc do czytania, karty pracy dla dzieci z ukrainy, prima aprilis pomys\u0142y, znane misie z bajek, nietypowe imiona, kwiecie\u0144 plecie\u0144 wiersz<\/p>\n<p>yyyyy<\/p>\n<p>&nbsp;<\/p>\n","protected":false},"excerpt":{"rendered":"<p>Oto najdoskonalszy iPad Pro. Wydajno\u015b\u0107 czipa M1 przebija wszystko, co by\u0142o wcze\u015bniej, wy\u015bwietlacz XDR ol\u015bniewa jako\u015bci\u0105 obrazu, a interfejs bezprzewodowy 5G \u015bmiga z zawrotn\u0105 pr\u0119dko\u015bci\u0105. Zapnij pasy. iPad Pro i M1. Moc do pot\u0119gi. Czip M1. iPad Pro z czipem M1 to najszybsze urz\u0105dzenie tego typu. Zaprojektowane, by maksymalnie wykorzysta\u0107 bezprecedensow\u0105 wydajno\u015b\u0107 i wyj\u0105tkowe technologie, [&hellip;]<\/p>\n","protected":false},"featured_media":11427,"comment_status":"closed","ping_status":"open","template":"","meta":[],"product_cat":[2014,2009],"product_tag":[657,794,849],"class_list":["post-11426","product","type-product","status-publish","has-post-thumbnail","hentry","product_cat-apple","product_cat-tablety-pc","product_tag-lol-kolorowanka","product_tag-test-opowiesci-z-narnii-lew-czarownica-i-stara-szafa-do-druku","product_tag-zagadki-matematyczne-dla-dzieci"],"_links":{"self":[{"href":"http:\/\/klubmamgdynia.pl\/index.php\/wp-json\/wp\/v2\/product\/11426","targetHints":{"allow":["GET"]}}],"collection":[{"href":"http:\/\/klubmamgdynia.pl\/index.php\/wp-json\/wp\/v2\/product"}],"about":[{"href":"http:\/\/klubmamgdynia.pl\/index.php\/wp-json\/wp\/v2\/types\/product"}],"replies":[{"embeddable":true,"href":"http:\/\/klubmamgdynia.pl\/index.php\/wp-json\/wp\/v2\/comments?post=11426"}],"wp:featuredmedia":[{"embeddable":true,"href":"http:\/\/klubmamgdynia.pl\/index.php\/wp-json\/wp\/v2\/media\/11427"}],"wp:attachment":[{"href":"http:\/\/klubmamgdynia.pl\/index.php\/wp-json\/wp\/v2\/media?parent=11426"}],"wp:term":[{"taxonomy":"product_cat","embeddable":true,"href":"http:\/\/klubmamgdynia.pl\/index.php\/wp-json\/wp\/v2\/product_cat?post=11426"},{"taxonomy":"product_tag","embeddable":true,"href":"http:\/\/klubmamgdynia.pl\/index.php\/wp-json\/wp\/v2\/product_tag?post=11426"}],"curies":[{"name":"wp","href":"https:\/\/api.w.org\/{rel}","templated":true}]}}