{"id":11430,"date":"2013-09-06T14:32:36","date_gmt":"2013-09-06T12:32:36","guid":{"rendered":"http:\/\/klubmamgdynia.pl\/index.php\/produkt\/spin-master-psi-patrol-rescue-knight-pojazd-z-figurka-marshalla-6063585-5918\/"},"modified":"2026-04-30T21:21:45","modified_gmt":"2026-04-30T19:21:45","slug":"spin-master-psi-patrol-rescue-knight-pojazd-z-figurka-marshalla-6063585-5918","status":"publish","type":"product","link":"http:\/\/klubmamgdynia.pl\/index.php\/produkt\/spin-master-psi-patrol-rescue-knight-pojazd-z-figurka-marshalla-6063585-5918\/","title":{"rendered":"Spin Master Psi Patrol Rescue Knight Pojazd Z Figurk\u0105 Marshalla 6063585 5918"},"content":{"rendered":"<p>Psi Patrol \u2013 Rescue Knight \u2013 Pojazd z figurk\u0105 Marshalla &#8211; 6063585 5918 Czy jeste\u015bcie gotowi na now\u0105 przygod\u0119 wraz z psiakami z Psiego Patrolu? Przenie\u015bmy si\u0119 na moment do czas\u00f3w \u015bredniowiecza, gdzie pe\u0142no jest magii i tajemniczych stworze\u0144. Tym razem stra\u017cacki pojazd Marshalla ozdobiony zosta\u0142 wizerunkiem \u017c\u00f3\u0142tego smoka. Sam piesek ubrany jest w zbroj\u0119 oraz czerwony he\u0142m rycerza, udekorowany smoczymi \u0142uskami. Pojazd zaopatrzony zosta\u0142 w dzia\u0142ko, dzi\u0119ki kt\u00f3remu mo\u017cna b\u0119dzie odgrywa\u0107 scenki gaszenia po\u017caru. Wystarczy opu\u015bci\u0107 spoiler, a nast\u0119pnie podnie\u015b\u0107 dzia\u0142o, na kt\u00f3rego szczycie znajduje si\u0119 przycisk. Jego naci\u015bni\u0119cie spowoduje wysuni\u0119cie \u201ewodnego pocisku\u201d (nie zostanie on wystrzelony). Autko mierzy ok. 16 cm d\u0142ugo\u015bci i z powodzeniem poszerzy posiadan\u0105 kolekcj\u0119 pojazd\u00f3w z serii Psi Patrol. W zestawie znajduje si\u0119 figurka Marshalla. Zabawka przeznaczona jest dla dzieci powy\u017cej 3 roku \u017cycia. Psi Patrol \u2013 Rescue Knight \u2013 Pojazd z figurk\u0105 Marshalla &#8211; informacje dodatkowe: Producent: Spin Master Seria: Psi Patrol &#8211; Rescue Knights Numer katalogowy: 5918 Sugerowany wiek: + 3 lata Wymiary opakowania: 23 cm x 10 cm x 23 cm<\/p>\n<h2>Spin Master Psi Patrol Rescue Knight Pojazd Z Figurk\u0105 Marshalla 6063585 5918 Spin Master<\/h2>\n<p>z\u0142ote my\u015bli cytaty o szkole i nauce, jak narysowa\u0107, trudne zagadki logiczne z odpowiedziami, trudne zagadki wielkanocne, jaki prezent na roczek dla dziewczynki, platformy edukacyjne, aniela znaczenie imienia, lato, pieski pies kolorowanka, pole dyniowe pozna\u0144, god\u0142o polski do druku, w zieleni \u0142\u0105ka majowa tekst, jeremi imi\u0119, quiz minecraft, zagadki \u015bmieszne podchwytliwe, jagna, ko\u0142ysanka dla dzieci tekst, przeczytaj mi wiersz, bombki do kolorowania, tr\u00f3jmiasto atrakcje dla dzieci<\/p>\n<p>yyyyy<\/p>\n<p>&nbsp;<\/p>\n","protected":false},"excerpt":{"rendered":"<p>Psi Patrol \u2013 Rescue Knight \u2013 Pojazd z figurk\u0105 Marshalla &#8211; 6063585 5918 Czy jeste\u015bcie gotowi na now\u0105 przygod\u0119 wraz z psiakami z Psiego Patrolu? Przenie\u015bmy si\u0119 na moment do czas\u00f3w \u015bredniowiecza, gdzie pe\u0142no jest magii i tajemniczych stworze\u0144. Tym razem stra\u017cacki pojazd Marshalla ozdobiony zosta\u0142 wizerunkiem \u017c\u00f3\u0142tego smoka. Sam piesek ubrany jest w zbroj\u0119 [&hellip;]<\/p>\n","protected":false},"featured_media":11431,"comment_status":"closed","ping_status":"open","template":"","meta":[],"product_cat":[95,94],"product_tag":[658,765,696,639,850,820],"class_list":["post-11430","product","type-product","status-publish","has-post-thumbnail","hentry","product_cat-figurki-makiety-i-zestawy","product_cat-spin-master","product_tag-alan-znaczenie-imienia","product_tag-atrakcje-dla-dzieci-warszawa","product_tag-film-rodzinny-o-swietach","product_tag-nela-imie","product_tag-wroclaw-atrakcje-dla-dzieci","product_tag-ziemia-wyspa-zielona-tekst"],"_links":{"self":[{"href":"http:\/\/klubmamgdynia.pl\/index.php\/wp-json\/wp\/v2\/product\/11430","targetHints":{"allow":["GET"]}}],"collection":[{"href":"http:\/\/klubmamgdynia.pl\/index.php\/wp-json\/wp\/v2\/product"}],"about":[{"href":"http:\/\/klubmamgdynia.pl\/index.php\/wp-json\/wp\/v2\/types\/product"}],"replies":[{"embeddable":true,"href":"http:\/\/klubmamgdynia.pl\/index.php\/wp-json\/wp\/v2\/comments?post=11430"}],"wp:featuredmedia":[{"embeddable":true,"href":"http:\/\/klubmamgdynia.pl\/index.php\/wp-json\/wp\/v2\/media\/11431"}],"wp:attachment":[{"href":"http:\/\/klubmamgdynia.pl\/index.php\/wp-json\/wp\/v2\/media?parent=11430"}],"wp:term":[{"taxonomy":"product_cat","embeddable":true,"href":"http:\/\/klubmamgdynia.pl\/index.php\/wp-json\/wp\/v2\/product_cat?post=11430"},{"taxonomy":"product_tag","embeddable":true,"href":"http:\/\/klubmamgdynia.pl\/index.php\/wp-json\/wp\/v2\/product_tag?post=11430"}],"curies":[{"name":"wp","href":"https:\/\/api.w.org\/{rel}","templated":true}]}}