{"id":11434,"date":"2020-12-26T13:11:45","date_gmt":"2020-12-26T12:11:45","guid":{"rendered":"http:\/\/klubmamgdynia.pl\/index.php\/produkt\/spin-master-psi-patrol-mighty-pups-charged-up-pojazd-deluxe-ze-swiatlem-i-dzwiekiem-figurka-kosmopiesek-marshall-20121273\/"},"modified":"2026-04-03T22:56:53","modified_gmt":"2026-04-03T20:56:53","slug":"spin-master-psi-patrol-mighty-pups-charged-up-pojazd-deluxe-ze-swiatlem-i-dzwiekiem-figurka-kosmopiesek-marshall-20121273","status":"publish","type":"product","link":"http:\/\/klubmamgdynia.pl\/index.php\/produkt\/spin-master-psi-patrol-mighty-pups-charged-up-pojazd-deluxe-ze-swiatlem-i-dzwiekiem-figurka-kosmopiesek-marshall-20121273\/","title":{"rendered":"Spin Master Psi Patrol Mighty Pups Charged Up Pojazd deluxe ze \u015bwiat\u0142em i d\u017awi\u0119kiem figurka Kosmopiesek Marshall 20121273"},"content":{"rendered":"<p>Fani Psiego Patrolu jeszcze nigdy nie widzieli swoich bohater\u00f3w tak silnych, szybkich i mocarnych! Ocalili zatok\u0119 przyg\u00f3d teraz musz\u0105 uratowa\u0107 \u015bwiat! Podczas realizacji jednego ze swych niecnych plan\u00f3w, burmistrz Humdinger i jego siostrzeniec Harold sprowadzaj\u0105 na Ziemi\u0119 meteoryt. Jego energia daje pieskom super moce! Wspania\u0142e Kosmopieski ruszaj\u0105 by uratowa\u0107 \u015bwiat! Nowe figurki, pojazdy i zestawy z serii Mighty Pups Charged Up ju\u017c w sprzeda\u017cy!Pojazdy Psiego Patrolu gotowe do akcji! Wybierz swoj\u0105 ulubion\u0105 posta\u0107 z serialu &#8222;Psi Patrol&#8221; i wyrusz na akcj\u0119 jednym ze specjalnych pojazd\u00f3w z serii Mighty Pups Charged Up. Pami\u0119taj, \u017ce \u017cadne zadanie nie jest zbyt wielkie, a psiak zbyt ma\u0142y. Czy pod os\u0142on\u0105 nocy, czy w \u015bwietle dnia, Psi Patrol zawsze s\u0142u\u017cy pomoc\u0105. Rozwijaj wyobra\u017ani\u0119 swojego dziecka z pojazdami Psiego Patrolu i wyruszcie na misje ratunkowe ju\u017c dzisiaj, tworz\u0105c niezwyk\u0142e przygody. Wszystkie pojazdy wykonano z plastiku, autka posiadaj\u0105 ruchome k\u00f3\u0142ka oraz efekty \u015bwietlne i d\u017awi\u0119kowe. Ka\u017cda posta\u0107 i pojazd s\u0105 szczeg\u00f3\u0142owo wykonane, wygl\u0105daj\u0105 tak, jak w serialu. Figurki dopasowane s\u0105 wielko\u015bci\u0105 i pasuj\u0105 do pojazdu. Zbierz wszystkie pojazdy z figurkami i stw\u00f3rz zgran\u0105 ekip\u0119 Psiego Patrolu!Zawarto\u015b\u0107 i cechy zestawu:pojazd deluxe w kolorze czerwono-szarym z \u017c\u00f3\u0142tymi ozdobnymi elementamiprzycisk z przodu pojazdu uruchamia efekty \u015bwietlno-d\u017awi\u0119koweefekty \u015bwietlne &#8211; roz\u015bwietlaj\u0105ce si\u0119 p\u00f3\u0142przezroczyste elementyefekty d\u017awi\u0119kowe &#8211; 3 r\u00f3\u017cne odg\u0142osyruchome k\u00f3\u0142kaw poje\u017adzie znajduje si\u0119 miejsce dla figurkifigurka kosmopieska &#8211; Marshallpozosta\u0142e zestawy sprzedawane oddzielnieCena dotyczy: Psi Patrol Mighty Pups Charged Up &#8211; Pojazd deluxe ze \u015bwiat\u0142em i d\u017awi\u0119kiem + figurka Kosmopiesek Marshall 20121273<\/p>\n<h2>Spin Master Psi Patrol Mighty Pups Charged Up Pojazd deluxe ze \u015bwiat\u0142em i d\u017awi\u0119kiem figurka Kosmopiesek Marshall 20121273 Spin Master<\/h2>\n<p>kolorowanki do druku lol, laura, co kupic 7 latkowi pod choinke, pomys\u0142y na prima aprilis w szkole, uk\u0142ad s\u0142oneczny dla dzieci do druku, jak rozmawia\u0107 z dzie\u0107mi o wojnie, cytaty dziecko, bajka do czytania o piesku, szablony postacie do szopki do druku, kolorowanki \u015bwi\u0105teczne do wydruku, zagadki logiczne z odpowiedziami, test znaki drogowe, kr\u00f3tkie bajki dla dzieci do czytania, \u015bwinka peppa do czytania, podzi\u0119kowania dla nauczyciela cytaty, test magiczne drzewo czerwone krzes\u0142o, kolorowanki do druku zwierz\u0119ta, cytaty o dzieciach i rodzinie, urodziny dziecka pomys\u0142y<\/p>\n<p>yyyyy<\/p>\n<p>&nbsp;<\/p>\n","protected":false},"excerpt":{"rendered":"<p>Fani Psiego Patrolu jeszcze nigdy nie widzieli swoich bohater\u00f3w tak silnych, szybkich i mocarnych! Ocalili zatok\u0119 przyg\u00f3d teraz musz\u0105 uratowa\u0107 \u015bwiat! Podczas realizacji jednego ze swych niecnych plan\u00f3w, burmistrz Humdinger i jego siostrzeniec Harold sprowadzaj\u0105 na Ziemi\u0119 meteoryt. Jego energia daje pieskom super moce! Wspania\u0142e Kosmopieski ruszaj\u0105 by uratowa\u0107 \u015bwiat! Nowe figurki, pojazdy i zestawy [&hellip;]<\/p>\n","protected":false},"featured_media":11435,"comment_status":"closed","ping_status":"open","template":"","meta":[],"product_cat":[83,94],"product_tag":[663,807,657,870,724],"class_list":["post-11434","product","type-product","status-publish","has-post-thumbnail","hentry","product_cat-auta-i-inne-pojazdy-do-zabawy","product_cat-spin-master","product_tag-kolorowanki-dla-dzieci-do-druku","product_tag-logiczne-zagadki","product_tag-lol-kolorowanka","product_tag-prezent-dla-chlopca-na-roczek","product_tag-zagadki-podchwytliwe"],"_links":{"self":[{"href":"http:\/\/klubmamgdynia.pl\/index.php\/wp-json\/wp\/v2\/product\/11434","targetHints":{"allow":["GET"]}}],"collection":[{"href":"http:\/\/klubmamgdynia.pl\/index.php\/wp-json\/wp\/v2\/product"}],"about":[{"href":"http:\/\/klubmamgdynia.pl\/index.php\/wp-json\/wp\/v2\/types\/product"}],"replies":[{"embeddable":true,"href":"http:\/\/klubmamgdynia.pl\/index.php\/wp-json\/wp\/v2\/comments?post=11434"}],"wp:featuredmedia":[{"embeddable":true,"href":"http:\/\/klubmamgdynia.pl\/index.php\/wp-json\/wp\/v2\/media\/11435"}],"wp:attachment":[{"href":"http:\/\/klubmamgdynia.pl\/index.php\/wp-json\/wp\/v2\/media?parent=11434"}],"wp:term":[{"taxonomy":"product_cat","embeddable":true,"href":"http:\/\/klubmamgdynia.pl\/index.php\/wp-json\/wp\/v2\/product_cat?post=11434"},{"taxonomy":"product_tag","embeddable":true,"href":"http:\/\/klubmamgdynia.pl\/index.php\/wp-json\/wp\/v2\/product_tag?post=11434"}],"curies":[{"name":"wp","href":"https:\/\/api.w.org\/{rel}","templated":true}]}}