{"id":11436,"date":"2018-10-27T22:16:40","date_gmt":"2018-10-27T20:16:40","guid":{"rendered":"http:\/\/klubmamgdynia.pl\/index.php\/produkt\/spin-master-psi-patrol-pojazd-transformujacy-z-wyrzutnia-figurka-kosmopiesek-marshall\/"},"modified":"2026-04-30T11:49:11","modified_gmt":"2026-04-30T09:49:11","slug":"spin-master-psi-patrol-pojazd-transformujacy-z-wyrzutnia-figurka-kosmopiesek-marshall","status":"publish","type":"product","link":"http:\/\/klubmamgdynia.pl\/index.php\/produkt\/spin-master-psi-patrol-pojazd-transformujacy-z-wyrzutnia-figurka-kosmopiesek-marshall\/","title":{"rendered":"Spin Master Psi Patrol Pojazd transformuj\u0105cy z wyrzutni\u0105 figurka Kosmopiesek Marshall"},"content":{"rendered":"<p>&#8222;Gaz do dechy! Super pojazdy Psi Patrol gotowe do akcji! Do\u0142\u0105cz do Marshalla i Chase (sprzedawane osobno) i prze\u017cywaj przygody z ich na\u0142adowanymi niespodziankami, super szybkimi pojazdami, kt\u00f3re potrafi\u0105 przej\u015b\u0107 niezwyk\u0142\u0105 transformacj\u0119. Kiedy zbli\u017ca si\u0119 niebezpiecze\u0144stwo, przejd\u017a na specjalny tryb. Po prostu naci\u015bnij spojlery, a boki maszyny si\u0119 otworz\u0105, ukazuj\u0105c przezroczyst\u0105 maszyneri\u0119 i miotacze pocisk\u00f3w. Marshall i Chase i ich super pojazdy s\u0105 gotowi na wszystko, nawet na zlikwidowanie przeszk\u00f3d za pomoc\u0105 miotanych przez maszyny pocisk\u00f3w. A kiedy niebezpiecze\u0144stwo minie, po prostu wci\u015bnij mechanizm, by powr\u00f3ci\u0107 do zwyk\u0142ego wygl\u0105du swojej maszyny. Kt\u00f3ry z nich wybierzesz? W\u00f3z Marshalla czy tez pojazd z Chase\u2019m za kierownic\u0105?Zestawy przeznaczone dla dzieci powy\u017cej 3 roku \u017cycia. Nie wymagaj\u0105 baterii. Zestaw zawiera: 1 figurk\u0119 Mighty Pups Super PAWs, 1 Super pojazd , 2 miotacze pocisk\u00f3w oraz instrukcj\u0119 obs\u0142ugi. Ubrane w swoje uniformy, figurki dzielnych ps\u00f3w s\u0105 gotowe, by zasi\u0105\u015b\u0107 za kierownicami swoich maszyn.Produkty przeznaczone dla dzieci powy\u017cej 3 roku \u017cycia.&#8221;<\/p>\n<h2>Spin Master Psi Patrol Pojazd transformuj\u0105cy z wyrzutni\u0105 figurka Kosmopiesek Marshall Spin Master<\/h2>\n<p>szymon znaczenie imiona, test z lektury dzieci z bullerbyn, zagadki wielkanocne dla doros\u0142ych, cytaty ma\u0142y ksi\u0105\u017ce, gad\u017cety dla nastolatek, delfinarium polska, warszawa dla dzieci, literki do druku, pomys\u0142 na laurk\u0119, my little pony kolorowanki celestia, bajki terapeutyczne o emocjach pdf, aurora imi\u0119, akademia pana kleksa &#8211; test z odpowiedziami do druku, prezent dla roczniaka, oliwier, quiz o bajkach, test na patologi\u0119 z kubusia puchatka, koty rysunki<\/p>\n<p>yyyyy<\/p>\n<p>&nbsp;<\/p>\n","protected":false},"excerpt":{"rendered":"<p>&#8222;Gaz do dechy! Super pojazdy Psi Patrol gotowe do akcji! Do\u0142\u0105cz do Marshalla i Chase (sprzedawane osobno) i prze\u017cywaj przygody z ich na\u0142adowanymi niespodziankami, super szybkimi pojazdami, kt\u00f3re potrafi\u0105 przej\u015b\u0107 niezwyk\u0142\u0105 transformacj\u0119. Kiedy zbli\u017ca si\u0119 niebezpiecze\u0144stwo, przejd\u017a na specjalny tryb. Po prostu naci\u015bnij spojlery, a boki maszyny si\u0119 otworz\u0105, ukazuj\u0105c przezroczyst\u0105 maszyneri\u0119 i miotacze pocisk\u00f3w. [&hellip;]<\/p>\n","protected":false},"featured_media":11437,"comment_status":"closed","ping_status":"open","template":"","meta":[],"product_cat":[83,94],"product_tag":[719,640,846,586],"class_list":["post-11436","product","type-product","status-publish","has-post-thumbnail","hentry","product_cat-auta-i-inne-pojazdy-do-zabawy","product_cat-spin-master","product_tag-dziecko-cytaty-zlote-mysli","product_tag-prezent-dla-rocznej-dziewczynki","product_tag-rysowanki","product_tag-smieszne-zagadki"],"_links":{"self":[{"href":"http:\/\/klubmamgdynia.pl\/index.php\/wp-json\/wp\/v2\/product\/11436","targetHints":{"allow":["GET"]}}],"collection":[{"href":"http:\/\/klubmamgdynia.pl\/index.php\/wp-json\/wp\/v2\/product"}],"about":[{"href":"http:\/\/klubmamgdynia.pl\/index.php\/wp-json\/wp\/v2\/types\/product"}],"replies":[{"embeddable":true,"href":"http:\/\/klubmamgdynia.pl\/index.php\/wp-json\/wp\/v2\/comments?post=11436"}],"wp:featuredmedia":[{"embeddable":true,"href":"http:\/\/klubmamgdynia.pl\/index.php\/wp-json\/wp\/v2\/media\/11437"}],"wp:attachment":[{"href":"http:\/\/klubmamgdynia.pl\/index.php\/wp-json\/wp\/v2\/media?parent=11436"}],"wp:term":[{"taxonomy":"product_cat","embeddable":true,"href":"http:\/\/klubmamgdynia.pl\/index.php\/wp-json\/wp\/v2\/product_cat?post=11436"},{"taxonomy":"product_tag","embeddable":true,"href":"http:\/\/klubmamgdynia.pl\/index.php\/wp-json\/wp\/v2\/product_tag?post=11436"}],"curies":[{"name":"wp","href":"https:\/\/api.w.org\/{rel}","templated":true}]}}