{"id":11438,"date":"2020-09-09T12:14:01","date_gmt":"2020-09-09T10:14:01","guid":{"rendered":"http:\/\/klubmamgdynia.pl\/index.php\/produkt\/martinelia-blyszczyk-do-ust-soczysty-mango-lip-gloss-8-ml\/"},"modified":"2026-04-04T10:23:53","modified_gmt":"2026-04-04T08:23:53","slug":"martinelia-blyszczyk-do-ust-soczysty-mango-lip-gloss-8-ml","status":"publish","type":"product","link":"http:\/\/klubmamgdynia.pl\/index.php\/produkt\/martinelia-blyszczyk-do-ust-soczysty-mango-lip-gloss-8-ml\/","title":{"rendered":"Martinelia Blyszczyk Do Ust Soczysty, Mango &#8211; Lip Gloss 8 Ml"},"content":{"rendered":"<p>Blyszczyk do ust Soczysty, mango &#8211; Martinelia Lip Gloss<\/p>\n<h2>Martinelia Blyszczyk Do Ust Soczysty, Mango &#8211; Lip Gloss 8 Ml Martinelia<\/h2>\n<p>postacie z bajek, kuba imi\u0119, cytaty o przyja\u017ani \u015bmieszne, julian imie, pomysl na prezent na roczek, prezent dla 16 latki, kolorowanka harry potter do druku, psi patrol kolorowanki, kolorowanka peppa<\/p>\n<p>yyyyy<\/p>\n<p>&nbsp;<\/p>\n","protected":false},"excerpt":{"rendered":"<p>Blyszczyk do ust Soczysty, mango &#8211; Martinelia Lip Gloss Martinelia Blyszczyk Do Ust Soczysty, Mango &#8211; Lip Gloss 8 Ml Martinelia postacie z bajek, kuba imi\u0119, cytaty o przyja\u017ani \u015bmieszne, julian imie, pomysl na prezent na roczek, prezent dla 16 latki, kolorowanka harry potter do druku, psi patrol kolorowanki, kolorowanka peppa yyyyy &nbsp;<\/p>\n","protected":false},"featured_media":11439,"comment_status":"closed","ping_status":"open","template":"","meta":[],"product_cat":[2017,2016],"product_tag":[671,846,587,736,701,805],"class_list":["post-11438","product","type-product","status-publish","has-post-thumbnail","hentry","product_cat-blyszczyki-do-ust","product_cat-martinelia","product_tag-cicha-noc-po-angielsku-tekst","product_tag-rysowanki","product_tag-skalne-miasto","product_tag-zabawki-na-roczek","product_tag-zgadywanki-dla-dzieci","product_tag-znaczenie-imienia-alan"],"_links":{"self":[{"href":"http:\/\/klubmamgdynia.pl\/index.php\/wp-json\/wp\/v2\/product\/11438","targetHints":{"allow":["GET"]}}],"collection":[{"href":"http:\/\/klubmamgdynia.pl\/index.php\/wp-json\/wp\/v2\/product"}],"about":[{"href":"http:\/\/klubmamgdynia.pl\/index.php\/wp-json\/wp\/v2\/types\/product"}],"replies":[{"embeddable":true,"href":"http:\/\/klubmamgdynia.pl\/index.php\/wp-json\/wp\/v2\/comments?post=11438"}],"wp:featuredmedia":[{"embeddable":true,"href":"http:\/\/klubmamgdynia.pl\/index.php\/wp-json\/wp\/v2\/media\/11439"}],"wp:attachment":[{"href":"http:\/\/klubmamgdynia.pl\/index.php\/wp-json\/wp\/v2\/media?parent=11438"}],"wp:term":[{"taxonomy":"product_cat","embeddable":true,"href":"http:\/\/klubmamgdynia.pl\/index.php\/wp-json\/wp\/v2\/product_cat?post=11438"},{"taxonomy":"product_tag","embeddable":true,"href":"http:\/\/klubmamgdynia.pl\/index.php\/wp-json\/wp\/v2\/product_tag?post=11438"}],"curies":[{"name":"wp","href":"https:\/\/api.w.org\/{rel}","templated":true}]}}