{"id":1144,"date":"2012-02-03T00:32:36","date_gmt":"2012-02-02T23:32:36","guid":{"rendered":"http:\/\/klubmamgdynia.pl\/index.php\/produkt\/jokomisiada-pchacz-wozek-z-kolorowymi-klockami-za3911\/"},"modified":"2026-05-17T22:17:15","modified_gmt":"2026-05-17T20:17:15","slug":"jokomisiada-pchacz-wozek-z-kolorowymi-klockami-za3911","status":"publish","type":"product","link":"http:\/\/klubmamgdynia.pl\/index.php\/produkt\/jokomisiada-pchacz-wozek-z-kolorowymi-klockami-za3911\/","title":{"rendered":"Jokomisiada Pchacz W\u00f3zek Z Kolorowymi Klockami Za3911"},"content":{"rendered":"<p>pchacz, w\u00f3zek, klocki,<\/p>\n<h2>Jokomisiada Pchacz W\u00f3zek Z Kolorowymi Klockami Za3911 Jokomisiada<\/h2>\n<p>madre zyczenia bozonarodzeniowe, imie gaja, kolorowanki wed\u0142ug kodu do druku, miko\u0142ajek quiz, imiona z bajek, malowanki dla dzieci, laurka dla mamy rysunek, bajki dla dzieci online, zabawka na roczek, znaczenie imienia alan, kwiecien plecien, test z narnii, kuku\u0142eczka kuka tekst, wiersze o wakacjach, testy z zemsty, lol surprise kolorowanki, kolorowanka my little pony, jak rozmawia\u0107 z dzie\u0107mi o wojnie, trudne zagadki z odpowiedziami, kanapki na urodziny dziecka, ciekawe zagadki<\/p>\n<p>yyyyy<\/p>\n<p>&nbsp;<\/p>\n","protected":false},"excerpt":{"rendered":"<p>pchacz, w\u00f3zek, klocki, Jokomisiada Pchacz W\u00f3zek Z Kolorowymi Klockami Za3911 Jokomisiada madre zyczenia bozonarodzeniowe, imie gaja, kolorowanki wed\u0142ug kodu do druku, miko\u0142ajek quiz, imiona z bajek, malowanki dla dzieci, laurka dla mamy rysunek, bajki dla dzieci online, zabawka na roczek, znaczenie imienia alan, kwiecien plecien, test z narnii, kuku\u0142eczka kuka tekst, wiersze o wakacjach, testy [&hellip;]<\/p>\n","protected":false},"featured_media":1145,"comment_status":"closed","ping_status":"open","template":"","meta":[],"product_cat":[349,131],"product_tag":[642,636,588],"class_list":["post-1144","product","type-product","status-publish","has-post-thumbnail","hentry","product_cat-chodziki","product_cat-jokomisiada","product_tag-mia-imie","product_tag-teksty-kolysanek","product_tag-wzruszajace-slowa-dla-przyjaciela"],"_links":{"self":[{"href":"http:\/\/klubmamgdynia.pl\/index.php\/wp-json\/wp\/v2\/product\/1144","targetHints":{"allow":["GET"]}}],"collection":[{"href":"http:\/\/klubmamgdynia.pl\/index.php\/wp-json\/wp\/v2\/product"}],"about":[{"href":"http:\/\/klubmamgdynia.pl\/index.php\/wp-json\/wp\/v2\/types\/product"}],"replies":[{"embeddable":true,"href":"http:\/\/klubmamgdynia.pl\/index.php\/wp-json\/wp\/v2\/comments?post=1144"}],"wp:featuredmedia":[{"embeddable":true,"href":"http:\/\/klubmamgdynia.pl\/index.php\/wp-json\/wp\/v2\/media\/1145"}],"wp:attachment":[{"href":"http:\/\/klubmamgdynia.pl\/index.php\/wp-json\/wp\/v2\/media?parent=1144"}],"wp:term":[{"taxonomy":"product_cat","embeddable":true,"href":"http:\/\/klubmamgdynia.pl\/index.php\/wp-json\/wp\/v2\/product_cat?post=1144"},{"taxonomy":"product_tag","embeddable":true,"href":"http:\/\/klubmamgdynia.pl\/index.php\/wp-json\/wp\/v2\/product_tag?post=1144"}],"curies":[{"name":"wp","href":"https:\/\/api.w.org\/{rel}","templated":true}]}}