{"id":11440,"date":"2019-03-01T00:13:18","date_gmt":"2019-02-28T23:13:18","guid":{"rendered":"http:\/\/klubmamgdynia.pl\/index.php\/produkt\/carrera-digital-132-chevrolet-dekon-monza-no-1-30850\/"},"modified":"2026-04-04T08:08:51","modified_gmt":"2026-04-04T06:08:51","slug":"carrera-digital-132-chevrolet-dekon-monza-no-1-30850","status":"publish","type":"product","link":"http:\/\/klubmamgdynia.pl\/index.php\/produkt\/carrera-digital-132-chevrolet-dekon-monza-no-1-30850\/","title":{"rendered":"Carrera Digital 132 Chevrolet Dekon Monza No.1 (30850)"},"content":{"rendered":"<p>W latach 70. mi\u0119dzynarodowe sporty motorowe by\u0142y zdominowane g\u0142\u00f3wnie przez niemieckich producent\u00f3w i ich samochody. Dlatego te\u017c Chevrolet postanowi\u0142 stworzy\u0107 samoch\u00f3d wy\u015bcigowy, kt\u00f3ry mia\u0142 ponownie wzmocni\u0107 ameryka\u0144skie wp\u0142ywy w zawodach samochodowych. Jako baz\u0119 wykorzystano zwyk\u0142\u0105 drogow\u0105 wersj\u0119 modelu Chevrolet Monza, przeprojektowan\u0105 na model wy\u015bcigowy i wyprodukowan\u0105 przez DeKon Engineering. W zwi\u0105zku z jubileuszem 200-lecia Stan\u00f3w Zjednoczonych wsz\u0119dzie roi\u0142o si\u0119 od dekoracji z motywami ameryka\u0144skiej flagi, czyli \u201estars and stripes\u201d. Jak mog\u0142oby ich zabrakn\u0105\u0107 w wy\u015bcigach samochodowych?! Chevrolet Dekon Monza, wyposa\u017cony w przednie i tylne \u015bwiat\u0142a oraz \u015bwiat\u0142o hamowania, robi wra\u017cenie wiern\u0105 orygina\u0142owi jako\u015bci\u0105 wykonania. Samoch\u00f3d Carrera jest indywidualnie kodowany, sterowany cyfrowo i zapewnia prawdziw\u0105 przyjemno\u015b\u0107 z jazdy.Samochody serii DIGITAL 132 wykonane zosta\u0142y w skali 1:32. Posiadaj\u0105 niesamowite osi\u0105gi: rzeczywiste przyspieszenia i hamowania. Wi\u0119kszo\u015b\u0107 wyposa\u017cona jest w dzia\u0142aj\u0105ce przednie i tylne \u015bwiat\u0142a. Seria DIGITAL 132  to samochody cyfrowo kontrolowane i indywidualnie kodowane, co umo\u017cliwia jednoczesne poruszanie si\u0119 a\u017c 4 aut na jednym torze jazdy (w jednym rowku). Wysokiej klasy, oryginalne wy\u015bcig\u00f3wki zosta\u0142y wyprodukowane w technice tampodruku z ogromn\u0105 dba\u0142o\u015bci\u0105 o szczeg\u00f3\u0142y. Wszystkie samochody tej serii przemieszczaj\u0105 si\u0119 na specjalnie skonstruowanych prowadnicach, mocowanych do zawieszenia.Samoch\u00f3d wyposa\u017cony zosta\u0142 w przednie i tylne o\u015bwietlenie ksenonowe.<\/p>\n<h2>Carrera Digital 132 Chevrolet Dekon Monza No.1 (30850) Carrera<\/h2>\n<p>gad\u017cety dla nastolatka, aneta, akademia pana kleksa test do druku, mapa europy do druku<\/p>\n<p>yyyyy<\/p>\n<p>&nbsp;<\/p>\n","protected":false},"excerpt":{"rendered":"<p>W latach 70. mi\u0119dzynarodowe sporty motorowe by\u0142y zdominowane g\u0142\u00f3wnie przez niemieckich producent\u00f3w i ich samochody. Dlatego te\u017c Chevrolet postanowi\u0142 stworzy\u0107 samoch\u00f3d wy\u015bcigowy, kt\u00f3ry mia\u0142 ponownie wzmocni\u0107 ameryka\u0144skie wp\u0142ywy w zawodach samochodowych. Jako baz\u0119 wykorzystano zwyk\u0142\u0105 drogow\u0105 wersj\u0119 modelu Chevrolet Monza, przeprojektowan\u0105 na model wy\u015bcigowy i wyprodukowan\u0105 przez DeKon Engineering. W zwi\u0105zku z jubileuszem 200-lecia Stan\u00f3w [&hellip;]<\/p>\n","protected":false},"featured_media":11441,"comment_status":"closed","ping_status":"open","template":"","meta":[],"product_cat":[140,303],"product_tag":[680,853,627],"class_list":["post-11440","product","type-product","status-publish","has-post-thumbnail","hentry","product_cat-carrera","product_cat-kolekcjonerskie-modele-pojazdow","product_tag-cytaty-z-malego-ksiecia","product_tag-kolorowanki-do-druku-dla-doroslych","product_tag-quiz-dzieci-z-bullerbyn"],"_links":{"self":[{"href":"http:\/\/klubmamgdynia.pl\/index.php\/wp-json\/wp\/v2\/product\/11440","targetHints":{"allow":["GET"]}}],"collection":[{"href":"http:\/\/klubmamgdynia.pl\/index.php\/wp-json\/wp\/v2\/product"}],"about":[{"href":"http:\/\/klubmamgdynia.pl\/index.php\/wp-json\/wp\/v2\/types\/product"}],"replies":[{"embeddable":true,"href":"http:\/\/klubmamgdynia.pl\/index.php\/wp-json\/wp\/v2\/comments?post=11440"}],"wp:featuredmedia":[{"embeddable":true,"href":"http:\/\/klubmamgdynia.pl\/index.php\/wp-json\/wp\/v2\/media\/11441"}],"wp:attachment":[{"href":"http:\/\/klubmamgdynia.pl\/index.php\/wp-json\/wp\/v2\/media?parent=11440"}],"wp:term":[{"taxonomy":"product_cat","embeddable":true,"href":"http:\/\/klubmamgdynia.pl\/index.php\/wp-json\/wp\/v2\/product_cat?post=11440"},{"taxonomy":"product_tag","embeddable":true,"href":"http:\/\/klubmamgdynia.pl\/index.php\/wp-json\/wp\/v2\/product_tag?post=11440"}],"curies":[{"name":"wp","href":"https:\/\/api.w.org\/{rel}","templated":true}]}}