{"id":11446,"date":"2015-04-13T19:04:03","date_gmt":"2015-04-13T17:04:03","guid":{"rendered":"http:\/\/klubmamgdynia.pl\/index.php\/produkt\/barbie-lalka-brunetka-kariera-niespodzianka-glh63\/"},"modified":"2026-04-14T07:08:04","modified_gmt":"2026-04-14T05:08:04","slug":"barbie-lalka-brunetka-kariera-niespodzianka-glh63","status":"publish","type":"product","link":"http:\/\/klubmamgdynia.pl\/index.php\/produkt\/barbie-lalka-brunetka-kariera-niespodzianka-glh63\/","title":{"rendered":"Barbie Lalka brunetka Kariera-niespodzianka GLH63"},"content":{"rendered":"<p>BARBIE LALKA KARIERA NIESPODZIANKA UBRANKA<br \/>\nTego jeszcze nie by\u0142o &#8211; zestaw niespodzianka z linii Kariera Barbie do rozpakowywania niespodzianek!\u00a0Zestaw zawiera lalk\u0119 Barbie w modnym stroju oraz tajemniczy zestaw ubranek i akcesori\u00f3w zwi\u0105zanych tematycznie z zawodami.                            <\/p>\n<p>Dzieci otwieraj\u0105 pude\u0142ko i odkrywaj\u0105, na kt\u00f3re dwie \u015bcie\u017cki kariery natrafi\u0142y! Czy Twoja Barbie b\u0119dzie malark\u0105, sportowcem czy muzykiem?                            <\/p>\n<p>Wygl\u0105d kariery jest ukryty w \u015brodku &#8211; cztery przegr\u00f3dki w pude\u0142ku mieszcz\u0105 r\u00f3\u017cne elementy, zapewniaj\u0105c tyle rado\u015bci z rozpakowywania!                            <\/p>\n<p>W zestawie- lalka Barbie- 8 niespodzianek: ubranka i akcesoria<\/p>\n<h2>Barbie Lalka brunetka Kariera-niespodzianka GLH63 Barbie<\/h2>\n<p>wycinanki dla dzieci do druku, szablony papierowe lalki do ubierania do wydruku, zagadki rymowanki dla dzieci, smieszne zagadki, trudne zagadki, karyna, weso\u0142e pisanki tekst piosenki, \u015bmigus dyngus lany poniedzia\u0142ek zyczenia, zagadki o zawodach, urodziny dziecka pomys\u0142y, \u0142atwe laurki, kolorowanka uk\u0142ad s\u0142oneczny dla dzieci do druku, teksty ko\u0142ysanek, marcel znaczenie imienia, kolysanki tekst, bajka psi patrol do czytania, opisy do zdj\u0119\u0107 z dzieckiem<\/p>\n<p>yyyyy<\/p>\n<p>&nbsp;<\/p>\n","protected":false},"excerpt":{"rendered":"<p>BARBIE LALKA KARIERA NIESPODZIANKA UBRANKA Tego jeszcze nie by\u0142o &#8211; zestaw niespodzianka z linii Kariera Barbie do rozpakowywania niespodzianek!\u00a0Zestaw zawiera lalk\u0119 Barbie w modnym stroju oraz tajemniczy zestaw ubranek i akcesori\u00f3w zwi\u0105zanych tematycznie z zawodami. Dzieci otwieraj\u0105 pude\u0142ko i odkrywaj\u0105, na kt\u00f3re dwie \u015bcie\u017cki kariery natrafi\u0142y! Czy Twoja Barbie b\u0119dzie malark\u0105, sportowcem czy muzykiem? Wygl\u0105d [&hellip;]<\/p>\n","protected":false},"featured_media":11447,"comment_status":"closed","ping_status":"open","template":"","meta":[],"product_cat":[173,65],"product_tag":[844,610,596,601],"class_list":["post-11446","product","type-product","status-publish","has-post-thumbnail","hentry","product_cat-barbie","product_cat-lalki","product_tag-co-kupic-na-roczek","product_tag-co-na-prezent-dla-nastolatkow","product_tag-pomysly-na-prima-aprilis","product_tag-zagadki-co-to-jest"],"_links":{"self":[{"href":"http:\/\/klubmamgdynia.pl\/index.php\/wp-json\/wp\/v2\/product\/11446","targetHints":{"allow":["GET"]}}],"collection":[{"href":"http:\/\/klubmamgdynia.pl\/index.php\/wp-json\/wp\/v2\/product"}],"about":[{"href":"http:\/\/klubmamgdynia.pl\/index.php\/wp-json\/wp\/v2\/types\/product"}],"replies":[{"embeddable":true,"href":"http:\/\/klubmamgdynia.pl\/index.php\/wp-json\/wp\/v2\/comments?post=11446"}],"wp:featuredmedia":[{"embeddable":true,"href":"http:\/\/klubmamgdynia.pl\/index.php\/wp-json\/wp\/v2\/media\/11447"}],"wp:attachment":[{"href":"http:\/\/klubmamgdynia.pl\/index.php\/wp-json\/wp\/v2\/media?parent=11446"}],"wp:term":[{"taxonomy":"product_cat","embeddable":true,"href":"http:\/\/klubmamgdynia.pl\/index.php\/wp-json\/wp\/v2\/product_cat?post=11446"},{"taxonomy":"product_tag","embeddable":true,"href":"http:\/\/klubmamgdynia.pl\/index.php\/wp-json\/wp\/v2\/product_tag?post=11446"}],"curies":[{"name":"wp","href":"https:\/\/api.w.org\/{rel}","templated":true}]}}