{"id":11448,"date":"2023-05-19T15:16:01","date_gmt":"2023-05-19T13:16:01","guid":{"rendered":"http:\/\/klubmamgdynia.pl\/?post_type=product&#038;p=11448"},"modified":"2026-04-30T20:26:19","modified_gmt":"2026-04-30T18:26:19","slug":"hot-wheels-wystrzalowa-rakieta-zestaw-z-promem-kosmicznym-gtt75","status":"publish","type":"product","link":"http:\/\/klubmamgdynia.pl\/index.php\/produkt\/hot-wheels-wystrzalowa-rakieta-zestaw-z-promem-kosmicznym-gtt75\/","title":{"rendered":"Hot Wheels \u2013 Wystrza\u0142owa rakieta \u2013 Zestaw z promem kosmicznym GTT75"},"content":{"rendered":"<p>Hot Wheels City Wystrza\u0142owa Rakieta<br \/>\nZ zestawem Hot Wheels Wystrza\u0142owa Rakieta na dziecko czeka przygoda nie z tego \u015bwiata! Przed startem mo\u017cna sprawdzi\u0107 wszystkie systemy za pomoc\u0105 robotycznych ramion i po\u0107wiczy\u0107 w kabinie antygrawitacyjnej. Potem u\u017cywaj\u0105c wyrzutni, dzieci b\u0119d\u0105 wysy\u0142a\u0107 pojazdy przez p\u0119tl\u0119 do promu, kt\u00f3ry natychmiast startuje w przestrze\u0144 kosmiczn\u0105. Kiedy statek kosmiczny wraca, wyrzuca samoch\u00f3d na ramp\u0119, kt\u00f3ra prowadzi do nast\u0119pnej misji.                            <\/p>\n<p>Mo\u017cliwo\u015b\u0107 \u0142\u0105czenia z innymi zestawami<br \/>\nTen pe\u0142en akcji zestaw zawiera jeden samoch\u00f3d Hot Wheels w skali 1:64 i jest idealny dla dzieci w wieku od 4 do 8 lat. Zestaw \u0142\u0105czy si\u0119 tak\u017ce z innymi zestawami Hot Wheels City za pomoc\u0105 nowego systemu i jest kompatybilny z pomara\u0144czowym torem. Inne zestawy sprzedawane oddzielnie.                            <\/p>\n<p>Zawarto\u015b\u0107 zestawu<br \/>\nW zestawie znajduje si\u0119 tor z wyrzutni\u0105, p\u0119tl\u0105 i promem kosmicznym, samochodzik Hot Wheels oraz instrukcja.<\/p>\n<h2>Hot Wheels \u2013 Wystrza\u0142owa rakieta \u2013 Zestaw z promem kosmicznym GTT75 Hot Wheels<\/h2>\n<p>darmowe kolorowanki do druku, kolorowanki na dzie\u0144 niepodleg\u0142o\u015bci do wydruku, przys\u0142owia o rodzinie, \u0142amig\u0142\u00f3wki do druku, m\u00f3j przyjaciel mi\u015b scenariusz zaj\u0119\u0107 w przedszkolu<\/p>\n<p>yyyyy<\/p>\n<p>&nbsp;<\/p>\n","protected":false},"excerpt":{"rendered":"<p>Hot Wheels City Wystrza\u0142owa Rakieta Z zestawem Hot Wheels Wystrza\u0142owa Rakieta na dziecko czeka przygoda nie z tego \u015bwiata! Przed startem mo\u017cna sprawdzi\u0107 wszystkie systemy za pomoc\u0105 robotycznych ramion i po\u0107wiczy\u0107 w kabinie antygrawitacyjnej. Potem u\u017cywaj\u0105c wyrzutni, dzieci b\u0119d\u0105 wysy\u0142a\u0107 pojazdy przez p\u0119tl\u0119 do promu, kt\u00f3ry natychmiast startuje w przestrze\u0144 kosmiczn\u0105. Kiedy statek kosmiczny wraca, [&hellip;]<\/p>\n","protected":false},"featured_media":11449,"comment_status":"closed","ping_status":"open","template":"","meta":[],"product_cat":[150,141],"product_tag":[784,639,620,830,873],"class_list":["post-11448","product","type-product","status-publish","has-post-thumbnail","hentry","product_cat-hot-wheels","product_cat-parkingi-garaze-i-tory-wyscigowe","product_tag-hymn-gorniczy","product_tag-nela-imie","product_tag-quiz-opowiesci-z-narnii","product_tag-rodzina-cytaty","product_tag-zagadki-z-odpowiedziami-dla-dzieci"],"_links":{"self":[{"href":"http:\/\/klubmamgdynia.pl\/index.php\/wp-json\/wp\/v2\/product\/11448","targetHints":{"allow":["GET"]}}],"collection":[{"href":"http:\/\/klubmamgdynia.pl\/index.php\/wp-json\/wp\/v2\/product"}],"about":[{"href":"http:\/\/klubmamgdynia.pl\/index.php\/wp-json\/wp\/v2\/types\/product"}],"replies":[{"embeddable":true,"href":"http:\/\/klubmamgdynia.pl\/index.php\/wp-json\/wp\/v2\/comments?post=11448"}],"wp:featuredmedia":[{"embeddable":true,"href":"http:\/\/klubmamgdynia.pl\/index.php\/wp-json\/wp\/v2\/media\/11449"}],"wp:attachment":[{"href":"http:\/\/klubmamgdynia.pl\/index.php\/wp-json\/wp\/v2\/media?parent=11448"}],"wp:term":[{"taxonomy":"product_cat","embeddable":true,"href":"http:\/\/klubmamgdynia.pl\/index.php\/wp-json\/wp\/v2\/product_cat?post=11448"},{"taxonomy":"product_tag","embeddable":true,"href":"http:\/\/klubmamgdynia.pl\/index.php\/wp-json\/wp\/v2\/product_tag?post=11448"}],"curies":[{"name":"wp","href":"https:\/\/api.w.org\/{rel}","templated":true}]}}