{"id":11456,"date":"2021-04-18T18:26:42","date_gmt":"2021-04-18T16:26:42","guid":{"rendered":"http:\/\/klubmamgdynia.pl\/index.php\/produkt\/barbie-kolekcjonerska-inspiring-woman-helen-keller-gtj78\/"},"modified":"2026-04-30T13:54:41","modified_gmt":"2026-04-30T11:54:41","slug":"barbie-kolekcjonerska-inspiring-woman-helen-keller-gtj78","status":"publish","type":"product","link":"http:\/\/klubmamgdynia.pl\/index.php\/produkt\/barbie-kolekcjonerska-inspiring-woman-helen-keller-gtj78\/","title":{"rendered":"Barbie kolekcjonerska Inspiring Woman Helen Keller GTJ78"},"content":{"rendered":"<p>Barbie docenia wszystkie inspiruj\u0105ce kobiety. Seria Inspiring Women stanowi ho\u0142d dla niesamowitych bohaterek z r\u00f3\u017cnych moment\u00f3w historii odwa\u017cnych kobiet, kt\u00f3re nie ba\u0142y si\u0119 ryzykowa\u0107 i zmienia\u0107 zasad, czym utorowa\u0142y drog\u0119 dla pokole\u0144 dziewczynek, by mog\u0142y marzy\u0107 i by\u0107, kim chc\u0105.                            <\/p>\n<p>Helen Keller jako pierwsza osoba g\u0142uchoniewidoma uzyska\u0142a tytu\u0142 Bachelor of Arts, a nast\u0119pnie zdoby\u0142a niezliczone wyr\u00f3\u017cnienia, staj\u0105c si\u0119 szanowan\u0105 autork\u0105, m\u00f3wczyni\u0105, pedago\u017ck\u0105 i dzia\u0142aczk\u0105 spo\u0142eczn\u0105 na rzecz os\u00f3b niewidomych, nies\u0142ysz\u0105cych i g\u0142uchoniewidomych.                            <\/p>\n<p>Barbie oddaje ho\u0142d odwadze i determinacji Helen Keller, prezentuj\u0105c kolekcjonersk\u0105 lalk\u0119 Barbie inspirowan\u0105 t\u0105 niezwyk\u0142\u0105 kobiet\u0105. Lalka Barbie Helen Keller z mo\u017cliwo\u015bci\u0105 ustawiania w r\u00f3\u017cnych pozach jest ubrana w str\u00f3j inspirowany okresem studenckim Helen z pocz\u0105tku XX wieku, a do tego ma ksi\u0105\u017ck\u0119 z literami Braillea na ok\u0142adce.<\/p>\n<h2>Barbie kolekcjonerska Inspiring Woman Helen Keller GTJ78 Barbie<\/h2>\n<p>bajki na dobranoc psi patrol, jak narysowa\u0107 cz\u0142owieka, kolorowe kanapki kanapki dla dzieci, zimowe zabawy dla dzieci, s\u0142owa do przyjaciela, malowanki dla dzieci do druku, kolorowanki lol do druku, quiz minecraft<\/p>\n<p>yyyyy<\/p>\n<p>&nbsp;<\/p>\n","protected":false},"excerpt":{"rendered":"<p>Barbie docenia wszystkie inspiruj\u0105ce kobiety. Seria Inspiring Women stanowi ho\u0142d dla niesamowitych bohaterek z r\u00f3\u017cnych moment\u00f3w historii odwa\u017cnych kobiet, kt\u00f3re nie ba\u0142y si\u0119 ryzykowa\u0107 i zmienia\u0107 zasad, czym utorowa\u0142y drog\u0119 dla pokole\u0144 dziewczynek, by mog\u0142y marzy\u0107 i by\u0107, kim chc\u0105. Helen Keller jako pierwsza osoba g\u0142uchoniewidoma uzyska\u0142a tytu\u0142 Bachelor of Arts, a nast\u0119pnie zdoby\u0142a niezliczone [&hellip;]<\/p>\n","protected":false},"featured_media":11457,"comment_status":"closed","ping_status":"open","template":"","meta":[],"product_cat":[173,65],"product_tag":[580,830,629,782,721],"class_list":["post-11456","product","type-product","status-publish","has-post-thumbnail","hentry","product_cat-barbie","product_cat-lalki","product_tag-janusz","product_tag-rodzina-cytaty","product_tag-smieszne-zagadki-z-odpowiedziami","product_tag-zagadki-dla-dzieci-z-odpowiedziami","product_tag-zagadki-matematyczne"],"_links":{"self":[{"href":"http:\/\/klubmamgdynia.pl\/index.php\/wp-json\/wp\/v2\/product\/11456","targetHints":{"allow":["GET"]}}],"collection":[{"href":"http:\/\/klubmamgdynia.pl\/index.php\/wp-json\/wp\/v2\/product"}],"about":[{"href":"http:\/\/klubmamgdynia.pl\/index.php\/wp-json\/wp\/v2\/types\/product"}],"replies":[{"embeddable":true,"href":"http:\/\/klubmamgdynia.pl\/index.php\/wp-json\/wp\/v2\/comments?post=11456"}],"wp:featuredmedia":[{"embeddable":true,"href":"http:\/\/klubmamgdynia.pl\/index.php\/wp-json\/wp\/v2\/media\/11457"}],"wp:attachment":[{"href":"http:\/\/klubmamgdynia.pl\/index.php\/wp-json\/wp\/v2\/media?parent=11456"}],"wp:term":[{"taxonomy":"product_cat","embeddable":true,"href":"http:\/\/klubmamgdynia.pl\/index.php\/wp-json\/wp\/v2\/product_cat?post=11456"},{"taxonomy":"product_tag","embeddable":true,"href":"http:\/\/klubmamgdynia.pl\/index.php\/wp-json\/wp\/v2\/product_tag?post=11456"}],"curies":[{"name":"wp","href":"https:\/\/api.w.org\/{rel}","templated":true}]}}