{"id":11460,"date":"2024-07-18T11:08:14","date_gmt":"2024-07-18T09:08:14","guid":{"rendered":"http:\/\/klubmamgdynia.pl\/?post_type=product&#038;p=11460"},"modified":"2026-04-08T12:32:44","modified_gmt":"2026-04-08T10:32:44","slug":"mega-creative-domek-akc-47x32x13-wb-6-12","status":"publish","type":"product","link":"http:\/\/klubmamgdynia.pl\/index.php\/produkt\/mega-creative-domek-akc-47x32x13-wb-6-12\/","title":{"rendered":"Mega Creative Domek Akc 47x32x13 Wb 6\/12"},"content":{"rendered":"<p>Zalety produktu: rozwija kreatywno\u015b\u0107 dziecka, domek schowany w eleganckiej, r\u00f3\u017cowej torebce. Ma\u0142e dziewczynki uwielbiaj\u0105 bawi\u0107 si\u0119 w domek z lalkami lub figurkami. Zabawa Domkiem MEGA CREATIVE przeniesie Twoj\u0105 pociech\u0119 w prawdziwy \u015bwiat Ba\u015bni Zawarto\u015b\u0107 zestawu: torebka z domkiem w \u015brodku, laleczka w sukience, mebelki do urz\u0105dzenia domu. Wymiary\/waga\/baterie: wymiary produktu d\u0142. x wys. x g\u0142. cm : 25x25x11, wymiary opakowania d\u0142. x wys.x g\u0142. cm : 47x32x13, waga produktu bez opakowania kg : 0,69 kg, waga produktu w opakowaniu kg : 1,31 kg, nie wymaga zasilania bateriami. Zabawka przeznaczona dla dzieci w wieku: 3 . Pakowana w kartonik z okienkiem. W kartonie zbiorczym po 6 szt.<\/p>\n<h2>Mega Creative Domek Akc 47x32x13 Wb 6\/12 Mega Creative<\/h2>\n<p>cytaty ma\u0142y ksi\u0105\u017ce, wzory zaprosze\u0144 zaproszenie na urodziny do druku pdf, pomys\u0142y na pakowanie prezent\u00f3w, wzory dyplom\u00f3w do pobrania, oskar imi\u0119, zabawy urodzinowe dla dzieci, gdzie strumyk p\u0142ynie z wolna tekst, zagadki halloween dla dzieci, milosc do dzieci, bal halloween dla dzieci 2021<\/p>\n<p>yyyyy<\/p>\n<p>&nbsp;<\/p>\n","protected":false},"excerpt":{"rendered":"<p>Zalety produktu: rozwija kreatywno\u015b\u0107 dziecka, domek schowany w eleganckiej, r\u00f3\u017cowej torebce. Ma\u0142e dziewczynki uwielbiaj\u0105 bawi\u0107 si\u0119 w domek z lalkami lub figurkami. Zabawa Domkiem MEGA CREATIVE przeniesie Twoj\u0105 pociech\u0119 w prawdziwy \u015bwiat Ba\u015bni Zawarto\u015b\u0107 zestawu: torebka z domkiem w \u015brodku, laleczka w sukience, mebelki do urz\u0105dzenia domu. Wymiary\/waga\/baterie: wymiary produktu d\u0142. x wys. x g\u0142. [&hellip;]<\/p>\n","protected":false},"featured_media":11461,"comment_status":"closed","ping_status":"open","template":"","meta":[],"product_cat":[172,64],"product_tag":[808,729,858,609,788,725],"class_list":["post-11460","product","type-product","status-publish","has-post-thumbnail","hentry","product_cat-akcesoria-dla-lalek","product_cat-mega-creative","product_tag-imie-mia","product_tag-madre-bajki-dla-dzieci-do-czytania","product_tag-podchwytliwe-zagadki","product_tag-quiz-flagi-europy","product_tag-zagadki-krotkie","product_tag-zgadywanki"],"_links":{"self":[{"href":"http:\/\/klubmamgdynia.pl\/index.php\/wp-json\/wp\/v2\/product\/11460","targetHints":{"allow":["GET"]}}],"collection":[{"href":"http:\/\/klubmamgdynia.pl\/index.php\/wp-json\/wp\/v2\/product"}],"about":[{"href":"http:\/\/klubmamgdynia.pl\/index.php\/wp-json\/wp\/v2\/types\/product"}],"replies":[{"embeddable":true,"href":"http:\/\/klubmamgdynia.pl\/index.php\/wp-json\/wp\/v2\/comments?post=11460"}],"wp:featuredmedia":[{"embeddable":true,"href":"http:\/\/klubmamgdynia.pl\/index.php\/wp-json\/wp\/v2\/media\/11461"}],"wp:attachment":[{"href":"http:\/\/klubmamgdynia.pl\/index.php\/wp-json\/wp\/v2\/media?parent=11460"}],"wp:term":[{"taxonomy":"product_cat","embeddable":true,"href":"http:\/\/klubmamgdynia.pl\/index.php\/wp-json\/wp\/v2\/product_cat?post=11460"},{"taxonomy":"product_tag","embeddable":true,"href":"http:\/\/klubmamgdynia.pl\/index.php\/wp-json\/wp\/v2\/product_tag?post=11460"}],"curies":[{"name":"wp","href":"https:\/\/api.w.org\/{rel}","templated":true}]}}